{"id":9240,"date":"2026-03-19T11:42:46","date_gmt":"2026-03-19T10:42:46","guid":{"rendered":"https:\/\/www.aloebase.com\/?post_type=product&#038;p=9240"},"modified":"2026-05-04T13:37:20","modified_gmt":"2026-05-04T11:37:20","slug":"olivenoel-seife","status":"publish","type":"product","link":"http:\/\/www.aloebase.com\/en\/product\/olivenoel-seife\/","title":{"rendered":"Olive oil soap"},"content":{"rendered":"<p data-start=\"89\" data-end=\"365\">Handgefertigte Naturseife im Kaltverfahren aus reinem, nativem Oliven\u00f6l extra. Schonend hergestellt, um die nat\u00fcrlichen Eigenschaften des Oliven\u00f6ls zu bewahren, entsteht eine besonders milde, hautfreundliche Seife \u2013 reduziert auf das Wesentliche: rein, nat\u00fcrlich, authentisch.<\/p>\n<p data-start=\"367\" data-end=\"625\">Oliven\u00f6l ist seit Jahrhunderten fester Bestandteil mediterraner Hautpflege und bekannt f\u00fcr seine pflegenden und sch\u00fctzenden Eigenschaften. Es reinigt die Haut sanft, unterst\u00fctzt ihre nat\u00fcrliche Feuchtigkeitsbalance und sorgt f\u00fcr ein geschmeidiges Hautgef\u00fchl.<\/p>\n<p data-start=\"627\" data-end=\"741\">Ideal f\u00fcr empfindliche, trockene und sensible Haut sowie f\u00fcr die t\u00e4gliche Anwendung an Gesicht, H\u00e4nden und K\u00f6rper.<\/p>\n<p data-start=\"743\" data-end=\"801\"><strong data-start=\"743\" data-end=\"756\">Quality:<\/strong> kaltger\u00fchrt \u00b7 handgefertigt \u00b7 ohne Zus\u00e4tze<\/p>\n<p data-start=\"803\" data-end=\"861\"><strong data-start=\"803\" data-end=\"820\">Inhaltsstoff:<\/strong> natives Oliven\u00f6l extra (kalt gepresst)<\/p>","protected":false},"excerpt":{"rendered":"<p data-start=\"40\" data-end=\"201\">Handgefertigte Oliven\u00f6lseife im Kaltverfahren, besonders mild und hautfreundlich, reduziert auf 100 % reine Nat\u00fcrlichkeit.<\/p>","protected":false},"featured_media":9501,"template":"","meta":{"_seopress_robots_primary_cat":"none","_seopress_titles_title":"","_seopress_titles_desc":"","_seopress_robots_index":""},"product_brand":[],"product_cat":[121,16],"product_tag":[],"class_list":{"0":"post-9240","1":"product","2":"type-product","3":"status-publish","4":"has-post-thumbnail","6":"product_cat-skin-and-beauty","7":"product_cat-unkategorisiert","9":"first","10":"instock","11":"taxable","12":"shipping-taxable","13":"purchasable","14":"product-type-simple"},"_links":{"self":[{"href":"http:\/\/www.aloebase.com\/en\/wp-json\/wp\/v2\/product\/9240","targetHints":{"allow":["GET"]}}],"collection":[{"href":"http:\/\/www.aloebase.com\/en\/wp-json\/wp\/v2\/product"}],"about":[{"href":"http:\/\/www.aloebase.com\/en\/wp-json\/wp\/v2\/types\/product"}],"version-history":[{"count":2,"href":"http:\/\/www.aloebase.com\/en\/wp-json\/wp\/v2\/product\/9240\/revisions"}],"predecessor-version":[{"id":9377,"href":"http:\/\/www.aloebase.com\/en\/wp-json\/wp\/v2\/product\/9240\/revisions\/9377"}],"wp:featuredmedia":[{"embeddable":true,"href":"http:\/\/www.aloebase.com\/en\/wp-json\/wp\/v2\/media\/9501"}],"wp:attachment":[{"href":"http:\/\/www.aloebase.com\/en\/wp-json\/wp\/v2\/media?parent=9240"}],"wp:term":[{"taxonomy":"product_brand","embeddable":true,"href":"http:\/\/www.aloebase.com\/en\/wp-json\/wp\/v2\/product_brand?post=9240"},{"taxonomy":"product_cat","embeddable":true,"href":"http:\/\/www.aloebase.com\/en\/wp-json\/wp\/v2\/product_cat?post=9240"},{"taxonomy":"product_tag","embeddable":true,"href":"http:\/\/www.aloebase.com\/en\/wp-json\/wp\/v2\/product_tag?post=9240"}],"curies":[{"name":"wp","href":"https:\/\/api.w.org\/{rel}","templated":true}]}}