{"id":2871,"date":"2022-10-04T15:17:41","date_gmt":"2022-10-04T13:17:41","guid":{"rendered":"https:\/\/www.aloebase.com\/?page_id=2871"},"modified":"2023-03-12T01:23:58","modified_gmt":"2023-03-12T00:23:58","slug":"marika-sokol","status":"publish","type":"page","link":"https:\/\/www.aloebase.com\/cs\/marika-sokol\/","title":{"rendered":"Marika Sokol"},"content":{"rendered":"<div data-elementor-type=\"wp-page\" data-elementor-id=\"2871\" class=\"elementor elementor-2871\" data-elementor-post-type=\"page\">\n\t\t\t\t\t\t<section class=\"has_eae_slider elementor-section elementor-top-section elementor-element elementor-element-9b1afb8 elementor-section-boxed elementor-section-height-default elementor-section-height-default\" data-eae-slider=\"48005\" data-id=\"9b1afb8\" data-element_type=\"section\" data-e-type=\"section\">\n\t\t\t\t\t\t<div class=\"elementor-container elementor-column-gap-default\">\n\t\t\t\t\t<div class=\"has_eae_slider elementor-column elementor-col-50 elementor-top-column elementor-element elementor-element-4894d91\" data-eae-slider=\"95939\" data-id=\"4894d91\" data-element_type=\"column\" data-e-type=\"column\">\n\t\t\t<div class=\"elementor-widget-wrap elementor-element-populated\">\n\t\t\t\t\t\t<div class=\"elementor-element elementor-element-04e6b7a elementor-widget elementor-widget-spacer\" data-id=\"04e6b7a\" data-element_type=\"widget\" data-e-type=\"widget\" data-widget_type=\"spacer.default\">\n\t\t\t\t<div class=\"elementor-widget-container\">\n\t\t\t\t\t\t\t<div class=\"elementor-spacer\">\n\t\t\t<div class=\"elementor-spacer-inner\"><\/div>\n\t\t<\/div>\n\t\t\t\t\t\t<\/div>\n\t\t\t\t<\/div>\n\t\t\t\t<div class=\"elementor-element elementor-element-a551add elementor-widget elementor-widget-heading\" data-id=\"a551add\" data-element_type=\"widget\" data-e-type=\"widget\" data-widget_type=\"heading.default\">\n\t\t\t\t<div class=\"elementor-widget-container\">\n\t\t\t\t\t<h2 class=\"elementor-heading-title elementor-size-default\">MARIKA SOKOL<\/h2>\t\t\t\t<\/div>\n\t\t\t\t<\/div>\n\t\t\t\t\t<\/div>\n\t\t<\/div>\n\t\t\t\t<div class=\"has_eae_slider elementor-column elementor-col-50 elementor-top-column elementor-element elementor-element-29bd451\" data-eae-slider=\"74578\" data-id=\"29bd451\" data-element_type=\"column\" data-e-type=\"column\">\n\t\t\t<div class=\"elementor-widget-wrap elementor-element-populated\">\n\t\t\t\t\t\t<div class=\"elementor-element elementor-element-2f7d434 elementor-widget elementor-widget-spacer\" data-id=\"2f7d434\" data-element_type=\"widget\" data-e-type=\"widget\" data-widget_type=\"spacer.default\">\n\t\t\t\t<div class=\"elementor-widget-container\">\n\t\t\t\t\t\t\t<div class=\"elementor-spacer\">\n\t\t\t<div class=\"elementor-spacer-inner\"><\/div>\n\t\t<\/div>\n\t\t\t\t\t\t<\/div>\n\t\t\t\t<\/div>\n\t\t\t\t\t<\/div>\n\t\t<\/div>\n\t\t\t\t\t<\/div>\n\t\t<\/section>\n\t\t\t\t<section class=\"has_eae_slider elementor-section elementor-top-section elementor-element elementor-element-715a52d elementor-section-height-min-height elementor-section-items-stretch elementor-section-content-middle elementor-section-boxed elementor-section-height-default\" data-eae-slider=\"82496\" data-id=\"715a52d\" data-element_type=\"section\" data-e-type=\"section\">\n\t\t\t\t\t\t<div class=\"elementor-container elementor-column-gap-no\">\n\t\t\t\t\t<div class=\"has_eae_slider elementor-column elementor-col-50 elementor-top-column elementor-element elementor-element-fc80152\" data-eae-slider=\"50041\" data-id=\"fc80152\" data-element_type=\"column\" data-e-type=\"column\" data-settings=\"{&quot;background_background&quot;:&quot;classic&quot;}\">\n\t\t\t<div class=\"elementor-widget-wrap elementor-element-populated\">\n\t\t\t\t\t<div class=\"elementor-background-overlay\"><\/div>\n\t\t\t\t\t\t<div class=\"elementor-element elementor-element-e01364d elementor-widget elementor-widget-image\" data-id=\"e01364d\" data-element_type=\"widget\" data-e-type=\"widget\" data-widget_type=\"image.default\">\n\t\t\t\t<div class=\"elementor-widget-container\">\n\t\t\t\t\t\t\t\t\t\t\t\t\t\t\t<img fetchpriority=\"high\" decoding=\"async\" width=\"800\" height=\"738\" src=\"https:\/\/www.aloebase.com\/wp-content\/uploads\/2022\/10\/SOKOL-Marika_JR3_3136_foto_Rasch-1024x945.jpg\" class=\"attachment-large size-large wp-image-2875\" alt=\"\" srcset=\"https:\/\/www.aloebase.com\/wp-content\/uploads\/2022\/10\/SOKOL-Marika_JR3_3136_foto_Rasch-1024x945.jpg 1024w, https:\/\/www.aloebase.com\/wp-content\/uploads\/2022\/10\/SOKOL-Marika_JR3_3136_foto_Rasch-400x369.jpg 400w, https:\/\/www.aloebase.com\/wp-content\/uploads\/2022\/10\/SOKOL-Marika_JR3_3136_foto_Rasch-600x554.jpg 600w, https:\/\/www.aloebase.com\/wp-content\/uploads\/2022\/10\/SOKOL-Marika_JR3_3136_foto_Rasch-300x277.jpg 300w, https:\/\/www.aloebase.com\/wp-content\/uploads\/2022\/10\/SOKOL-Marika_JR3_3136_foto_Rasch-768x709.jpg 768w, https:\/\/www.aloebase.com\/wp-content\/uploads\/2022\/10\/SOKOL-Marika_JR3_3136_foto_Rasch.jpg 1500w\" sizes=\"(max-width: 800px) 100vw, 800px\" \/>\t\t\t\t\t\t\t\t\t\t\t\t\t\t\t<\/div>\n\t\t\t\t<\/div>\n\t\t\t\t\t<\/div>\n\t\t<\/div>\n\t\t\t\t<div class=\"has_eae_slider elementor-column elementor-col-50 elementor-top-column elementor-element elementor-element-cb4fdfa\" data-eae-slider=\"63657\" data-id=\"cb4fdfa\" data-element_type=\"column\" data-e-type=\"column\">\n\t\t\t<div class=\"elementor-widget-wrap elementor-element-populated\">\n\t\t\t\t\t\t<div class=\"elementor-element elementor-element-5b11aae elementor-widget elementor-widget-spacer\" data-id=\"5b11aae\" data-element_type=\"widget\" data-e-type=\"widget\" data-widget_type=\"spacer.default\">\n\t\t\t\t<div class=\"elementor-widget-container\">\n\t\t\t\t\t\t\t<div class=\"elementor-spacer\">\n\t\t\t<div class=\"elementor-spacer-inner\"><\/div>\n\t\t<\/div>\n\t\t\t\t\t\t<\/div>\n\t\t\t\t<\/div>\n\t\t\t\t<div class=\"elementor-element elementor-element-4f4031b elementor-widget elementor-widget-heading\" data-id=\"4f4031b\" data-element_type=\"widget\" data-e-type=\"widget\" data-widget_type=\"heading.default\">\n\t\t\t\t<div class=\"elementor-widget-container\">\n\t\t\t\t\t<h2 class=\"elementor-heading-title elementor-size-default\">Zakladatel Aloe Base<\/h2>\t\t\t\t<\/div>\n\t\t\t\t<\/div>\n\t\t\t\t<div class=\"elementor-element elementor-element-6ac086f elementor-widget elementor-widget-text-editor\" data-id=\"6ac086f\" data-element_type=\"widget\" data-e-type=\"widget\" data-widget_type=\"text-editor.default\">\n\t\t\t\t<div class=\"elementor-widget-container\">\n\t\t\t\t\t\t\t\t\t<p>Po mnoha letech \u00fasp\u011b\u0161n\u00e9ho mana\u017eersk\u00e9ho p\u016fsoben\u00ed a n\u011bkolika nov\u00fdch firm\u00e1ch v jin\u00fdch odv\u011btv\u00edch cht\u011bla zakladatelka spole\u010dnosti Aloe Base Marika Sokolov\u00e1 zalo\u017eit zem\u011bd\u011blskou spole\u010dnost, kter\u00e1 by poskytovala univerz\u00e1ln\u00ed a zdrav\u00fd produkt, kter\u00fd by p\u0159i p\u011bstov\u00e1n\u00ed nepo\u0161kozoval \u017eivotn\u00ed prost\u0159ed\u00ed. Rostlina aloe vera je pro to ide\u00e1ln\u00ed.<\/p><p>Rostlina p\u011bstovan\u00e1 v proslun\u011bn\u00fdch oblastech, jako je \u0158ecko, poskytuje velk\u00e9 listy se spoustou vitam\u00edn\u016f a \u00fa\u010dinn\u00fdch l\u00e1tek, kter\u00e9 jsou pro n\u00e1s lidi zdrav\u00e9. A nepot\u0159ebuje \u017e\u00e1dn\u00e9 um\u011bl\u00e9 prost\u0159edky, aby se dob\u0159e vyv\u00edjela. Sta\u010d\u00ed slunce, dobr\u00e1 p\u016fda a voda z p\u0159\u00edrodn\u00edho m\u00edstn\u00edho zdroje. A zbytky list\u016f jsou p\u0159irozen\u011b biologicky rozlo\u017eiteln\u00e9.<\/p><p>Aby mohla Marika p\u011bstovat Aloe Base, musela str\u00e1vit mnoho let z\u00edsk\u00e1v\u00e1n\u00edm znalost\u00ed a dovednost\u00ed pot\u0159ebn\u00fdch k provozov\u00e1n\u00ed modern\u00edho a udr\u017eiteln\u00e9ho zem\u011bd\u011blsk\u00e9ho podniku. V roce 2022 se j\u00ed poda\u0159ilo sv\u016fj sen uskute\u010dnit.<\/p>\t\t\t\t\t\t\t\t<\/div>\n\t\t\t\t<\/div>\n\t\t\t\t<div class=\"elementor-element elementor-element-c6e7777 elementor-widget elementor-widget-spacer\" data-id=\"c6e7777\" data-element_type=\"widget\" data-e-type=\"widget\" data-widget_type=\"spacer.default\">\n\t\t\t\t<div class=\"elementor-widget-container\">\n\t\t\t\t\t\t\t<div class=\"elementor-spacer\">\n\t\t\t<div class=\"elementor-spacer-inner\"><\/div>\n\t\t<\/div>\n\t\t\t\t\t\t<\/div>\n\t\t\t\t<\/div>\n\t\t\t\t\t<\/div>\n\t\t<\/div>\n\t\t\t\t\t<\/div>\n\t\t<\/section>\n\t\t\t\t<section class=\"has_eae_slider elementor-section elementor-top-section elementor-element elementor-element-6ccec7b elementor-section-height-min-height elementor-section-items-stretch elementor-section-content-middle elementor-section-boxed elementor-section-height-default\" data-eae-slider=\"79393\" data-id=\"6ccec7b\" data-element_type=\"section\" data-e-type=\"section\">\n\t\t\t\t\t\t<div class=\"elementor-container elementor-column-gap-no\">\n\t\t\t\t\t<div class=\"has_eae_slider elementor-column elementor-col-50 elementor-top-column elementor-element elementor-element-935183d\" data-eae-slider=\"40922\" data-id=\"935183d\" data-element_type=\"column\" data-e-type=\"column\" data-settings=\"{&quot;background_background&quot;:&quot;classic&quot;}\">\n\t\t\t<div class=\"elementor-widget-wrap elementor-element-populated\">\n\t\t\t\t\t<div class=\"elementor-background-overlay\"><\/div>\n\t\t\t\t\t\t<div class=\"elementor-element elementor-element-d0dab73 elementor-widget elementor-widget-image\" data-id=\"d0dab73\" data-element_type=\"widget\" data-e-type=\"widget\" data-widget_type=\"image.default\">\n\t\t\t\t<div class=\"elementor-widget-container\">\n\t\t\t\t\t\t\t\t\t\t\t\t\t\t\t<img decoding=\"async\" width=\"800\" height=\"800\" src=\"https:\/\/www.aloebase.com\/wp-content\/uploads\/2022\/07\/ALOE-BASE-LOGO_transparent_PNG-1024x1024.png\" class=\"attachment-large size-large wp-image-1723\" alt=\"\" srcset=\"https:\/\/www.aloebase.com\/wp-content\/uploads\/2022\/07\/ALOE-BASE-LOGO_transparent_PNG-1024x1024.png 1024w, https:\/\/www.aloebase.com\/wp-content\/uploads\/2022\/07\/ALOE-BASE-LOGO_transparent_PNG-400x400.png 400w, https:\/\/www.aloebase.com\/wp-content\/uploads\/2022\/07\/ALOE-BASE-LOGO_transparent_PNG-100x100.png 100w, https:\/\/www.aloebase.com\/wp-content\/uploads\/2022\/07\/ALOE-BASE-LOGO_transparent_PNG-600x600.png 600w, https:\/\/www.aloebase.com\/wp-content\/uploads\/2022\/07\/elementor\/thumbs\/ALOE-BASE-LOGO_transparent_PNG-psfb8a0dgp18tqupps8xxwy6eu18204us7x5bwmego.png 300w, https:\/\/www.aloebase.com\/wp-content\/uploads\/2022\/07\/ALOE-BASE-LOGO_transparent_PNG-150x150.png 150w, https:\/\/www.aloebase.com\/wp-content\/uploads\/2022\/07\/ALOE-BASE-LOGO_transparent_PNG-768x768.png 768w, https:\/\/www.aloebase.com\/wp-content\/uploads\/2022\/07\/ALOE-BASE-LOGO_transparent_PNG.png 1500w\" sizes=\"(max-width: 800px) 100vw, 800px\" \/>\t\t\t\t\t\t\t\t\t\t\t\t\t\t\t<\/div>\n\t\t\t\t<\/div>\n\t\t\t\t\t<\/div>\n\t\t<\/div>\n\t\t\t\t<div class=\"has_eae_slider elementor-column elementor-col-50 elementor-top-column elementor-element elementor-element-feba6b7\" data-eae-slider=\"24586\" data-id=\"feba6b7\" data-element_type=\"column\" data-e-type=\"column\">\n\t\t\t<div class=\"elementor-widget-wrap elementor-element-populated\">\n\t\t\t\t\t\t<div class=\"elementor-element elementor-element-fe91dba elementor-widget elementor-widget-spacer\" data-id=\"fe91dba\" data-element_type=\"widget\" data-e-type=\"widget\" data-widget_type=\"spacer.default\">\n\t\t\t\t<div class=\"elementor-widget-container\">\n\t\t\t\t\t\t\t<div class=\"elementor-spacer\">\n\t\t\t<div class=\"elementor-spacer-inner\"><\/div>\n\t\t<\/div>\n\t\t\t\t\t\t<\/div>\n\t\t\t\t<\/div>\n\t\t\t\t<div class=\"elementor-element elementor-element-ba3bd97 elementor-widget elementor-widget-heading\" data-id=\"ba3bd97\" data-element_type=\"widget\" data-e-type=\"widget\" data-widget_type=\"heading.default\">\n\t\t\t\t<div class=\"elementor-widget-container\">\n\t\t\t\t\t<h2 class=\"elementor-heading-title elementor-size-default\">Aloe Base<\/h2>\t\t\t\t<\/div>\n\t\t\t\t<\/div>\n\t\t\t\t<div class=\"elementor-element elementor-element-48c21c1 elementor-widget elementor-widget-text-editor\" data-id=\"48c21c1\" data-element_type=\"widget\" data-e-type=\"widget\" data-widget_type=\"text-editor.default\">\n\t\t\t\t<div class=\"elementor-widget-container\">\n\t\t\t\t\t\t\t\t\t<p>Marika Sokolov\u00e1 zalo\u017eila spole\u010dnost Aloe Base, ve kter\u00e9 m\u016f\u017ee spojit v\u00fdhody tradi\u010dn\u00edho ru\u010dn\u00edho p\u011bstov\u00e1n\u00ed s v\u00fdhodami modern\u00edho zem\u011bd\u011blsk\u00e9ho dodavatelsk\u00e9ho \u0159et\u011bzce.<br \/><br \/>Marika m\u00e1 dal\u0161\u00ed pl\u00e1ny, kter\u00e9 budeme realizovat v p\u0159\u00ed\u0161t\u00edch letech, abyste z \u00fa\u010dink\u016f list\u016f aloe vera mohli t\u011b\u017eit je\u0161t\u011b v\u00edce.<\/p><p>Jsme pot\u011b\u0161eni, \u017ee v\u00e1m m\u016f\u017eeme dod\u00e1vat tento \u00fa\u017easn\u00fd p\u0159\u00edrodn\u00ed produkt, aloe, do N\u011bmecka, Rakouska a \u0160v\u00fdcarska. A t\u011b\u0161\u00edme se na budov\u00e1n\u00ed spole\u010dnosti, kter\u00e1 pom\u00e1h\u00e1 dopl\u0148ovat zem\u011bd\u011blsk\u00fd dodavatelsk\u00fd \u0159et\u011bzec o smyslupln\u00e9 p\u0159\u00edrodn\u00ed produkty umo\u017e\u0148uj\u00edc\u00ed zdrav\u00fd \u017eivotn\u00ed styl.<\/p>\t\t\t\t\t\t\t\t<\/div>\n\t\t\t\t<\/div>\n\t\t\t\t<div class=\"elementor-element elementor-element-e991aa3 elementor-widget elementor-widget-spacer\" data-id=\"e991aa3\" data-element_type=\"widget\" data-e-type=\"widget\" data-widget_type=\"spacer.default\">\n\t\t\t\t<div class=\"elementor-widget-container\">\n\t\t\t\t\t\t\t<div class=\"elementor-spacer\">\n\t\t\t<div class=\"elementor-spacer-inner\"><\/div>\n\t\t<\/div>\n\t\t\t\t\t\t<\/div>\n\t\t\t\t<\/div>\n\t\t\t\t\t<\/div>\n\t\t<\/div>\n\t\t\t\t\t<\/div>\n\t\t<\/section>\n\t\t\t\t<section class=\"has_eae_slider elementor-section elementor-top-section elementor-element elementor-element-baff3ab elementor-section-height-min-height elementor-section-items-stretch elementor-section-content-middle elementor-section-boxed elementor-section-height-default\" data-eae-slider=\"58887\" data-id=\"baff3ab\" data-element_type=\"section\" data-e-type=\"section\">\n\t\t\t\t\t\t<div class=\"elementor-container elementor-column-gap-no\">\n\t\t\t\t\t<div class=\"has_eae_slider elementor-column elementor-col-50 elementor-top-column elementor-element elementor-element-f7c59db\" data-eae-slider=\"68426\" data-id=\"f7c59db\" data-element_type=\"column\" data-e-type=\"column\" data-settings=\"{&quot;background_background&quot;:&quot;classic&quot;}\">\n\t\t\t<div class=\"elementor-widget-wrap elementor-element-populated\">\n\t\t\t\t\t<div class=\"elementor-background-overlay\"><\/div>\n\t\t\t\t\t\t<div class=\"elementor-element elementor-element-f624097 elementor-widget elementor-widget-image\" data-id=\"f624097\" data-element_type=\"widget\" data-e-type=\"widget\" data-widget_type=\"image.default\">\n\t\t\t\t<div class=\"elementor-widget-container\">\n\t\t\t\t\t\t\t\t\t\t\t\t\t\t\t<img decoding=\"async\" width=\"800\" height=\"600\" src=\"https:\/\/www.aloebase.com\/wp-content\/uploads\/2022\/02\/tt-1024x768.jpg\" class=\"attachment-large size-large wp-image-970\" alt=\"\" srcset=\"https:\/\/www.aloebase.com\/wp-content\/uploads\/2022\/02\/tt-1024x768.jpg 1024w, https:\/\/www.aloebase.com\/wp-content\/uploads\/2022\/02\/tt-scaled-400x300.jpg 400w, https:\/\/www.aloebase.com\/wp-content\/uploads\/2022\/02\/tt-600x450.jpg 600w, https:\/\/www.aloebase.com\/wp-content\/uploads\/2022\/02\/tt-300x225.jpg 300w, https:\/\/www.aloebase.com\/wp-content\/uploads\/2022\/02\/tt-768x576.jpg 768w, https:\/\/www.aloebase.com\/wp-content\/uploads\/2022\/02\/tt-1536x1152.jpg 1536w, https:\/\/www.aloebase.com\/wp-content\/uploads\/2022\/02\/tt-2048x1536.jpg 2048w\" sizes=\"(max-width: 800px) 100vw, 800px\" \/>\t\t\t\t\t\t\t\t\t\t\t\t\t\t\t<\/div>\n\t\t\t\t<\/div>\n\t\t\t\t\t<\/div>\n\t\t<\/div>\n\t\t\t\t<div class=\"has_eae_slider elementor-column elementor-col-50 elementor-top-column elementor-element elementor-element-634782c\" data-eae-slider=\"87858\" data-id=\"634782c\" data-element_type=\"column\" data-e-type=\"column\">\n\t\t\t<div class=\"elementor-widget-wrap elementor-element-populated\">\n\t\t\t\t\t\t<div class=\"elementor-element elementor-element-7795e9c elementor-widget elementor-widget-spacer\" data-id=\"7795e9c\" data-element_type=\"widget\" data-e-type=\"widget\" data-widget_type=\"spacer.default\">\n\t\t\t\t<div class=\"elementor-widget-container\">\n\t\t\t\t\t\t\t<div class=\"elementor-spacer\">\n\t\t\t<div class=\"elementor-spacer-inner\"><\/div>\n\t\t<\/div>\n\t\t\t\t\t\t<\/div>\n\t\t\t\t<\/div>\n\t\t\t\t<div class=\"elementor-element elementor-element-b2bf7f4 elementor-widget elementor-widget-heading\" data-id=\"b2bf7f4\" data-element_type=\"widget\" data-e-type=\"widget\" data-widget_type=\"heading.default\">\n\t\t\t\t<div class=\"elementor-widget-container\">\n\t\t\t\t\t<h2 class=\"elementor-heading-title elementor-size-default\">Aloe Base Workshopy<\/h2>\t\t\t\t<\/div>\n\t\t\t\t<\/div>\n\t\t\t\t<div class=\"elementor-element elementor-element-4662210 elementor-widget elementor-widget-text-editor\" data-id=\"4662210\" data-element_type=\"widget\" data-e-type=\"widget\" data-widget_type=\"text-editor.default\">\n\t\t\t\t<div class=\"elementor-widget-container\">\n\t\t\t\t\t\t\t\t\t<p>Marika Sokolov\u00e1 pravideln\u011b po\u0159\u00e1d\u00e1 ve V\u00eddni akce o aloe vera jako superpotravin\u011b v na\u0161\u00ed strav\u011b a tak\u00e9 o d\u016fle\u017eit\u00fdch zast\u0159e\u0161uj\u00edc\u00edch t\u00e9matech, jako je regenerativn\u00ed zem\u011bd\u011blstv\u00ed, \u010dist\u00e9 zem\u011bd\u011blstv\u00ed a produkce potravin orientovan\u00e1 na budoucnost.\u00a0<\/p>\t\t\t\t\t\t\t\t<\/div>\n\t\t\t\t<\/div>\n\t\t\t\t<div class=\"elementor-element elementor-element-1f4cfb6 elementor-widget elementor-widget-button\" data-id=\"1f4cfb6\" data-element_type=\"widget\" data-e-type=\"widget\" data-widget_type=\"button.default\">\n\t\t\t\t<div class=\"elementor-widget-container\">\n\t\t\t\t\t\t\t\t\t<div class=\"elementor-button-wrapper\">\n\t\t\t\t\t<a class=\"elementor-button elementor-button-link elementor-size-sm\" href=\"https:\/\/www.aloebase.com\/cs\/workshops\/\">\n\t\t\t\t\t\t<span class=\"elementor-button-content-wrapper\">\n\t\t\t\t\t\t\t\t\t<span class=\"elementor-button-text\">ZDE SE M\u016e\u017dETE REGISTROVAT NA AKCE<\/span>\n\t\t\t\t\t<\/span>\n\t\t\t\t\t<\/a>\n\t\t\t\t<\/div>\n\t\t\t\t\t\t\t\t<\/div>\n\t\t\t\t<\/div>\n\t\t\t\t<div class=\"elementor-element elementor-element-d15ae64 elementor-widget elementor-widget-spacer\" data-id=\"d15ae64\" data-element_type=\"widget\" data-e-type=\"widget\" data-widget_type=\"spacer.default\">\n\t\t\t\t<div class=\"elementor-widget-container\">\n\t\t\t\t\t\t\t<div class=\"elementor-spacer\">\n\t\t\t<div class=\"elementor-spacer-inner\"><\/div>\n\t\t<\/div>\n\t\t\t\t\t\t<\/div>\n\t\t\t\t<\/div>\n\t\t\t\t\t<\/div>\n\t\t<\/div>\n\t\t\t\t\t<\/div>\n\t\t<\/section>\n\t\t\t\t<\/div>","protected":false},"excerpt":{"rendered":"<p>MARIKA SOKOL Zakladatelka spole\u010dnosti Aloe Base Po mnoha letech \u00fasp\u011b\u0161n\u00e9ho mana\u017eersk\u00e9ho p\u016fsoben\u00ed a n\u011bkolika start-upech v jin\u00fdch odv\u011btv\u00edch cht\u011bla zakladatelka spole\u010dnosti Aloe Base Marika Sokolov\u00e1 zalo\u017eit zem\u011bd\u011blskou spole\u010dnost, kter\u00e1 by poskytovala univerz\u00e1ln\u00ed a zdrav\u00fd produkt, kter\u00fd by p\u0159i p\u011bstov\u00e1n\u00ed nepo\u0161kozoval \u017eivotn\u00ed prost\u0159ed\u00ed. Rostlina aloe vera je pro to ide\u00e1ln\u00ed. Ve sluncem zalit\u00e9m [...]<\/p>","protected":false},"author":1,"featured_media":0,"parent":0,"menu_order":0,"comment_status":"closed","ping_status":"closed","template":"elementor_header_footer","meta":{"_seopress_robots_primary_cat":"","_seopress_titles_title":"Marika Sokol - Die Aloe Base Gr\u00fcnderin","_seopress_titles_desc":"Im Agri-Business Aloe Base verbindet Marika Sokol traditionellen Anbau mit moderner Landwirtschafts-Logistik. Direkt vom Acker zu dir nach Haus.","_seopress_robots_index":"","footnotes":""},"class_list":["post-2871","page","type-page","status-publish","hentry"],"jetpack_sharing_enabled":true,"_links":{"self":[{"href":"https:\/\/www.aloebase.com\/cs\/wp-json\/wp\/v2\/pages\/2871","targetHints":{"allow":["GET"]}}],"collection":[{"href":"https:\/\/www.aloebase.com\/cs\/wp-json\/wp\/v2\/pages"}],"about":[{"href":"https:\/\/www.aloebase.com\/cs\/wp-json\/wp\/v2\/types\/page"}],"author":[{"embeddable":true,"href":"https:\/\/www.aloebase.com\/cs\/wp-json\/wp\/v2\/users\/1"}],"replies":[{"embeddable":true,"href":"https:\/\/www.aloebase.com\/cs\/wp-json\/wp\/v2\/comments?post=2871"}],"version-history":[{"count":0,"href":"https:\/\/www.aloebase.com\/cs\/wp-json\/wp\/v2\/pages\/2871\/revisions"}],"wp:attachment":[{"href":"https:\/\/www.aloebase.com\/cs\/wp-json\/wp\/v2\/media?parent=2871"}],"curies":[{"name":"wp","href":"https:\/\/api.w.org\/{rel}","templated":true}]}}