{"id":581,"date":"2021-12-22T13:37:10","date_gmt":"2021-12-22T12:37:10","guid":{"rendered":"https:\/\/www.aloebase.com\/?page_id=581"},"modified":"2021-12-22T13:38:51","modified_gmt":"2021-12-22T12:38:51","slug":"datenschutzerklaerung","status":"publish","type":"page","link":"https:\/\/www.aloebase.com\/cs\/datenschutzerklaerung\/","title":{"rendered":"Z\u00e1sady ochrany osobn\u00edch \u00fadaj\u016f"},"content":{"rendered":"<p>Z\u00c1SADY OCHRANY OSOBN\u00cdCH \u00daDAJ\u016e<\/p>\n\n\n\n<ul class=\"wp-block-list\"><li>Ochrana osobn\u00edch \u00fadaj\u016f kupuj\u00edc\u00edho, kter\u00fd je fyzickou nebo pr\u00e1vnickou osobou, je zaji\u0161t\u011bna z\u00e1konem \u010d. 101\/2000 Sb. o ochran\u011b osobn\u00edch \u00fadaj\u016f, ve zn\u011bn\u00ed pozd\u011bj\u0161\u00edch p\u0159edpis\u016f.<ul><li>Kupuj\u00edc\u00ed souhlas\u00ed se zpracov\u00e1n\u00edm n\u00e1sleduj\u00edc\u00edch osobn\u00edch \u00fadaj\u016f: Jm\u00e9no a p\u0159\u00edjmen\u00ed, adresa bydli\u0161t\u011b, identifika\u010dn\u00ed \u010d\u00edslo, da\u0148ov\u00e9 identifika\u010dn\u00ed \u010d\u00edslo, e-mailov\u00e1 adresa, telefonn\u00ed \u010d\u00edslo. (d\u00e1le spole\u010dn\u011b jen \"osobn\u00ed \u00fadaje\").<\/li><\/ul><ul><li>Kupuj\u00edc\u00ed souhlas\u00ed se zpracov\u00e1n\u00edm osobn\u00edch \u00fadaj\u016f prod\u00e1vaj\u00edc\u00edm za \u00fa\u010delem v\u00fdkonu pr\u00e1v a povinnost\u00ed vypl\u00fdvaj\u00edc\u00edch z kupn\u00ed smlouvy. Kupuj\u00edc\u00ed rovn\u011b\u017e souhlas\u00ed se zpracov\u00e1n\u00edm osobn\u00edch \u00fadaj\u016f prod\u00e1vaj\u00edc\u00edm za \u00fa\u010delem zas\u00edl\u00e1n\u00ed informac\u00ed a obchodn\u00edch sd\u011blen\u00ed kupuj\u00edc\u00edmu, pokud se kupuj\u00edc\u00ed nerozhodne jinak. Souhlas se zpracov\u00e1n\u00edm osobn\u00edch \u00fadaj\u016f v cel\u00e9m rozsahu dle tohoto \u010dl\u00e1nku nen\u00ed podm\u00ednkou, kter\u00e1 by sama o sob\u011b br\u00e1nila uzav\u0159en\u00ed kupn\u00ed smlouvy.<\/li><\/ul><ul><li>Kupuj\u00edc\u00ed bere na v\u011bdom\u00ed, \u017ee je povinen uv\u00e1d\u011bt sv\u00e9 osobn\u00ed \u00fadaje (p\u0159i objedn\u00e1vce z webov\u00e9ho rozhran\u00ed obchodu) spr\u00e1vn\u011b a pravdiv\u011b a \u017ee je povinen neprodlen\u011b informovat prod\u00e1vaj\u00edc\u00edho o jak\u00e9koli zm\u011bn\u011b sv\u00fdch osobn\u00edch \u00fadaj\u016f.<\/li><\/ul><ul><li>Zpracov\u00e1n\u00edm osobn\u00edch \u00fadaj\u016f kupuj\u00edc\u00edho m\u016f\u017ee prod\u00e1vaj\u00edc\u00ed pov\u011b\u0159it t\u0159et\u00ed stranu jako zpracovatele. S v\u00fdjimkou osob p\u0159epravuj\u00edc\u00edch zbo\u017e\u00ed prod\u00e1vaj\u00edc\u00ed nep\u0159ed\u00e1v\u00e1 osobn\u00ed \u00fadaje t\u0159et\u00edm osob\u00e1m bez p\u0159edchoz\u00edho souhlasu kupuj\u00edc\u00edho.<\/li><\/ul><ul><li>Osobn\u00ed \u00fadaje jsou zpracov\u00e1v\u00e1ny po neomezenou dobu. Osobn\u00ed \u00fadaje jsou zpracov\u00e1v\u00e1ny v elektronick\u00e9 podob\u011b automatizovan\u00fdmi prost\u0159edky nebo v listinn\u00e9 podob\u011b neautomatizovan\u00fdmi prost\u0159edky.<\/li><\/ul><ul><li>Kupuj\u00edc\u00ed potvrzuje, \u017ee poskytnut\u00e9 osobn\u00ed \u00fadaje jsou spr\u00e1vn\u00e9 a \u017ee byl informov\u00e1n o tom, \u017ee poskytnut\u00ed osobn\u00edch \u00fadaj\u016f je dobrovoln\u00e9.<\/li><\/ul><ul><li>Pokud se kupuj\u00edc\u00ed domn\u00edv\u00e1, \u017ee prod\u00e1vaj\u00edc\u00ed nebo zpracovatel zpracov\u00e1v\u00e1 jeho osobn\u00ed \u00fadaje v rozporu s ochranou soukrom\u00e9ho a osobn\u00edho \u017eivota kupuj\u00edc\u00edho nebo v rozporu se z\u00e1konem, zejm\u00e9na jsou-li osobn\u00ed \u00fadaje nespr\u00e1vn\u00e9 s ohledem na \u00fa\u010del jejich zpracov\u00e1n\u00ed, m\u016f\u017ee kupuj\u00edc\u00ed v p\u0159\u00edpad\u011b, \u017ee se domn\u00edv\u00e1, \u017ee prod\u00e1vaj\u00edc\u00ed nebo zpracovatel zpracov\u00e1v\u00e1 jeho osobn\u00ed \u00fadaje v rozporu s ochranou soukrom\u00e9ho a osobn\u00edho \u017eivota kupuj\u00edc\u00edho nebo v rozporu se z\u00e1konem, zejm\u00e9na jsou-li osobn\u00ed \u00fadaje nespr\u00e1vn\u00e9 s ohledem na \u00fa\u010del jejich zpracov\u00e1n\u00ed, m\u016f\u017ee<\/li><\/ul><\/li><\/ul>\n\n\n\n<p>po\u017e\u00e1dat prodejce nebo zpracovatele o prohl\u00e1\u0161en\u00ed,<\/p>\n\n\n\n<p>po\u017e\u00e1dat prodejce nebo zpracovatele o odstran\u011bn\u00ed z\u00e1vady.<\/p>\n\n\n\n<p>Pokud kupuj\u00edc\u00ed po\u017e\u00e1d\u00e1 o informace o zpracov\u00e1n\u00ed sv\u00fdch osobn\u00edch \u00fadaj\u016f, je prod\u00e1vaj\u00edc\u00ed povinen mu tyto informace poskytnout. Za poskytnut\u00ed informac\u00ed podle p\u0159edchoz\u00ed v\u011bty je prod\u00e1vaj\u00edc\u00ed opr\u00e1vn\u011bn \u00fa\u010dtovat p\u0159im\u011b\u0159enou \u00fahradu, kter\u00e1 nesm\u00ed p\u0159es\u00e1hnout n\u00e1klady nezbytn\u00e9 na poskytnut\u00ed informac\u00ed.<\/p>\n\n\n\n<p><strong>OCHRANA \u00daDAJ\u016e<\/strong><\/p>\n\n\n\n<p>o Ochrana osobn\u00edch \u00fadaj\u016f kupuj\u00edc\u00edho, kter\u00fd je fyzickou nebo pr\u00e1vnickou osobou, je stanovena z\u00e1konem \u010d. 101\/2000 Sb., o ochran\u011b osobn\u00edch \u00fadaj\u016f, ve zn\u011bn\u00ed pozd\u011bj\u0161\u00edch p\u0159edpis\u016f.<\/p>\n\n\n\n<p>o Kupuj\u00edc\u00ed souhlas\u00ed se zpracov\u00e1n\u00edm t\u011bchto osobn\u00edch \u00fadaj\u016f: jm\u00e9no a p\u0159\u00edjmen\u00ed, adresa bydli\u0161t\u011b, identifika\u010dn\u00ed \u010d\u00edslo, da\u0148ov\u00e9 identifika\u010dn\u00ed \u010d\u00edslo, e-mailov\u00e1 adresa, telefonn\u00ed \u010d\u00edslo. (d\u00e1le spole\u010dn\u011b jen \"osobn\u00ed \u00fadaje\").<\/p>\n\n\n\n<p>o Kupuj\u00edc\u00ed souhlas\u00ed se zpracov\u00e1n\u00edm osobn\u00edch \u00fadaj\u016f prod\u00e1vaj\u00edc\u00edm za \u00fa\u010delem v\u00fdkonu pr\u00e1v a povinnost\u00ed podle kupn\u00ed smlouvy. Pokud se Kupuj\u00edc\u00ed nerozhodne jinak, souhlas\u00ed Kupuj\u00edc\u00ed se zpracov\u00e1n\u00edm osobn\u00edch \u00fadaj\u016f Prod\u00e1vaj\u00edc\u00edm rovn\u011b\u017e za \u00fa\u010delem zas\u00edl\u00e1n\u00ed informac\u00ed a obchodn\u00edch sd\u011blen\u00ed Kupuj\u00edc\u00edmu. Souhlas se zpracov\u00e1n\u00edm osobn\u00edch \u00fadaj\u016f v cel\u00e9m rozsahu dle tohoto \u010dl\u00e1nku nen\u00ed podm\u00ednkou, kter\u00e1 by sama o sob\u011b br\u00e1nila uzav\u0159en\u00ed kupn\u00ed smlouvy.<\/p>\n\n\n\n<p>o Kupuj\u00edc\u00ed bere na v\u011bdom\u00ed, \u017ee je povinen uv\u00e1d\u011bt sv\u00e9 osobn\u00ed \u00fadaje (p\u0159i objedn\u00e1vce z webov\u00e9ho rozhran\u00ed obchodu) spr\u00e1vn\u011b a pravdiv\u011b a \u017ee je povinen bez zbyte\u010dn\u00e9ho odkladu informovat prod\u00e1vaj\u00edc\u00edho o jak\u00e9koliv zm\u011bn\u011b sv\u00fdch osobn\u00edch \u00fadaj\u016f.<\/p>\n\n\n\n<p>o Prod\u00e1vaj\u00edc\u00ed m\u016f\u017ee pov\u011b\u0159it zpracov\u00e1n\u00edm osobn\u00edch \u00fadaj\u016f kupuj\u00edc\u00edho t\u0159et\u00ed stranu jako zpracovatele. S v\u00fdjimkou osob p\u0159epravuj\u00edc\u00edch zbo\u017e\u00ed nebudou osobn\u00ed \u00fadaje prod\u00e1vaj\u00edc\u00edm p\u0159ed\u00e1v\u00e1ny t\u0159et\u00edm osob\u00e1m bez p\u0159edchoz\u00edho souhlasu kupuj\u00edc\u00edho.<\/p>\n\n\n\n<p>o Osobn\u00ed \u00fadaje budou zpracov\u00e1v\u00e1ny po neomezenou dobu. Osobn\u00ed \u00fadaje budou zpracov\u00e1v\u00e1ny v elektronick\u00e9 podob\u011b automatizovan\u00fdm zp\u016fsobem nebo v ti\u0161t\u011bn\u00e9 podob\u011b neautomatizovan\u00fdm zp\u016fsobem.<\/p>\n\n\n\n<p>o Kupuj\u00edc\u00ed potvrzuje, \u017ee poskytnut\u00e9 osobn\u00ed \u00fadaje jsou p\u0159esn\u00e9 a \u017ee byl informov\u00e1n o tom, \u017ee se jedn\u00e1 o dobrovoln\u00e9 poskytnut\u00ed osobn\u00edch \u00fadaj\u016f.<\/p>\n\n\n\n<p>o V p\u0159\u00edpad\u011b, \u017ee se kupuj\u00edc\u00ed domn\u00edv\u00e1, \u017ee prod\u00e1vaj\u00edc\u00ed nebo zpracovatel prov\u00e1d\u00ed zpracov\u00e1n\u00ed jeho osobn\u00edch \u00fadaj\u016f, kter\u00e9 je v rozporu s ochranou soukrom\u00e9ho a osobn\u00edho \u017eivota kupuj\u00edc\u00edho nebo v rozporu se z\u00e1konem, zejm\u00e9na jsou-li osobn\u00ed \u00fadaje nep\u0159esn\u00e9 s ohledem na \u00fa\u010del jejich zpracov\u00e1n\u00ed, m\u016f\u017ee kupuj\u00edc\u00ed:<\/p>\n\n\n\n<p>po\u017e\u00e1dat prodejce nebo zpracovatele o vysv\u011btlen\u00ed,<\/p>\n\n\n\n<p>po\u017eadovat, aby prodejce nebo zpracovatel zjednal n\u00e1pravu.<\/p>\n\n\n\n<p>o Pokud kupuj\u00edc\u00ed po\u017e\u00e1d\u00e1 o informace o zpracov\u00e1n\u00ed sv\u00fdch osobn\u00edch \u00fadaj\u016f, je prod\u00e1vaj\u00edc\u00ed povinen mu tyto informace poskytnout. Za poskytnut\u00ed informac\u00ed podle p\u0159edchoz\u00ed v\u011bty m\u00e1 prod\u00e1vaj\u00edc\u00ed pr\u00e1vo \u00fa\u010dtovat p\u0159im\u011b\u0159enou \u00fahradu, kter\u00e1 nesm\u00ed p\u0159es\u00e1hnout n\u00e1klady nezbytn\u00e9 na poskytnut\u00ed informac\u00ed.<\/p>\n\n\n\n<p><strong>OCHRANA OSOBN\u00cdCH \u00daDAJ\u016e<\/strong><\/p>\n\n\n\n<ul class=\"wp-block-list\"><li>Ochrana osobn\u00edch \u00fadaj\u016f kupuj\u00edc\u00edho, kter\u00fd je fyzickou \u010di pr\u00e1vnickou osobou, je poskytov\u00e1na z\u00e1konem \u010d. 101\/2000 Sb. o ochran\u011b osobn\u00edch \u00fadaj\u016f, ve zn\u011bn\u00ed pozd\u011bj\u0161\u00edch p\u0159edpis\u016f.<ul><li>Kupuj\u00edc\u00ed souhlas\u00ed se zpracov\u00e1n\u00edm t\u011bchto sv\u00fdch osobn\u00edch \u00fadaj\u016f: jm\u00e9no a p\u0159\u00edjmen\u00ed, adresa bydli\u0161t\u011b, identifika\u010dn\u00ed \u010d\u00edslo, identifika\u010dn\u00ed \u010d\u00edslo, adresa elektronick\u00e9 po\u0161ty, telefonn\u00ed \u010d\u00edslo. (d\u00e1le spole\u010dn\u011b v\u0161e jen jako \"<strong>osobn\u00ed \u00fadaje<\/strong>\").<\/li><\/ul><ul><li>Kupuj\u00edc\u00ed souhlas\u00ed se zpracov\u00e1n\u00edm osobn\u00edch \u00fadaj\u016f prod\u00e1vaj\u00edc\u00edm, a to pro \u00fa\u010dely realizace pr\u00e1v a povinnost\u00ed z kupn\u00ed smlouvy. Nezvol\u00ed-li kupuj\u00edc\u00ed jinou mo\u017enost, souhlas\u00ed se zpracov\u00e1n\u00edm osobn\u00edch \u00fadaj\u016f prod\u00e1vaj\u00edc\u00edm tak\u00e9 pro \u00fa\u010dely zas\u00edl\u00e1n\u00ed informac\u00ed a obchodn\u00edch sd\u011blen\u00ed kupuj\u00edc\u00edmu. Souhlas se zpracov\u00e1n\u00edm osobn\u00edch \u00fadaj\u016f v cel\u00e9m rozsahu dle tohoto \u010dl\u00e1nku nen\u00ed podm\u00ednkou, kter\u00e1 by sama o sob\u011b znemo\u017e\u0148ovala uzav\u0159en\u00ed kupn\u00ed smlouvy.<\/li><\/ul><ul><li>Kupuj\u00edc\u00ed bere na v\u011bdom\u00ed, \u017ee je povinen sv\u00e9 osobn\u00ed \u00fadaje (p\u0159i objedn\u00e1vce proveden\u00e9 z webov\u00e9ho rozhran\u00ed obchodu) uv\u00e1d\u011bt spr\u00e1vn\u011b a pravdiv\u011b a \u017ee je povinen bez zbyte\u010dn\u00e9ho odkladu informovat prod\u00e1vaj\u00edc\u00edho o zm\u011bn\u011b ve sv\u00fdch osobn\u00edch \u00fadaj\u00edch.<\/li><\/ul><ul><li>Zpracov\u00e1n\u00edm osobn\u00edch \u00fadaj\u016f kupuj\u00edc\u00edho m\u016f\u017ee prod\u00e1vaj\u00edc\u00ed pov\u011b\u0159it t\u0159et\u00ed osobu, jako\u017eto zpracovatele. Krom\u011b osob dopravuj\u00edc\u00edch zbo\u017e\u00ed nebudou osobn\u00ed \u00fadaje prod\u00e1vaj\u00edc\u00edm bez p\u0159edchoz\u00edho souhlasu kupuj\u00edc\u00edho p\u0159ed\u00e1v\u00e1ny t\u0159et\u00edm osob\u00e1m.<\/li><\/ul><ul><li>Osobn\u00ed \u00fadaje budou zpracov\u00e1v\u00e1ny po dobu neur\u010ditou. Osobn\u00ed \u00fadaje budou zpracov\u00e1v\u00e1ny v elektronick\u00e9 podob\u011b automatizovan\u00fdm zp\u016fsobem nebo v ti\u0161t\u011bn\u00e9 podob\u011b neautomatizovan\u00fdm zp\u016fsobem.<\/li><\/ul><ul><li>Kupuj\u00edc\u00ed potvrzuje, \u017ee poskytnut\u00e9 osobn\u00ed \u00fadaje jsou p\u0159esn\u00e9 a \u017ee byl pou\u010den o tom, \u017ee se jedn\u00e1 o dobrovoln\u00e9 poskytnut\u00ed osobn\u00edch \u00fadaj\u016f.<\/li><\/ul><ul><li>V p\u0159\u00edpad\u011b, \u017ee by se kupuj\u00edc\u00ed domn\u00edval, \u017ee prod\u00e1vaj\u00edc\u00ed nebo zpracovatel prov\u00e1d\u00ed zpracov\u00e1n\u00ed jeho osobn\u00edch \u00fadaj\u016f, kter\u00e9 je v rozporu s ochranou soukrom\u00e9ho a osobn\u00edho \u017eivota kupuj\u00edc\u00edho nebo v rozporu se z\u00e1konem, zejm\u00e9na jsou-li osobn\u00ed \u00fadaje nep\u0159esn\u00e9 s ohledem na \u00fa\u010del jejich zpracov\u00e1n\u00ed, m\u016f\u017ee:<ul><li>po\u017e\u00e1dat prod\u00e1vaj\u00edc\u00edho nebo zpracovatele o vysv\u011btlen\u00ed,<\/li><\/ul><ul><li>po\u017eadovat, aby prod\u00e1vaj\u00edc\u00ed nebo zpracovatel odstranil takto vznikl\u00fd stav.<\/li><\/ul><\/li><\/ul><ul><li>Po\u017e\u00e1d\u00e1-li kupuj\u00edc\u00ed o informaci o zpracov\u00e1n\u00ed sv\u00fdch osobn\u00edch \u00fadaj\u016f, je mu prod\u00e1vaj\u00edc\u00ed povinen tuto informaci p\u0159edat. Prod\u00e1vaj\u00edc\u00ed m\u00e1 pr\u00e1vo za poskytnut\u00ed informace podle p\u0159edchoz\u00ed v\u011bty po\u017eadovat p\u0159im\u011b\u0159enou \u00fahradu nep\u0159evy\u0161uj\u00edc\u00ed n\u00e1klady nezbytn\u00e9 na poskytnut\u00ed informace.<\/li><\/ul><\/li><\/ul>","protected":false},"excerpt":{"rendered":"<p>DATENSCHUTZERKL\u00c4RUNG Der Schutz der personenbezogenen Daten des K\u00e4ufers, der eine nat\u00fcrliche oder juristische Person ist, wird durch das Gesetz Nr. 101\/2000 Slg. \u00fcber den Schutz personenbezogener Daten in seiner ge\u00e4nderten Fassung gew\u00e4hrleistet. Der K\u00e4ufer ist mit der Verarbeitung folgender personenbezogener Daten einverstanden: Vor- und Nachname, Wohnanschrift, Identifikationsnummer, Steueridentifikationsnummer, E-Mail-Adresse, Telefonnummer. (im Folgenden zusammenfassend als &#8222;personenbezogene [&hellip;]<\/p>\n","protected":false},"author":1,"featured_media":0,"parent":0,"menu_order":0,"comment_status":"closed","ping_status":"closed","template":"","meta":{"_seopress_robots_primary_cat":"","_seopress_titles_title":"","_seopress_titles_desc":"","_seopress_robots_index":"","footnotes":""},"class_list":["post-581","page","type-page","status-publish","hentry"],"_links":{"self":[{"href":"https:\/\/www.aloebase.com\/cs\/wp-json\/wp\/v2\/pages\/581","targetHints":{"allow":["GET"]}}],"collection":[{"href":"https:\/\/www.aloebase.com\/cs\/wp-json\/wp\/v2\/pages"}],"about":[{"href":"https:\/\/www.aloebase.com\/cs\/wp-json\/wp\/v2\/types\/page"}],"author":[{"embeddable":true,"href":"https:\/\/www.aloebase.com\/cs\/wp-json\/wp\/v2\/users\/1"}],"replies":[{"embeddable":true,"href":"https:\/\/www.aloebase.com\/cs\/wp-json\/wp\/v2\/comments?post=581"}],"version-history":[{"count":0,"href":"https:\/\/www.aloebase.com\/cs\/wp-json\/wp\/v2\/pages\/581\/revisions"}],"wp:attachment":[{"href":"https:\/\/www.aloebase.com\/cs\/wp-json\/wp\/v2\/media?parent=581"}],"curies":[{"name":"wp","href":"https:\/\/api.w.org\/{rel}","templated":true}]}}