{"id":585,"date":"2021-12-22T13:44:42","date_gmt":"2021-12-22T12:44:42","guid":{"rendered":"https:\/\/www.aloebase.com\/?page_id=585"},"modified":"2024-04-30T09:54:36","modified_gmt":"2024-04-30T07:54:36","slug":"impressum","status":"publish","type":"page","link":"https:\/\/www.aloebase.com\/cs\/impressum\/","title":{"rendered":"Otisk"},"content":{"rendered":"<p>ALOE BASE GmbH<\/p>\n\n\n\n<p>Alserbachstra\u00dfe 5\/29, 1090 V\u00edde\u0148<\/p>\n\n\n\n<p>Firemn\u00ed rejst\u0159\u00edk: FN574313d<\/p>\n\n\n\n<p>UID: ATU77967648<\/p>\n\n\n\n<p>Telefon: +43 699 16051909<br>E-mail: marika@aloebase.com<br><br>Evropsk\u00e1 platforma pro online \u0159e\u0161en\u00ed spor\u016f:<br><a rel=\"noreferrer noopener\" href=\"https:\/\/ec.europa.eu\/consumers\/odr\/main\/index.cfm?event=main.home.chooseLanguage\" target=\"_blank\">https:\/\/ec.europa.eu\/consumers\/odr\/main\/index.cfm?event=main.home.chooseLanguage <\/a><\/p>","protected":false},"excerpt":{"rendered":"<p>ALOE BASE GmbH Alserbachstra\u00dfe 5\/29, 1090 V\u00edde\u0148 Registr spole\u010dnosti: FN574313d UID: ATU77967648 Telefon: +43 699 16051909E-Mail: marika@aloebase.com Evropsk\u00e1 platforma pro \u0159e\u0161en\u00ed spor\u016f online:https:\/\/ec.europa.eu\/consumers\/odr\/main\/index.cfm?event=main.home.chooseLanguage.<\/p>","protected":false},"author":1,"featured_media":0,"parent":0,"menu_order":0,"comment_status":"closed","ping_status":"closed","template":"","meta":{"_seopress_robots_primary_cat":"","_seopress_titles_title":"","_seopress_titles_desc":"","_seopress_robots_index":"","footnotes":""},"class_list":["post-585","page","type-page","status-publish","hentry"],"_links":{"self":[{"href":"https:\/\/www.aloebase.com\/cs\/wp-json\/wp\/v2\/pages\/585","targetHints":{"allow":["GET"]}}],"collection":[{"href":"https:\/\/www.aloebase.com\/cs\/wp-json\/wp\/v2\/pages"}],"about":[{"href":"https:\/\/www.aloebase.com\/cs\/wp-json\/wp\/v2\/types\/page"}],"author":[{"embeddable":true,"href":"https:\/\/www.aloebase.com\/cs\/wp-json\/wp\/v2\/users\/1"}],"replies":[{"embeddable":true,"href":"https:\/\/www.aloebase.com\/cs\/wp-json\/wp\/v2\/comments?post=585"}],"version-history":[{"count":1,"href":"https:\/\/www.aloebase.com\/cs\/wp-json\/wp\/v2\/pages\/585\/revisions"}],"predecessor-version":[{"id":8601,"href":"https:\/\/www.aloebase.com\/cs\/wp-json\/wp\/v2\/pages\/585\/revisions\/8601"}],"wp:attachment":[{"href":"https:\/\/www.aloebase.com\/cs\/wp-json\/wp\/v2\/media?parent=585"}],"curies":[{"name":"wp","href":"https:\/\/api.w.org\/{rel}","templated":true}]}}