{"id":6710,"date":"2023-06-29T16:25:09","date_gmt":"2023-06-29T14:25:09","guid":{"rendered":"https:\/\/www.aloebase.com\/?post_type=product&#038;p=6710"},"modified":"2026-04-22T12:24:16","modified_gmt":"2026-04-22T10:24:16","slug":"aloe-base-life-drink-mango","status":"publish","type":"product","link":"https:\/\/www.aloebase.com\/cs\/produkt\/aloe-base-life-drink-mango\/","title":{"rendered":"Aloe Base Life Drink"},"content":{"rendered":"<p>N\u00e1\u0161 n\u00e1poj z aloe s p\u0159\u00edjemnou exotickou chut\u00ed manga posiluje p\u0159irozenou obranyschopnost organismu a p\u016fsob\u00ed jako antioxidant. Aloe Base Mango Drink podporuje stav kost\u00ed a kloub\u016f. \u00da\u010dinn\u00e9 l\u00e1tky p\u016fsob\u00ed tak\u00e9 protiz\u00e1n\u011btliv\u011b, detoxika\u010dn\u011b, tr\u00e1vic\u00ed a podp\u016frn\u011b p\u0159i ko\u017en\u00edch probl\u00e9mech.<\/p>","protected":false},"excerpt":{"rendered":"<p>Superpotraviny k pit\u00ed. Chutn\u00fd a zdrav\u00fd n\u00e1poj z aloe vera pro va\u0161e zdrav\u00ed. Podpo\u0159\u00ed v\u00e1s tak\u00e9 p\u0159i zdravotn\u00edch probl\u00e9mech. L\u00e1hev o objemu 1000 ml.<\/p>","protected":false},"featured_media":7161,"template":"","meta":{"_seopress_robots_primary_cat":"none","_seopress_titles_title":"","_seopress_titles_desc":"","_seopress_robots_index":""},"product_brand":[],"product_cat":[60],"product_tag":[],"class_list":{"0":"post-6710","1":"product","2":"type-product","3":"status-publish","4":"has-post-thumbnail","6":"product_cat-aloe-vera-genuss","8":"first","9":"instock","10":"taxable","11":"shipping-taxable","12":"purchasable","13":"product-type-variable"},"_links":{"self":[{"href":"https:\/\/www.aloebase.com\/cs\/wp-json\/wp\/v2\/product\/6710","targetHints":{"allow":["GET"]}}],"collection":[{"href":"https:\/\/www.aloebase.com\/cs\/wp-json\/wp\/v2\/product"}],"about":[{"href":"https:\/\/www.aloebase.com\/cs\/wp-json\/wp\/v2\/types\/product"}],"version-history":[{"count":1,"href":"https:\/\/www.aloebase.com\/cs\/wp-json\/wp\/v2\/product\/6710\/revisions"}],"predecessor-version":[{"id":9146,"href":"https:\/\/www.aloebase.com\/cs\/wp-json\/wp\/v2\/product\/6710\/revisions\/9146"}],"wp:featuredmedia":[{"embeddable":true,"href":"https:\/\/www.aloebase.com\/cs\/wp-json\/wp\/v2\/media\/7161"}],"wp:attachment":[{"href":"https:\/\/www.aloebase.com\/cs\/wp-json\/wp\/v2\/media?parent=6710"}],"wp:term":[{"taxonomy":"product_brand","embeddable":true,"href":"https:\/\/www.aloebase.com\/cs\/wp-json\/wp\/v2\/product_brand?post=6710"},{"taxonomy":"product_cat","embeddable":true,"href":"https:\/\/www.aloebase.com\/cs\/wp-json\/wp\/v2\/product_cat?post=6710"},{"taxonomy":"product_tag","embeddable":true,"href":"https:\/\/www.aloebase.com\/cs\/wp-json\/wp\/v2\/product_tag?post=6710"}],"curies":[{"name":"wp","href":"https:\/\/api.w.org\/{rel}","templated":true}]}}