{"id":6750,"date":"2023-06-29T16:25:17","date_gmt":"2023-06-29T14:25:17","guid":{"rendered":"https:\/\/www.aloebase.com\/?post_type=product&#038;p=6750"},"modified":"2026-05-04T14:11:47","modified_gmt":"2026-05-04T12:11:47","slug":"uplift-face-cream","status":"publish","type":"product","link":"https:\/\/www.aloebase.com\/cs\/produkt\/uplift-face-cream\/","title":{"rendered":"Uplift kr\u00e9m na obli\u010dej"},"content":{"rendered":"<p>organick\u00fd olivov\u00fd olej, organick\u00fd extrakt z aloe vera, Cobiolift, Glycolift\u00ae, Fucogel\u00ae, vitam\u00edn E, alantoin, glycerin.<\/p>","protected":false},"excerpt":{"rendered":"<p>Ple\u0165ov\u00fd kr\u00e9m Uplift s organick\u00fdm olivov\u00fdm olejem, organickou aloe vera a extraktem ze semen quinoy aktivuje obnovu pleti a odstra\u0148uje zn\u00e1mky st\u00e1rnut\u00ed.<\/p>","protected":false},"featured_media":9526,"template":"","meta":{"_seopress_robots_primary_cat":"none","_seopress_titles_title":"","_seopress_titles_desc":"","_seopress_robots_index":""},"product_brand":[],"product_cat":[121],"product_tag":[],"class_list":{"0":"post-6750","1":"product","2":"type-product","3":"status-publish","4":"has-post-thumbnail","6":"product_cat-skin-and-beauty","8":"first","9":"instock","10":"taxable","11":"shipping-taxable","12":"purchasable","13":"product-type-simple"},"_links":{"self":[{"href":"https:\/\/www.aloebase.com\/cs\/wp-json\/wp\/v2\/product\/6750","targetHints":{"allow":["GET"]}}],"collection":[{"href":"https:\/\/www.aloebase.com\/cs\/wp-json\/wp\/v2\/product"}],"about":[{"href":"https:\/\/www.aloebase.com\/cs\/wp-json\/wp\/v2\/types\/product"}],"version-history":[{"count":1,"href":"https:\/\/www.aloebase.com\/cs\/wp-json\/wp\/v2\/product\/6750\/revisions"}],"predecessor-version":[{"id":9144,"href":"https:\/\/www.aloebase.com\/cs\/wp-json\/wp\/v2\/product\/6750\/revisions\/9144"}],"wp:featuredmedia":[{"embeddable":true,"href":"https:\/\/www.aloebase.com\/cs\/wp-json\/wp\/v2\/media\/9526"}],"wp:attachment":[{"href":"https:\/\/www.aloebase.com\/cs\/wp-json\/wp\/v2\/media?parent=6750"}],"wp:term":[{"taxonomy":"product_brand","embeddable":true,"href":"https:\/\/www.aloebase.com\/cs\/wp-json\/wp\/v2\/product_brand?post=6750"},{"taxonomy":"product_cat","embeddable":true,"href":"https:\/\/www.aloebase.com\/cs\/wp-json\/wp\/v2\/product_cat?post=6750"},{"taxonomy":"product_tag","embeddable":true,"href":"https:\/\/www.aloebase.com\/cs\/wp-json\/wp\/v2\/product_tag?post=6750"}],"curies":[{"name":"wp","href":"https:\/\/api.w.org\/{rel}","templated":true}]}}