{"id":6752,"date":"2023-06-29T16:25:17","date_gmt":"2023-06-29T14:25:17","guid":{"rendered":"https:\/\/www.aloebase.com\/?post_type=product&#038;p=6752"},"modified":"2026-03-27T08:25:10","modified_gmt":"2026-03-27T07:25:10","slug":"moisturising-face-cream","status":"publish","type":"product","link":"https:\/\/www.aloebase.com\/cs\/produkt\/moisturising-face-cream\/","title":{"rendered":"Hydrata\u010dn\u00ed kr\u00e9m na obli\u010dej"},"content":{"rendered":"<p>Organick\u00fd olivov\u00fd olej, organick\u00fd extrakt z aloe vera, Hymagic\u2122 4-D, Fucogel\u00ae, f\u00edkov\u00fd kak-<br \/>\nextrakt ze semen tusu, vitamin E<\/p>","protected":false},"excerpt":{"rendered":"<p>Hydrata\u010dn\u00ed kr\u00e9m na obli\u010dej s organick\u00fdm olivov\u00fdm olejem, organickou aloe vera a kyselinou hyaluronovou se rychle vst\u0159eb\u00e1v\u00e1, hydratuje a chr\u00e1n\u00ed poko\u017eku.<\/p>","protected":false},"featured_media":7246,"template":"","meta":{"_seopress_robots_primary_cat":"none","_seopress_titles_title":"","_seopress_titles_desc":"","_seopress_robots_index":""},"product_brand":[],"product_cat":[66,121],"product_tag":[],"class_list":{"0":"post-6752","1":"product","2":"type-product","3":"status-publish","4":"has-post-thumbnail","6":"product_cat-cosmetics","7":"product_cat-skin-and-beauty","9":"first","10":"instock","11":"taxable","12":"shipping-taxable","13":"purchasable","14":"product-type-simple"},"jetpack_sharing_enabled":true,"_links":{"self":[{"href":"https:\/\/www.aloebase.com\/cs\/wp-json\/wp\/v2\/product\/6752","targetHints":{"allow":["GET"]}}],"collection":[{"href":"https:\/\/www.aloebase.com\/cs\/wp-json\/wp\/v2\/product"}],"about":[{"href":"https:\/\/www.aloebase.com\/cs\/wp-json\/wp\/v2\/types\/product"}],"version-history":[{"count":1,"href":"https:\/\/www.aloebase.com\/cs\/wp-json\/wp\/v2\/product\/6752\/revisions"}],"predecessor-version":[{"id":8426,"href":"https:\/\/www.aloebase.com\/cs\/wp-json\/wp\/v2\/product\/6752\/revisions\/8426"}],"wp:featuredmedia":[{"embeddable":true,"href":"https:\/\/www.aloebase.com\/cs\/wp-json\/wp\/v2\/media\/7246"}],"wp:attachment":[{"href":"https:\/\/www.aloebase.com\/cs\/wp-json\/wp\/v2\/media?parent=6752"}],"wp:term":[{"taxonomy":"product_brand","embeddable":true,"href":"https:\/\/www.aloebase.com\/cs\/wp-json\/wp\/v2\/product_brand?post=6752"},{"taxonomy":"product_cat","embeddable":true,"href":"https:\/\/www.aloebase.com\/cs\/wp-json\/wp\/v2\/product_cat?post=6752"},{"taxonomy":"product_tag","embeddable":true,"href":"https:\/\/www.aloebase.com\/cs\/wp-json\/wp\/v2\/product_tag?post=6752"}],"curies":[{"name":"wp","href":"https:\/\/api.w.org\/{rel}","templated":true}]}}