{"id":6754,"date":"2023-06-29T16:25:17","date_gmt":"2023-06-29T14:25:17","guid":{"rendered":"https:\/\/www.aloebase.com\/?post_type=product&#038;p=6754"},"modified":"2026-05-04T14:10:25","modified_gmt":"2026-05-04T12:10:25","slug":"acne-pro-skin-face-cream","status":"publish","type":"product","link":"https:\/\/www.aloebase.com\/cs\/produkt\/acne-pro-skin-face-cream\/","title":{"rendered":"Ple\u0165ov\u00fd kr\u00e9m proti akn\u00e9 Pro Skin"},"content":{"rendered":"<p>organick\u00fd olivov\u00fd olej, organick\u00fd extrakt z aloe vera, zelen\u00fd \u010daj, rozmar\u00fdn, l\u00e9ko\u0159ice, tymi\u00e1n.<br \/>\nextrakt z citronu, esenci\u00e1ln\u00ed olej z \u010dajovn\u00edku, kyselina salicylov\u00e1, kyselina hyaluronov\u00e1, panthenol<\/p>","protected":false},"excerpt":{"rendered":"<p>Ple\u0165ov\u00fd kr\u00e9m na akn\u00f3zn\u00ed ple\u0165 s organick\u00fdm olivov\u00fdm olejem, organickou aloe vera a tea tree olejem \u00fa\u010dinn\u011b p\u016fsob\u00ed proti mastn\u00e9 a akn\u00f3zn\u00ed pleti, ani\u017e by ji vysu\u0161oval.<\/p>","protected":false},"featured_media":9525,"template":"","meta":{"_seopress_robots_primary_cat":"none","_seopress_titles_title":"","_seopress_titles_desc":"","_seopress_robots_index":""},"product_brand":[],"product_cat":[66,121],"product_tag":[],"class_list":{"0":"post-6754","1":"product","2":"type-product","3":"status-publish","4":"has-post-thumbnail","6":"product_cat-cosmetics","7":"product_cat-skin-and-beauty","9":"first","10":"instock","11":"taxable","12":"shipping-taxable","13":"purchasable","14":"product-type-simple"},"_links":{"self":[{"href":"https:\/\/www.aloebase.com\/cs\/wp-json\/wp\/v2\/product\/6754","targetHints":{"allow":["GET"]}}],"collection":[{"href":"https:\/\/www.aloebase.com\/cs\/wp-json\/wp\/v2\/product"}],"about":[{"href":"https:\/\/www.aloebase.com\/cs\/wp-json\/wp\/v2\/types\/product"}],"version-history":[{"count":1,"href":"https:\/\/www.aloebase.com\/cs\/wp-json\/wp\/v2\/product\/6754\/revisions"}],"predecessor-version":[{"id":9143,"href":"https:\/\/www.aloebase.com\/cs\/wp-json\/wp\/v2\/product\/6754\/revisions\/9143"}],"wp:featuredmedia":[{"embeddable":true,"href":"https:\/\/www.aloebase.com\/cs\/wp-json\/wp\/v2\/media\/9525"}],"wp:attachment":[{"href":"https:\/\/www.aloebase.com\/cs\/wp-json\/wp\/v2\/media?parent=6754"}],"wp:term":[{"taxonomy":"product_brand","embeddable":true,"href":"https:\/\/www.aloebase.com\/cs\/wp-json\/wp\/v2\/product_brand?post=6754"},{"taxonomy":"product_cat","embeddable":true,"href":"https:\/\/www.aloebase.com\/cs\/wp-json\/wp\/v2\/product_cat?post=6754"},{"taxonomy":"product_tag","embeddable":true,"href":"https:\/\/www.aloebase.com\/cs\/wp-json\/wp\/v2\/product_tag?post=6754"}],"curies":[{"name":"wp","href":"https:\/\/api.w.org\/{rel}","templated":true}]}}