{"id":6760,"date":"2023-06-29T16:25:18","date_gmt":"2023-06-29T14:25:18","guid":{"rendered":"https:\/\/www.aloebase.com\/?post_type=product&#038;p=6760"},"modified":"2026-05-04T14:05:12","modified_gmt":"2026-05-04T12:05:12","slug":"moisturising-hand-cream","status":"publish","type":"product","link":"https:\/\/www.aloebase.com\/cs\/produkt\/moisturising-hand-cream\/","title":{"rendered":"Hydrata\u010dn\u00ed kr\u00e9m na ruce"},"content":{"rendered":"<p>Organick\u00fd olivov\u00fd olej, organick\u00fd extrakt z aloe vera, bambuck\u00e9 m\u00e1slo, jojobov\u00fd olej, v\u00fdta\u017eek z he\u0159m\u00e1nku,<br \/>\nPanthenol, vitamin E<\/p>","protected":false},"excerpt":{"rendered":"<p>Hydrata\u010dn\u00ed kr\u00e9m na ruce s bambuck\u00fdm m\u00e1slem, organick\u00fdm olivov\u00fdm olejem a organickou aloe vera m\u00e1 zklid\u0148uj\u00edc\u00ed a zpev\u0148uj\u00edc\u00ed \u00fa\u010dinky.<\/p>","protected":false},"featured_media":9401,"template":"","meta":{"_seopress_robots_primary_cat":"none","_seopress_titles_title":"","_seopress_titles_desc":"","_seopress_robots_index":""},"product_brand":[],"product_cat":[66,121],"product_tag":[],"class_list":{"0":"post-6760","1":"product","2":"type-product","3":"status-publish","4":"has-post-thumbnail","6":"product_cat-cosmetics","7":"product_cat-skin-and-beauty","9":"first","10":"instock","11":"taxable","12":"shipping-taxable","13":"purchasable","14":"product-type-simple"},"_links":{"self":[{"href":"https:\/\/www.aloebase.com\/cs\/wp-json\/wp\/v2\/product\/6760","targetHints":{"allow":["GET"]}}],"collection":[{"href":"https:\/\/www.aloebase.com\/cs\/wp-json\/wp\/v2\/product"}],"about":[{"href":"https:\/\/www.aloebase.com\/cs\/wp-json\/wp\/v2\/types\/product"}],"version-history":[{"count":1,"href":"https:\/\/www.aloebase.com\/cs\/wp-json\/wp\/v2\/product\/6760\/revisions"}],"predecessor-version":[{"id":8420,"href":"https:\/\/www.aloebase.com\/cs\/wp-json\/wp\/v2\/product\/6760\/revisions\/8420"}],"wp:featuredmedia":[{"embeddable":true,"href":"https:\/\/www.aloebase.com\/cs\/wp-json\/wp\/v2\/media\/9401"}],"wp:attachment":[{"href":"https:\/\/www.aloebase.com\/cs\/wp-json\/wp\/v2\/media?parent=6760"}],"wp:term":[{"taxonomy":"product_brand","embeddable":true,"href":"https:\/\/www.aloebase.com\/cs\/wp-json\/wp\/v2\/product_brand?post=6760"},{"taxonomy":"product_cat","embeddable":true,"href":"https:\/\/www.aloebase.com\/cs\/wp-json\/wp\/v2\/product_cat?post=6760"},{"taxonomy":"product_tag","embeddable":true,"href":"https:\/\/www.aloebase.com\/cs\/wp-json\/wp\/v2\/product_tag?post=6760"}],"curies":[{"name":"wp","href":"https:\/\/api.w.org\/{rel}","templated":true}]}}