{"id":6762,"date":"2023-06-29T16:25:18","date_gmt":"2023-06-29T14:25:18","guid":{"rendered":"https:\/\/www.aloebase.com\/?post_type=product&#038;p=6762"},"modified":"2026-03-27T08:25:10","modified_gmt":"2026-03-27T07:25:10","slug":"aloe-vera-gel","status":"publish","type":"product","link":"https:\/\/www.aloebase.com\/cs\/produkt\/aloe-vera-gel\/","title":{"rendered":"Aloe vera gel"},"content":{"rendered":"<p>organick\u00fd olivov\u00fd olej, organick\u00fd extrakt z aloe vera, zelen\u00fd \u010daj, dictamnus, m\u011bs\u00ed\u010dek l\u00e9ka\u0159sk\u00fd a ca-<br \/>\nextrakt z ml\u00fdna, panthenol<\/p>","protected":false},"excerpt":{"rendered":"<p>Gel z aloe vera s v\u00fdta\u017ekem z he\u0159m\u00e1nku a dictamnusu zklid\u0148uje podr\u00e1\u017ed\u011bn\u00ed poko\u017eky, podporuje hojen\u00ed ran a regeneraci zarudl\u00e9 poko\u017eky po slun\u011bn\u00ed.<\/p>","protected":false},"featured_media":7234,"template":"","meta":{"_seopress_robots_primary_cat":"none","_seopress_titles_title":"","_seopress_titles_desc":"","_seopress_robots_index":""},"product_brand":[],"product_cat":[66,121],"product_tag":[],"class_list":{"0":"post-6762","1":"product","2":"type-product","3":"status-publish","4":"has-post-thumbnail","6":"product_cat-cosmetics","7":"product_cat-skin-and-beauty","9":"first","10":"instock","11":"taxable","12":"shipping-taxable","13":"purchasable","14":"product-type-simple"},"jetpack_sharing_enabled":true,"_links":{"self":[{"href":"https:\/\/www.aloebase.com\/cs\/wp-json\/wp\/v2\/product\/6762","targetHints":{"allow":["GET"]}}],"collection":[{"href":"https:\/\/www.aloebase.com\/cs\/wp-json\/wp\/v2\/product"}],"about":[{"href":"https:\/\/www.aloebase.com\/cs\/wp-json\/wp\/v2\/types\/product"}],"version-history":[{"count":1,"href":"https:\/\/www.aloebase.com\/cs\/wp-json\/wp\/v2\/product\/6762\/revisions"}],"predecessor-version":[{"id":8899,"href":"https:\/\/www.aloebase.com\/cs\/wp-json\/wp\/v2\/product\/6762\/revisions\/8899"}],"wp:featuredmedia":[{"embeddable":true,"href":"https:\/\/www.aloebase.com\/cs\/wp-json\/wp\/v2\/media\/7234"}],"wp:attachment":[{"href":"https:\/\/www.aloebase.com\/cs\/wp-json\/wp\/v2\/media?parent=6762"}],"wp:term":[{"taxonomy":"product_brand","embeddable":true,"href":"https:\/\/www.aloebase.com\/cs\/wp-json\/wp\/v2\/product_brand?post=6762"},{"taxonomy":"product_cat","embeddable":true,"href":"https:\/\/www.aloebase.com\/cs\/wp-json\/wp\/v2\/product_cat?post=6762"},{"taxonomy":"product_tag","embeddable":true,"href":"https:\/\/www.aloebase.com\/cs\/wp-json\/wp\/v2\/product_tag?post=6762"}],"curies":[{"name":"wp","href":"https:\/\/api.w.org\/{rel}","templated":true}]}}