{"id":6764,"date":"2023-06-29T16:25:21","date_gmt":"2023-06-29T14:25:21","guid":{"rendered":"https:\/\/www.aloebase.com\/?post_type=product&#038;p=6764"},"modified":"2026-05-04T14:02:17","modified_gmt":"2026-05-04T12:02:17","slug":"body-butter-delicious","status":"publish","type":"product","link":"https:\/\/www.aloebase.com\/cs\/produkt\/body-butter-delicious\/","title":{"rendered":"T\u011blov\u00e9 m\u00e1slo Marvelous"},"content":{"rendered":"<p>organick\u00fd olivov\u00fd olej, organick\u00fd extrakt z aloe vera, meru\u0148kov\u00fd olej, mandlov\u00fd olej, bambuck\u00e9 m\u00e1slo, kakaov\u00e9 m\u00e1slo.<br \/>\nm\u00e1slo, Fucogel\u00ae, rostlinn\u00fd glycerin, vitamin E<\/p>","protected":false},"excerpt":{"rendered":"<p>Z\u00e1zra\u010dn\u00e9 t\u011blov\u00e9 m\u00e1slo poskytuje dlouhotrvaj\u00edc\u00ed hydrataci a v\u00fd\u017eivn\u00e9 l\u00e1tky.<\/p>","protected":false},"featured_media":9518,"template":"","meta":{"_seopress_robots_primary_cat":"none","_seopress_titles_title":"","_seopress_titles_desc":"","_seopress_robots_index":""},"product_brand":[],"product_cat":[66,121],"product_tag":[],"class_list":{"0":"post-6764","1":"product","2":"type-product","3":"status-publish","4":"has-post-thumbnail","6":"product_cat-cosmetics","7":"product_cat-skin-and-beauty","9":"first","10":"instock","11":"taxable","12":"shipping-taxable","13":"purchasable","14":"product-type-simple"},"_links":{"self":[{"href":"https:\/\/www.aloebase.com\/cs\/wp-json\/wp\/v2\/product\/6764","targetHints":{"allow":["GET"]}}],"collection":[{"href":"https:\/\/www.aloebase.com\/cs\/wp-json\/wp\/v2\/product"}],"about":[{"href":"https:\/\/www.aloebase.com\/cs\/wp-json\/wp\/v2\/types\/product"}],"version-history":[{"count":1,"href":"https:\/\/www.aloebase.com\/cs\/wp-json\/wp\/v2\/product\/6764\/revisions"}],"predecessor-version":[{"id":8419,"href":"https:\/\/www.aloebase.com\/cs\/wp-json\/wp\/v2\/product\/6764\/revisions\/8419"}],"wp:featuredmedia":[{"embeddable":true,"href":"https:\/\/www.aloebase.com\/cs\/wp-json\/wp\/v2\/media\/9518"}],"wp:attachment":[{"href":"https:\/\/www.aloebase.com\/cs\/wp-json\/wp\/v2\/media?parent=6764"}],"wp:term":[{"taxonomy":"product_brand","embeddable":true,"href":"https:\/\/www.aloebase.com\/cs\/wp-json\/wp\/v2\/product_brand?post=6764"},{"taxonomy":"product_cat","embeddable":true,"href":"https:\/\/www.aloebase.com\/cs\/wp-json\/wp\/v2\/product_cat?post=6764"},{"taxonomy":"product_tag","embeddable":true,"href":"https:\/\/www.aloebase.com\/cs\/wp-json\/wp\/v2\/product_tag?post=6764"}],"curies":[{"name":"wp","href":"https:\/\/api.w.org\/{rel}","templated":true}]}}