{"id":6778,"date":"2023-06-29T16:25:22","date_gmt":"2023-06-29T14:25:22","guid":{"rendered":"https:\/\/www.aloebase.com\/?post_type=product&#038;p=6778"},"modified":"2026-03-13T10:15:30","modified_gmt":"2026-03-13T09:15:30","slug":"kochschuerze","status":"publish","type":"product","link":"https:\/\/www.aloebase.com\/cs\/produkt\/kochschuerze\/","title":{"rendered":"Z\u00e1st\u011bra na va\u0159en\u00ed"},"content":{"rendered":"<p>Na\u0161e kr\u00e1sn\u00e1 z\u00e1st\u011bra Aloe Base z organick\u00e9 bavlny se pohodln\u011b nos\u00ed a je ide\u00e1ln\u00ed kuchy\u0148skou pom\u016fckou pro p\u0159\u00edpravu \u010derstv\u00fdch organick\u00fdch list\u016f aloe vera, a\u0165 u\u017e jako smoothie nebo superpotravina do sal\u00e1t\u016f \u010di dezert\u016f.<\/p>","protected":false},"excerpt":{"rendered":"<p>Z\u00e1st\u011bra s motivem aloe z pevn\u00e9 organick\u00e9 bavlny<\/p>","protected":false},"featured_media":7077,"template":"","meta":{"_seopress_robots_primary_cat":"none","_seopress_titles_title":"","_seopress_titles_desc":"","_seopress_robots_index":""},"product_brand":[],"product_cat":[63],"product_tag":[],"class_list":{"0":"post-6778","1":"product","2":"type-product","3":"status-publish","4":"has-post-thumbnail","6":"product_cat-design","8":"first","9":"outofstock","10":"taxable","11":"shipping-taxable","12":"purchasable","13":"product-type-simple"},"jetpack_sharing_enabled":true,"_links":{"self":[{"href":"https:\/\/www.aloebase.com\/cs\/wp-json\/wp\/v2\/product\/6778","targetHints":{"allow":["GET"]}}],"collection":[{"href":"https:\/\/www.aloebase.com\/cs\/wp-json\/wp\/v2\/product"}],"about":[{"href":"https:\/\/www.aloebase.com\/cs\/wp-json\/wp\/v2\/types\/product"}],"version-history":[{"count":1,"href":"https:\/\/www.aloebase.com\/cs\/wp-json\/wp\/v2\/product\/6778\/revisions"}],"predecessor-version":[{"id":9028,"href":"https:\/\/www.aloebase.com\/cs\/wp-json\/wp\/v2\/product\/6778\/revisions\/9028"}],"wp:featuredmedia":[{"embeddable":true,"href":"https:\/\/www.aloebase.com\/cs\/wp-json\/wp\/v2\/media\/7077"}],"wp:attachment":[{"href":"https:\/\/www.aloebase.com\/cs\/wp-json\/wp\/v2\/media?parent=6778"}],"wp:term":[{"taxonomy":"product_brand","embeddable":true,"href":"https:\/\/www.aloebase.com\/cs\/wp-json\/wp\/v2\/product_brand?post=6778"},{"taxonomy":"product_cat","embeddable":true,"href":"https:\/\/www.aloebase.com\/cs\/wp-json\/wp\/v2\/product_cat?post=6778"},{"taxonomy":"product_tag","embeddable":true,"href":"https:\/\/www.aloebase.com\/cs\/wp-json\/wp\/v2\/product_tag?post=6778"}],"curies":[{"name":"wp","href":"https:\/\/api.w.org\/{rel}","templated":true}]}}