{"id":684,"date":"2022-01-03T13:19:01","date_gmt":"2022-01-03T12:19:01","guid":{"rendered":"https:\/\/www.aloebase.com\/?post_type=product&#038;p=684"},"modified":"2026-04-27T22:50:42","modified_gmt":"2026-04-27T20:50:42","slug":"aloe-vera-pflanze","status":"publish","type":"product","link":"https:\/\/www.aloebase.com\/cs\/produkt\/aloe-vera-pflanze\/","title":{"rendered":"Rostlina Aloe vera"},"content":{"rendered":"<p>\u010cerstv\u00e9 listy z\u00edsk\u00e1v\u00e1me z vlastn\u00ed farmy na Pelopon\u00e9su v \u0158ecku. P\u011bstujeme nejkvalitn\u011bj\u0161\u00ed Aloe Vera Barbadensis Miller v ekologick\u00fdch podm\u00ednk\u00e1ch.<\/p>\n<p>Po tis\u00edce let je aloe zn\u00e1m\u00e1 sv\u00fdmi hydrata\u010dn\u00edmi, l\u00e9\u010div\u00fdmi a vy\u017eivuj\u00edc\u00edmi vlastnostmi a je pova\u017eov\u00e1na za symbolickou rostlinu nesmrtelnosti. Dnes v\u00edme, \u017ee \u017e\u00e1dn\u00e1 jin\u00e1 rostlina neobsahuje tolik regenera\u010dn\u00edch \u017eivotn\u011b d\u016fle\u017eit\u00fdch l\u00e1tek: vitaminy A, B, C, E a mnoho miner\u00e1l\u016f, aminokyselin, enzym\u016f, cenn\u00fdch polysacharid\u016f a mnoho dal\u0161\u00edch.<\/p>\n<p>V aloe vera bylo identifikov\u00e1no v\u00edce ne\u017e 160 \u00fa\u010dinn\u00fdch l\u00e1tek. Na jedn\u00e9 stran\u011b se pou\u017e\u00edv\u00e1 jako dopln\u011bk stravy k regeneraci lidsk\u00e9ho organismu. Na druh\u00e9 stran\u011b \u010dist\u00e1 \u0161\u0165\u00e1va z aloe vera, a\u0165 u\u017e \u010dist\u00e1 nebo v kosmetick\u00fdch p\u0159\u00edpravc\u00edch, stimuluje p\u0159irozenou obnovu bun\u011bk, metabolismus a kapil\u00e1rn\u00ed cirkulaci v poko\u017ece. Rostlina tak m\u00e1 vy\u017eivuj\u00edc\u00ed, ochrann\u00fd a regenera\u010dn\u00ed \u00fa\u010dinek jak vnit\u0159n\u011b, tak i zevn\u011b.<\/p>\n<p>&nbsp;<\/p>\n<p>&nbsp;<\/p>\n<p>&nbsp;<\/p>\n<p>&nbsp;<\/p>\n<p>&nbsp;<\/p>\n<p>&nbsp;<\/p>\n<p>&nbsp;<\/p>\n<p>&nbsp;<\/p>\n<p>&nbsp;<\/p>\n<p>&nbsp;<\/p>\n<p>&nbsp;<\/p>\n<p>&nbsp;<\/p>\n<p>&nbsp;<\/p>\n<p>&nbsp;<\/p>","protected":false},"excerpt":{"rendered":"<p>Aloe vera je rostlina, kter\u00e1 roste v pou\u0161tn\u00edch oblastech po cel\u00e9m sv\u011bt\u011b. Du\u017eina list\u016f (gel) je bohat\u00e1 na vitaminy A, C, E a B12 a m\u00e1 mnoho pozitivn\u00edch vlastnost\u00ed pro va\u0161e t\u011blo a poko\u017eku. Objednejte si vlastn\u00ed rostlinu aloe vera z na\u0161\u00ed ekologick\u00e9 plant\u00e1\u017ee v \u0158ecku! P\u0159i spr\u00e1vn\u00e9 p\u00e9\u010di v\u00e1m bude d\u011blat radost mnoho let a poskytne v\u00e1m kr\u00e1sn\u00e9 listy pro va\u0161e kosmetick\u00e9 pot\u0159eby. A pokud vydr\u017e\u00edte \u010dekat dostate\u010dn\u011b dlouho, budete si moci velk\u00e9 listy s kr\u00e1sn\u00fdm gelem vychutnat i jako potravinu.<\/p>\n<p>Aloe je mnohem v\u00edc ne\u017e jen kr\u00e1sn\u00e1 okrasn\u00e1 rostlina na okenn\u00edm parapetu, balkon\u011b nebo na zahrad\u011b:<\/p>\n<p>Existuj\u00ed tis\u00edce zp\u016fsob\u016f, jak aloe vyu\u017e\u00edt. V\u0161echny zp\u016fsoby pou\u017eit\u00ed najdete v na\u0161\u00ed knize <a href=\"https:\/\/www.aloebase.com\/cs\/produkt\/aloe-vera-handbuch-2\/\">Kniha<\/a>. Aloe se d\u00e1 i j\u00edst, ale pozor: mezi zelen\u00fdmi listy a gelem je vrstva aloinu. Aloin pozn\u00e1te podle \u017elutozelen\u00e9 a\u017e oran\u017eov\u00e9 barvy. Pokud listy roz\u0159\u00edzneme, aloin se stane viditeln\u00fdm. Aloin m\u016f\u017ee zp\u016fsobit podr\u00e1\u017ed\u011bn\u00ed a ve velk\u00e9m mno\u017estv\u00ed p\u016fsob\u00ed na organismus proj\u00edmav\u011b. Z tohoto d\u016fvodu je d\u016fle\u017eit\u00e9, abyste aloin z rostliny p\u0159ed konzumac\u00ed gelu nebo p\u0159id\u00e1n\u00edm do n\u00e1poje pe\u010dliv\u011b odstranili. Vytvo\u0159ili jsme jednoduch\u00fd n\u00e1vod, jak to ud\u011blat, kter\u00fd si m\u016f\u017eete st\u00e1hnout zde. <a href=\"https:\/\/www.youtube.com\/watch?v=7aFalItd2cw\">zde<\/a> si m\u016f\u017eete prohl\u00e9dnout.<\/p>\n<p>Lieferug ohne Topf. Gr\u00f6sse 20-30 cm<\/p>\n<p>&nbsp;<\/p>\n<p>&nbsp;<\/p>\n<p>&nbsp;<\/p>\n<p>&nbsp;<\/p>\n<p>&nbsp;<\/p>\n<p>&nbsp;<\/p>","protected":false},"featured_media":2133,"template":"","meta":{"_seopress_robots_primary_cat":"none","_seopress_titles_title":"Aloe Vera Pflanze kaufen - Echte Aloe von Aloe Base","_seopress_titles_desc":"Die Aloe ist eine sukkulente Zimmerpflanze. Sie ist pflegeleicht, dekorativ & hat positive Effekte auf die Gesundheit. \u25baAloe Vera Pflanze kaufen","_seopress_robots_index":""},"product_brand":[],"product_cat":[39,22],"product_tag":[],"class_list":{"0":"post-684","1":"product","2":"type-product","3":"status-publish","4":"has-post-thumbnail","6":"product_cat-aloepure","7":"product_cat-pflanze","9":"first","10":"instock","11":"taxable","12":"shipping-taxable","13":"purchasable","14":"product-type-simple"},"_links":{"self":[{"href":"https:\/\/www.aloebase.com\/cs\/wp-json\/wp\/v2\/product\/684","targetHints":{"allow":["GET"]}}],"collection":[{"href":"https:\/\/www.aloebase.com\/cs\/wp-json\/wp\/v2\/product"}],"about":[{"href":"https:\/\/www.aloebase.com\/cs\/wp-json\/wp\/v2\/types\/product"}],"version-history":[{"count":7,"href":"https:\/\/www.aloebase.com\/cs\/wp-json\/wp\/v2\/product\/684\/revisions"}],"predecessor-version":[{"id":9422,"href":"https:\/\/www.aloebase.com\/cs\/wp-json\/wp\/v2\/product\/684\/revisions\/9422"}],"wp:featuredmedia":[{"embeddable":true,"href":"https:\/\/www.aloebase.com\/cs\/wp-json\/wp\/v2\/media\/2133"}],"wp:attachment":[{"href":"https:\/\/www.aloebase.com\/cs\/wp-json\/wp\/v2\/media?parent=684"}],"wp:term":[{"taxonomy":"product_brand","embeddable":true,"href":"https:\/\/www.aloebase.com\/cs\/wp-json\/wp\/v2\/product_brand?post=684"},{"taxonomy":"product_cat","embeddable":true,"href":"https:\/\/www.aloebase.com\/cs\/wp-json\/wp\/v2\/product_cat?post=684"},{"taxonomy":"product_tag","embeddable":true,"href":"https:\/\/www.aloebase.com\/cs\/wp-json\/wp\/v2\/product_tag?post=684"}],"curies":[{"name":"wp","href":"https:\/\/api.w.org\/{rel}","templated":true}]}}