{"id":7922,"date":"2026-04-15T13:58:46","date_gmt":"2026-04-15T11:58:46","guid":{"rendered":"https:\/\/www.aloebase.com\/?post_type=product&#038;p=7922"},"modified":"2026-05-04T13:28:20","modified_gmt":"2026-05-04T11:28:20","slug":"revitalisierende-gesichtscreme-fuer-maenner-copy","status":"publish","type":"product","link":"https:\/\/www.aloebase.com\/cs\/produkt\/revitalisierende-gesichtscreme-fuer-maenner-copy\/","title":{"rendered":"Revitaliza\u010dn\u00ed kr\u00e9m na obli\u010dej pro mu\u017ee"},"content":{"rendered":"<p>organick\u00fd olivov\u00fd olej, organick\u00fd extrakt z aloe vera, TRIglyphix\u00ae Sense (extrakt z je\u010dmene), Hymagic\u2122 4-D, bambuck\u00e9 m\u00e1slo, extrakt z ko\u0159ene z\u00e1zvoru, extrakt z ko\u0159ene \u017een\u0161enu, extrakt z diktamonu.<\/p>","protected":false},"excerpt":{"rendered":"<p>Revitaliza\u010dn\u00ed kr\u00e9m na obli\u010dej pro mu\u017ee, hydratuje a zklid\u0148uje podr\u00e1\u017ed\u011bnou ple\u0165 po holen\u00ed, neleskne se!<\/p>","protected":false},"featured_media":9495,"template":"","meta":{"_seopress_robots_primary_cat":"none","_seopress_titles_title":"","_seopress_titles_desc":"","_seopress_robots_index":""},"product_brand":[],"product_cat":[121],"product_tag":[],"class_list":{"0":"post-7922","1":"product","2":"type-product","3":"status-publish","4":"has-post-thumbnail","6":"product_cat-skin-and-beauty","8":"first","9":"instock","10":"taxable","11":"shipping-taxable","12":"purchasable","13":"product-type-simple"},"_links":{"self":[{"href":"https:\/\/www.aloebase.com\/cs\/wp-json\/wp\/v2\/product\/7922","targetHints":{"allow":["GET"]}}],"collection":[{"href":"https:\/\/www.aloebase.com\/cs\/wp-json\/wp\/v2\/product"}],"about":[{"href":"https:\/\/www.aloebase.com\/cs\/wp-json\/wp\/v2\/types\/product"}],"version-history":[{"count":3,"href":"https:\/\/www.aloebase.com\/cs\/wp-json\/wp\/v2\/product\/7922\/revisions"}],"predecessor-version":[{"id":9465,"href":"https:\/\/www.aloebase.com\/cs\/wp-json\/wp\/v2\/product\/7922\/revisions\/9465"}],"wp:featuredmedia":[{"embeddable":true,"href":"https:\/\/www.aloebase.com\/cs\/wp-json\/wp\/v2\/media\/9495"}],"wp:attachment":[{"href":"https:\/\/www.aloebase.com\/cs\/wp-json\/wp\/v2\/media?parent=7922"}],"wp:term":[{"taxonomy":"product_brand","embeddable":true,"href":"https:\/\/www.aloebase.com\/cs\/wp-json\/wp\/v2\/product_brand?post=7922"},{"taxonomy":"product_cat","embeddable":true,"href":"https:\/\/www.aloebase.com\/cs\/wp-json\/wp\/v2\/product_cat?post=7922"},{"taxonomy":"product_tag","embeddable":true,"href":"https:\/\/www.aloebase.com\/cs\/wp-json\/wp\/v2\/product_tag?post=7922"}],"curies":[{"name":"wp","href":"https:\/\/api.w.org\/{rel}","templated":true}]}}