{"id":8165,"date":"2023-11-22T15:42:21","date_gmt":"2023-11-22T14:42:21","guid":{"rendered":"https:\/\/www.aloebase.com\/?post_type=product&#038;p=8165"},"modified":"2026-04-22T12:24:16","modified_gmt":"2026-04-22T10:24:16","slug":"crowdfarming","status":"publish","type":"product","link":"https:\/\/www.aloebase.com\/cs\/produkt\/crowdfarming\/","title":{"rendered":"Crowdfarming Aloe Vera"},"content":{"rendered":"<p>Aloe Barbadensis Miller je zn\u00e1m\u00e1 sv\u00fdmi kosmetick\u00fdmi a l\u00e9\u010div\u00fdmi vlastnostmi. Spole\u010dnost Aloe Base by r\u00e1da p\u0159isp\u011bla k propagaci pou\u017e\u00edv\u00e1n\u00ed list\u016f jako hodnotn\u00e9 potraviny, proto\u017ee obsahuj\u00ed speci\u00e1ln\u00ed \u00fa\u010dinn\u00e9 l\u00e1tky, kter\u00e9 jsou prosp\u011b\u0161n\u00e9 pro na\u0161e zdrav\u00ed. Listy aloe vera jsou superpotravinou a jejich pou\u017e\u00edv\u00e1n\u00edm jako potraviny z\u00e1rove\u0148 roz\u0161i\u0159ujeme \u0161k\u00e1lu vyu\u017eit\u00ed tohoto produktu. D\u00edky tomu je p\u011bstov\u00e1n\u00ed je\u0161t\u011b udr\u017eiteln\u011bj\u0161\u00ed. Na\u0161e posl\u00e1n\u00ed: V duchu modern\u00ed interpretace zdrav\u00e9ho \u017eivotn\u00edho stylu vyr\u00e1b\u00edme a distribuujeme udr\u017eitelnou surovinu, kter\u00e1 slou\u017e\u00ed mnoha lidem jako potravina, l\u00e9k i k p\u00e9\u010di o kr\u00e1su.<\/p>\n<p>Existuj\u00ed tis\u00edce zp\u016fsob\u016f, jak aloe vyu\u017e\u00edt. V\u0161echny zp\u016fsoby pou\u017eit\u00ed najdete v kurzu, kter\u00fd obdr\u017e\u00edte zdarma, a v na\u0161\u00ed knize. <a href=\"https:\/\/www.aloebase.com\/cs\/produkt\/aloe-vera-handbuch-2\/\">Kniha<\/a>.<\/p>\n<p>Aloe lze j\u00edst, ale pozor: mezi zelen\u00fdmi listy a gelem je vrstva aloinu. Aloin se pozn\u00e1 podle \u017elutozelen\u00e9 a\u017e oran\u017eov\u00e9 barvy. Pokud listy roz\u0159\u00edzneme, aloin se stane viditeln\u00fdm. Aloin m\u016f\u017ee zp\u016fsobit podr\u00e1\u017ed\u011bn\u00ed a ve velk\u00e9m mno\u017estv\u00ed p\u016fsob\u00ed na organismus proj\u00edmav\u011b. Z tohoto d\u016fvodu je d\u016fle\u017eit\u00e9, abyste aloin z rostliny p\u0159ed konzumac\u00ed gelu nebo p\u0159id\u00e1n\u00edm do n\u00e1poje pe\u010dliv\u011b odstranili. Vytvo\u0159ili jsme jednoduch\u00fd n\u00e1vod, jak to ud\u011blat, kter\u00fd si m\u016f\u017eete st\u00e1hnout zde. <a href=\"https:\/\/www.youtube.com\/watch?v=7aFalItd2cw\">zde<\/a> si m\u016f\u017eete prohl\u00e9dnout.<\/p>\n<p>Informace o p\u0159eprav\u011b:<br \/>\nBal\u00ed\u010dek z recyklovan\u00e9ho kartonu s listy aloe vera z na\u0161\u00ed ekologick\u00e9 plant\u00e1\u017ee v \u0158ecku k v\u00e1m doraz\u00ed b\u011bhem n\u011bkolika dn\u00ed.<\/p>","protected":false},"excerpt":{"rendered":"<p>Obdr\u017e\u00edte 7 list\u016f ro\u010dn\u011b, abyste m\u011bli v\u017edy \u010derstv\u00e9 aloe pro sv\u00e9 zdrav\u00ed. V\u0161e o slo\u017een\u00ed a pou\u017eit\u00ed se dozv\u00edte v t\u0159\u00edd\u00edln\u00e9m kurzu, kter\u00fd obdr\u017e\u00edte zdarma. Rozhodn\u011bte se, zda si chcete rostlinu po\u0159\u00eddit na jeden nebo dva roky a zda si p\u0159ejete listy dod\u00e1vat p\u0159\u00edmo k v\u00e1m dom\u016f nebo do obchodu. <a href=\"https:\/\/maps.app.goo.gl\/FK2xUtoLpdjtLnNU8\">Obchod ve V\u00eddni<\/a> cht\u011bj\u00ed shroma\u017e\u010fovat. U\u0161et\u0159\u00edte tak n\u00e1klady na logistiku.<\/p>","protected":false},"featured_media":8033,"template":"","meta":{"_seopress_robots_primary_cat":"none","_seopress_titles_title":"","_seopress_titles_desc":"","_seopress_robots_index":""},"product_brand":[],"product_cat":[123],"product_tag":[103],"class_list":{"0":"post-8165","1":"product","2":"type-product","3":"status-publish","4":"has-post-thumbnail","6":"product_cat-retreat","7":"product_tag-crowdfarming","9":"first","10":"instock","11":"taxable","12":"shipping-taxable","13":"purchasable","14":"product-type-variable"},"_links":{"self":[{"href":"https:\/\/www.aloebase.com\/cs\/wp-json\/wp\/v2\/product\/8165","targetHints":{"allow":["GET"]}}],"collection":[{"href":"https:\/\/www.aloebase.com\/cs\/wp-json\/wp\/v2\/product"}],"about":[{"href":"https:\/\/www.aloebase.com\/cs\/wp-json\/wp\/v2\/types\/product"}],"version-history":[{"count":4,"href":"https:\/\/www.aloebase.com\/cs\/wp-json\/wp\/v2\/product\/8165\/revisions"}],"predecessor-version":[{"id":9042,"href":"https:\/\/www.aloebase.com\/cs\/wp-json\/wp\/v2\/product\/8165\/revisions\/9042"}],"wp:featuredmedia":[{"embeddable":true,"href":"https:\/\/www.aloebase.com\/cs\/wp-json\/wp\/v2\/media\/8033"}],"wp:attachment":[{"href":"https:\/\/www.aloebase.com\/cs\/wp-json\/wp\/v2\/media?parent=8165"}],"wp:term":[{"taxonomy":"product_brand","embeddable":true,"href":"https:\/\/www.aloebase.com\/cs\/wp-json\/wp\/v2\/product_brand?post=8165"},{"taxonomy":"product_cat","embeddable":true,"href":"https:\/\/www.aloebase.com\/cs\/wp-json\/wp\/v2\/product_cat?post=8165"},{"taxonomy":"product_tag","embeddable":true,"href":"https:\/\/www.aloebase.com\/cs\/wp-json\/wp\/v2\/product_tag?post=8165"}],"curies":[{"name":"wp","href":"https:\/\/api.w.org\/{rel}","templated":true}]}}