{"id":9057,"date":"2025-05-13T15:14:07","date_gmt":"2025-05-13T13:14:07","guid":{"rendered":"https:\/\/www.aloebase.com\/?post_type=product&#038;p=9057"},"modified":"2026-05-04T13:57:47","modified_gmt":"2026-05-04T11:57:47","slug":"retreat","status":"publish","type":"product","link":"https:\/\/www.aloebase.com\/cs\/produkt\/retreat\/","title":{"rendered":"\u00dastup z \u0158ecka"},"content":{"rendered":"<h3><span style=\"color: #339966;\"><strong>\u00dastup \u0158ecko Ekologick\u00e9 plant\u00e1\u017ee a horsk\u00e1 krajina u mo\u0159e<\/strong><\/span><\/h3>\n<p data-start=\"56\" data-end=\"136\">Manchmal brauchst du keinen Plan.<br data-start=\"89\" data-end=\"92\" \/>Nur einen Ort, der dich wieder sp\u00fcren l\u00e4sst.<\/p>\n<p data-start=\"138\" data-end=\"338\">Unser Retreat f\u00fchrt dich genau dorthin:<br data-start=\"177\" data-end=\"180\" \/>auf eine <strong data-start=\"189\" data-end=\"231\">Bio Aloe Vera Plantage in Griechenland<\/strong>, eingebettet zwischen <strong data-start=\"254\" data-end=\"287\">Berglandschaften und dem Meer<\/strong>. Ein Ort, der nicht nur sch\u00f6n ist \u2013 sondern wirkt.<\/p>\n<p data-start=\"340\" data-end=\"416\">Hier geht es nicht um \u201eeinfach Urlaub\u201c.<br data-start=\"379\" data-end=\"382\" \/>Es geht um <strong data-start=\"393\" data-end=\"415\">echte Regeneration<\/strong>.<\/p>\n<ul>\n<li data-start=\"418\" data-end=\"621\"><strong data-start=\"421\" data-end=\"458\">Aloe Vera direkt von der Plantage<\/strong> \u2013 naturbelassen, kraftvoll, urspr\u00fcnglich<\/li>\n<li data-start=\"418\" data-end=\"621\"><strong data-start=\"505\" data-end=\"527\">Meeresluft &amp; Weite<\/strong>, die deinen Kopf frei macht<\/li>\n<li data-start=\"418\" data-end=\"621\"><strong data-start=\"561\" data-end=\"579\">Ruhe der Berge<\/strong>, die dich wieder bei dir ankommen l\u00e4sst<\/li>\n<\/ul>\n<p data-start=\"623\" data-end=\"701\">Du gibst deinem K\u00f6rper, was ihm oft fehlt:<br data-start=\"665\" data-end=\"668\" \/>Zeit. Ruhe. N\u00e4hrstoffe. Klarheit.<\/p>\n<p data-start=\"703\" data-end=\"826\">Und genau darin liegt der Unterschied:<br data-start=\"741\" data-end=\"744\" \/>Du erlebst nicht nur Entspannung \u2013<br data-start=\"778\" data-end=\"781\" \/>du <strong data-start=\"784\" data-end=\"825\">verbindest dich wieder mit dir selbst<\/strong>.<\/p>\n<p data-start=\"828\" data-end=\"880\">Vielleicht ist es genau das, was du gerade brauchst.<\/p>\n<pre><span style=\"color: #339966;\"><strong>Na\u0161e video z v\u00fdjezdn\u00edho zased\u00e1n\u00ed je online! Pod\u00edvejte se - mo\u017en\u00e1 u\u017e to c\u00edt\u00edte?<br data-start=\"2300\" data-end=\"2303\" \/>\ud83d\udc49 <a class=\"\" href=\"https:\/\/youtu.be\/Pxk3o53dfCg\" target=\"_blank\" rel=\"noopener\" data-start=\"2306\" data-end=\"2328\">Klikn\u011bte na video<\/a>\r\n\r\n<span style=\"color: #333333;\">Der Preis ist exklusive Flugkosten!!<\/span><\/strong><\/span><\/pre>","protected":false},"excerpt":{"rendered":"<p>Retreat Griechenland Bio Plantage und Berglandschaften am Meer Manchmal brauchst du keinen Plan.Nur einen Ort, der dich wieder sp\u00fcren l\u00e4sst. Unser Retreat f\u00fchrt dich genau dorthin:auf eine Bio Aloe Vera Plantage in Griechenland, eingebettet zwischen Berglandschaften und dem Meer. Ein Ort, der nicht nur sch\u00f6n ist \u2013 sondern wirkt. Hier geht es nicht um \u201eeinfach [&hellip;]<\/p>\n","protected":false},"featured_media":9515,"template":"","meta":{"_seopress_robots_primary_cat":"none","_seopress_titles_title":"","_seopress_titles_desc":"Erlebe dein Aloe Retreat auf einer nachhaltigen Farm in Griechenland. Mit Yoga, Massage & frischer Aloe f\u00fcr Detox, Longevity &\u00a0innere\u00a0Balance.","_seopress_robots_index":""},"product_brand":[],"product_cat":[123],"product_tag":[105,106],"class_list":{"0":"post-9057","1":"product","2":"type-product","3":"status-publish","4":"has-post-thumbnail","6":"product_cat-retreat","7":"product_tag-aloevera","8":"product_tag-retreat","10":"first","11":"instock","12":"taxable","13":"shipping-taxable","14":"purchasable","15":"product-type-simple"},"_links":{"self":[{"href":"https:\/\/www.aloebase.com\/cs\/wp-json\/wp\/v2\/product\/9057","targetHints":{"allow":["GET"]}}],"collection":[{"href":"https:\/\/www.aloebase.com\/cs\/wp-json\/wp\/v2\/product"}],"about":[{"href":"https:\/\/www.aloebase.com\/cs\/wp-json\/wp\/v2\/types\/product"}],"version-history":[{"count":9,"href":"https:\/\/www.aloebase.com\/cs\/wp-json\/wp\/v2\/product\/9057\/revisions"}],"predecessor-version":[{"id":9327,"href":"https:\/\/www.aloebase.com\/cs\/wp-json\/wp\/v2\/product\/9057\/revisions\/9327"}],"wp:featuredmedia":[{"embeddable":true,"href":"https:\/\/www.aloebase.com\/cs\/wp-json\/wp\/v2\/media\/9515"}],"wp:attachment":[{"href":"https:\/\/www.aloebase.com\/cs\/wp-json\/wp\/v2\/media?parent=9057"}],"wp:term":[{"taxonomy":"product_brand","embeddable":true,"href":"https:\/\/www.aloebase.com\/cs\/wp-json\/wp\/v2\/product_brand?post=9057"},{"taxonomy":"product_cat","embeddable":true,"href":"https:\/\/www.aloebase.com\/cs\/wp-json\/wp\/v2\/product_cat?post=9057"},{"taxonomy":"product_tag","embeddable":true,"href":"https:\/\/www.aloebase.com\/cs\/wp-json\/wp\/v2\/product_tag?post=9057"}],"curies":[{"name":"wp","href":"https:\/\/api.w.org\/{rel}","templated":true}]}}