{"id":9177,"date":"2026-03-18T13:57:21","date_gmt":"2026-03-18T12:57:21","guid":{"rendered":"https:\/\/www.aloebase.com\/?post_type=product&#038;p=9177"},"modified":"2026-05-04T13:55:37","modified_gmt":"2026-05-04T11:55:37","slug":"extra-virgin-olive-oil","status":"publish","type":"product","link":"https:\/\/www.aloebase.com\/cs\/produkt\/extra-virgin-olive-oil\/","title":{"rendered":"Extra panensk\u00fd olivov\u00fd olej"},"content":{"rendered":"<p data-start=\"79\" data-end=\"163\">Pr\u00e9miov\u00fd organick\u00fd olivov\u00fd olej z \u0158ecka<\/p>\n<p data-start=\"165\" data-end=\"435\">Brzy sklizen\u00e9 olivy Koroneiki z Pelopon\u00e9su, \u0161etrn\u011b lisovan\u00e9 za studena, aby m\u011bly intenzivn\u00ed chu\u0165 a \u0161pi\u010dkovou kvalitu. Tento olivov\u00fd olej s 1050 mg\/kg polyfenol\u016f pat\u0159\u00ed do kategorie olivov\u00fdch olej\u016f s vysok\u00fdm obsahem fenol\u016f a je obzvl\u00e1\u0161t\u011b bohat\u00fd na p\u0159\u00edrodn\u00ed antioxidanty.<\/p>\n<p data-start=\"437\" data-end=\"520\">Chu\u0165: Ovocn\u00e1, lehce citronov\u00e1, s jemn\u00fdmi bylinn\u00fdmi t\u00f3ny a elegantn\u00edm z\u00e1v\u011brem.<\/p>\n<p data-start=\"522\" data-end=\"629\">Kvalita: Prvn\u00ed lisov\u00e1n\u00ed za studena, ru\u010dn\u00ed sb\u011br, ekologick\u00e9 p\u011bstov\u00e1n\u00ed z \u0158ecka, vysok\u00fd obsah p\u0159\u00edrodn\u00edch polyfenol\u016f.<\/p>\n<p data-start=\"631\" data-end=\"702\">Ide\u00e1ln\u00ed pro sal\u00e1ty, zeleninu, ryby, antipasti a zdravou v\u00fd\u017eivu.<\/p>\n<p data-start=\"704\" data-end=\"851\" data-is-last-node=\"\" data-is-only-node=\"\">Polyfenoly pom\u00e1haj\u00ed chr\u00e1nit bu\u0148ky p\u0159ed oxida\u010dn\u00edm stresem a \u010din\u00ed z tohoto oleje cennou sou\u010d\u00e1st st\u0159edomo\u0159sk\u00e9 stravy.<\/p>","protected":false},"excerpt":{"rendered":"<p>Pr\u00e9miov\u00fd organick\u00fd olivov\u00fd olej z oliv Koroneiki, skl\u00edzen\u00fd v ran\u00e9m st\u00e1diu, lisovan\u00fd za studena a bohat\u00fd na polyfenoly, kter\u00fd zaru\u010duje nejvy\u0161\u0161\u00ed kvalitu.<\/p>","protected":false},"featured_media":9514,"template":"","meta":{"_seopress_robots_primary_cat":"none","_seopress_titles_title":"","_seopress_titles_desc":"","_seopress_robots_index":""},"product_brand":[],"product_cat":[122],"product_tag":[],"class_list":{"0":"post-9177","1":"product","2":"type-product","3":"status-publish","4":"has-post-thumbnail","6":"product_cat-superfood","8":"first","9":"instock","10":"taxable","11":"shipping-taxable","12":"purchasable","13":"product-type-variable"},"_links":{"self":[{"href":"https:\/\/www.aloebase.com\/cs\/wp-json\/wp\/v2\/product\/9177","targetHints":{"allow":["GET"]}}],"collection":[{"href":"https:\/\/www.aloebase.com\/cs\/wp-json\/wp\/v2\/product"}],"about":[{"href":"https:\/\/www.aloebase.com\/cs\/wp-json\/wp\/v2\/types\/product"}],"version-history":[{"count":3,"href":"https:\/\/www.aloebase.com\/cs\/wp-json\/wp\/v2\/product\/9177\/revisions"}],"predecessor-version":[{"id":9388,"href":"https:\/\/www.aloebase.com\/cs\/wp-json\/wp\/v2\/product\/9177\/revisions\/9388"}],"wp:featuredmedia":[{"embeddable":true,"href":"https:\/\/www.aloebase.com\/cs\/wp-json\/wp\/v2\/media\/9514"}],"wp:attachment":[{"href":"https:\/\/www.aloebase.com\/cs\/wp-json\/wp\/v2\/media?parent=9177"}],"wp:term":[{"taxonomy":"product_brand","embeddable":true,"href":"https:\/\/www.aloebase.com\/cs\/wp-json\/wp\/v2\/product_brand?post=9177"},{"taxonomy":"product_cat","embeddable":true,"href":"https:\/\/www.aloebase.com\/cs\/wp-json\/wp\/v2\/product_cat?post=9177"},{"taxonomy":"product_tag","embeddable":true,"href":"https:\/\/www.aloebase.com\/cs\/wp-json\/wp\/v2\/product_tag?post=9177"}],"curies":[{"name":"wp","href":"https:\/\/api.w.org\/{rel}","templated":true}]}}