{"id":9185,"date":"2026-03-18T14:49:24","date_gmt":"2026-03-18T13:49:24","guid":{"rendered":"https:\/\/www.aloebase.com\/?post_type=product&#038;p=9185"},"modified":"2026-05-04T13:53:02","modified_gmt":"2026-05-04T11:53:02","slug":"eingelegte-oliven","status":"publish","type":"product","link":"https:\/\/www.aloebase.com\/cs\/produkt\/eingelegte-oliven\/","title":{"rendered":"Nakl\u00e1dan\u00e9 olivy"},"content":{"rendered":"<p data-start=\"127\" data-end=\"165\"><strong data-start=\"127\" data-end=\"165\">Mit wildem Berg-Oregano &amp; Rosmarin<\/strong><\/p>\n<p data-start=\"167\" data-end=\"368\">Unsere gro\u00dfen gr\u00fcnen Oliven werden traditionell verarbeitet und anschlie\u00dfend in nativem Oliven\u00f6l extra mit wildem Berg-Oregano und Rosmarin eingelegt.<br data-start=\"317\" data-end=\"320\" \/>Ein intensives, mediterranes Geschmackserlebnis.<\/p>\n<p data-start=\"442\" data-end=\"692\"><strong data-start=\"442\" data-end=\"471\">Traditionelle Herstellung<\/strong><br data-start=\"471\" data-end=\"474\" \/>Sorgf\u00e4ltig ausgew\u00e4hlte Oliven werden leicht eingeritzt und mehrere Wochen gew\u00e4ssert, um nat\u00fcrliche Bitterstoffe zu entfernen.<br data-start=\"599\" data-end=\"602\" \/>Anschlie\u00dfend reifen sie in Salzl\u00f6sung und werden in unsere aromatische Marinade eingelegt.<\/p>\n<p data-start=\"694\" data-end=\"779\"><strong data-start=\"694\" data-end=\"713\">Unsere Marinade<\/strong><br data-start=\"713\" data-end=\"716\" \/>\u2022 Natives Oliven\u00f6l extra<br data-start=\"740\" data-end=\"743\" \/>\u2022 Wilder Berg-Oregano<br data-start=\"764\" data-end=\"767\" \/>\u2022 Rosmarin<\/p>","protected":false},"excerpt":{"rendered":"<p>Gro\u00dfe gr\u00fcne Oliven in nativem Oliven\u00f6l extra, verfeinert mit wildem Berg Oregano und Rosmarin f\u00fcr intensiven mediterranen Geschmack.<\/p>","protected":false},"featured_media":0,"template":"","meta":{"_seopress_robots_primary_cat":"none","_seopress_titles_title":"","_seopress_titles_desc":"","_seopress_robots_index":""},"product_brand":[],"product_cat":[122],"product_tag":[],"class_list":{"0":"post-9185","1":"product","2":"type-product","3":"status-publish","5":"product_cat-superfood","7":"first","8":"instock","9":"taxable","10":"shipping-taxable","11":"purchasable","12":"product-type-variable"},"_links":{"self":[{"href":"https:\/\/www.aloebase.com\/cs\/wp-json\/wp\/v2\/product\/9185","targetHints":{"allow":["GET"]}}],"collection":[{"href":"https:\/\/www.aloebase.com\/cs\/wp-json\/wp\/v2\/product"}],"about":[{"href":"https:\/\/www.aloebase.com\/cs\/wp-json\/wp\/v2\/types\/product"}],"version-history":[{"count":3,"href":"https:\/\/www.aloebase.com\/cs\/wp-json\/wp\/v2\/product\/9185\/revisions"}],"predecessor-version":[{"id":9420,"href":"https:\/\/www.aloebase.com\/cs\/wp-json\/wp\/v2\/product\/9185\/revisions\/9420"}],"wp:attachment":[{"href":"https:\/\/www.aloebase.com\/cs\/wp-json\/wp\/v2\/media?parent=9185"}],"wp:term":[{"taxonomy":"product_brand","embeddable":true,"href":"https:\/\/www.aloebase.com\/cs\/wp-json\/wp\/v2\/product_brand?post=9185"},{"taxonomy":"product_cat","embeddable":true,"href":"https:\/\/www.aloebase.com\/cs\/wp-json\/wp\/v2\/product_cat?post=9185"},{"taxonomy":"product_tag","embeddable":true,"href":"https:\/\/www.aloebase.com\/cs\/wp-json\/wp\/v2\/product_tag?post=9185"}],"curies":[{"name":"wp","href":"https:\/\/api.w.org\/{rel}","templated":true}]}}