{"id":9202,"date":"2026-03-19T10:49:03","date_gmt":"2026-03-19T09:49:03","guid":{"rendered":"https:\/\/www.aloebase.com\/?post_type=product&#038;p=9202"},"modified":"2026-05-04T13:51:39","modified_gmt":"2026-05-04T11:51:39","slug":"koroneiki-olivenbaum","status":"publish","type":"product","link":"https:\/\/www.aloebase.com\/cs\/produkt\/koroneiki-olivenbaum\/","title":{"rendered":"Olivovn\u00edk Koroneiki"},"content":{"rendered":"<p data-start=\"54\" data-end=\"307\">Mediterrane Lebenskunst f\u00fcr Garten, Terrasse und Wohnraum. Der Olivenbaum steht seit Jahrtausenden f\u00fcr Best\u00e4ndigkeit und Naturverbundenheit. Mit unserem sortenreinen Koroneiki Olivenbaum holen Sie sich ein St\u00fcck mediterrane Lebensphilosophie nach Hause.<\/p>\n<p data-start=\"309\" data-end=\"491\">Die Pflanzen stammen direkt aus Griechenland und wachsen unter der Sonne des Mittelmeers. Jeder Baum wird sorgf\u00e4ltig ausgew\u00e4hlt und im Topf mit original griechischer Erde kultiviert.<\/p>\n<p data-start=\"493\" data-end=\"684\">Die Koroneiki-Olive z\u00e4hlt zu den hochwertigsten Sorten Griechenlands und ist bekannt f\u00fcr ihre Robustheit und Qualit\u00e4t. Sie wird traditionell f\u00fcr eines der besten Oliven\u00f6le der Welt verwendet.<\/p>\n<p data-start=\"686\" data-end=\"839\">Ob im Garten, auf der Terrasse oder im Wohnraum \u2013 der Olivenbaum schafft eine ruhige, nat\u00fcrliche Atmosph\u00e4re und bringt mediterranes Flair in Ihr Zuhause.<\/p>\n<p data-start=\"841\" data-end=\"926\"><strong data-start=\"841\" data-end=\"859\">Eigenschaften:<\/strong><br data-start=\"859\" data-end=\"862\" \/>Sortenrein \u00b7 100\u2013120 cm \u00b7 winterhart \u00b7 direkt aus Griechenland<\/p>\n<p data-start=\"959\" data-end=\"1024\"><strong data-start=\"959\" data-end=\"972\">Abholung:<\/strong> Kein Versand \u00b7 Teesdorf \u00b7 Samstag 08:00\u201312:00 Uhr oder nach Vereinbarung Wien, R. Waisenhorngasse 86\/2, 1230 &#8211; 06991 605 1909<br \/>\n<strong>Adresse<\/strong>: Wr. Neust\u00e4dter Str. 43, A-2524 Teesdorf<\/p>","protected":false},"excerpt":{"rendered":"<p>Koroneiki Olivenbaum aus Griechenland, mediterranes Flair f\u00fcr Garten, Terrasse oder Wohnraum, robust und zeitlos sch\u00f6n.<\/p>","protected":false},"featured_media":9512,"template":"","meta":{"_seopress_robots_primary_cat":"none","_seopress_titles_title":"","_seopress_titles_desc":"","_seopress_robots_index":""},"product_brand":[],"product_cat":[122,16],"product_tag":[117,118],"class_list":{"0":"post-9202","1":"product","2":"type-product","3":"status-publish","4":"has-post-thumbnail","6":"product_cat-superfood","7":"product_cat-unkategorisiert","8":"product_tag-oliven","9":"product_tag-olivenbaum","10":"product_shipping_class-nur-abholung","12":"first","13":"outofstock","14":"taxable","15":"shipping-taxable","16":"purchasable","17":"product-type-simple"},"_links":{"self":[{"href":"https:\/\/www.aloebase.com\/cs\/wp-json\/wp\/v2\/product\/9202","targetHints":{"allow":["GET"]}}],"collection":[{"href":"https:\/\/www.aloebase.com\/cs\/wp-json\/wp\/v2\/product"}],"about":[{"href":"https:\/\/www.aloebase.com\/cs\/wp-json\/wp\/v2\/types\/product"}],"version-history":[{"count":4,"href":"https:\/\/www.aloebase.com\/cs\/wp-json\/wp\/v2\/product\/9202\/revisions"}],"predecessor-version":[{"id":9419,"href":"https:\/\/www.aloebase.com\/cs\/wp-json\/wp\/v2\/product\/9202\/revisions\/9419"}],"wp:featuredmedia":[{"embeddable":true,"href":"https:\/\/www.aloebase.com\/cs\/wp-json\/wp\/v2\/media\/9512"}],"wp:attachment":[{"href":"https:\/\/www.aloebase.com\/cs\/wp-json\/wp\/v2\/media?parent=9202"}],"wp:term":[{"taxonomy":"product_brand","embeddable":true,"href":"https:\/\/www.aloebase.com\/cs\/wp-json\/wp\/v2\/product_brand?post=9202"},{"taxonomy":"product_cat","embeddable":true,"href":"https:\/\/www.aloebase.com\/cs\/wp-json\/wp\/v2\/product_cat?post=9202"},{"taxonomy":"product_tag","embeddable":true,"href":"https:\/\/www.aloebase.com\/cs\/wp-json\/wp\/v2\/product_tag?post=9202"}],"curies":[{"name":"wp","href":"https:\/\/api.w.org\/{rel}","templated":true}]}}