{"id":9208,"date":"2026-03-19T10:59:30","date_gmt":"2026-03-19T09:59:30","guid":{"rendered":"https:\/\/www.aloebase.com\/?post_type=product&#038;p=9208"},"modified":"2026-05-04T13:49:38","modified_gmt":"2026-05-04T11:49:38","slug":"wilder-berg-oregano","status":"publish","type":"product","link":"https:\/\/www.aloebase.com\/cs\/produkt\/wilder-berg-oregano\/","title":{"rendered":"\u0158eck\u00e9 divok\u00e9 horsk\u00e9 oregano"},"content":{"rendered":"<p data-start=\"102\" data-end=\"269\">Aromatischer, wilder Oregano aus den Bergen Griechenlands. Unter der intensiven Sonne des Mittelmeers gewachsen, entwickelt er ein besonders kr\u00e4ftiges, w\u00fcrziges Aroma.<\/p>\n<p data-start=\"271\" data-end=\"457\">Sorgf\u00e4ltig geerntet und schonend getrocknet, bleibt der nat\u00fcrliche Geschmack optimal erhalten. Perfekt f\u00fcr mediterrane Gerichte wie Salate, Fleisch, Gem\u00fcse oder klassische Tomatensaucen.<\/p>\n<p data-start=\"459\" data-end=\"516\">Ein St\u00fcck urspr\u00fcnglicher Natur \u2013 direkt aus Griechenland.<\/p>\n<p data-start=\"518\" data-end=\"566\"><strong data-start=\"518\" data-end=\"529\">Obsah:<\/strong> 100 g<\/p>","protected":false},"excerpt":{"rendered":"<p data-start=\"40\" data-end=\"176\">Wilder Oregano aus Griechenlands Bergregionen, intensiv im Aroma und ideal f\u00fcr mediterrane K\u00fcche.<\/p>\n<p data-start=\"178\" data-end=\"320\">","protected":false},"featured_media":9510,"template":"","meta":{"_seopress_robots_primary_cat":"none","_seopress_titles_title":"","_seopress_titles_desc":"","_seopress_robots_index":""},"product_brand":[],"product_cat":[122,16],"product_tag":[119],"class_list":{"0":"post-9208","1":"product","2":"type-product","3":"status-publish","4":"has-post-thumbnail","6":"product_cat-superfood","7":"product_cat-unkategorisiert","8":"product_tag-oregano","10":"first","11":"instock","12":"taxable","13":"shipping-taxable","14":"purchasable","15":"product-type-simple"},"_links":{"self":[{"href":"https:\/\/www.aloebase.com\/cs\/wp-json\/wp\/v2\/product\/9208","targetHints":{"allow":["GET"]}}],"collection":[{"href":"https:\/\/www.aloebase.com\/cs\/wp-json\/wp\/v2\/product"}],"about":[{"href":"https:\/\/www.aloebase.com\/cs\/wp-json\/wp\/v2\/types\/product"}],"version-history":[{"count":4,"href":"https:\/\/www.aloebase.com\/cs\/wp-json\/wp\/v2\/product\/9208\/revisions"}],"predecessor-version":[{"id":9383,"href":"https:\/\/www.aloebase.com\/cs\/wp-json\/wp\/v2\/product\/9208\/revisions\/9383"}],"wp:featuredmedia":[{"embeddable":true,"href":"https:\/\/www.aloebase.com\/cs\/wp-json\/wp\/v2\/media\/9510"}],"wp:attachment":[{"href":"https:\/\/www.aloebase.com\/cs\/wp-json\/wp\/v2\/media?parent=9208"}],"wp:term":[{"taxonomy":"product_brand","embeddable":true,"href":"https:\/\/www.aloebase.com\/cs\/wp-json\/wp\/v2\/product_brand?post=9208"},{"taxonomy":"product_cat","embeddable":true,"href":"https:\/\/www.aloebase.com\/cs\/wp-json\/wp\/v2\/product_cat?post=9208"},{"taxonomy":"product_tag","embeddable":true,"href":"https:\/\/www.aloebase.com\/cs\/wp-json\/wp\/v2\/product_tag?post=9208"}],"curies":[{"name":"wp","href":"https:\/\/api.w.org\/{rel}","templated":true}]}}