{"id":9224,"date":"2026-03-19T11:23:37","date_gmt":"2026-03-19T10:23:37","guid":{"rendered":"https:\/\/www.aloebase.com\/?post_type=product&#038;p=9224"},"modified":"2026-05-04T13:44:44","modified_gmt":"2026-05-04T11:44:44","slug":"griechischer-bergtee","status":"publish","type":"product","link":"https:\/\/www.aloebase.com\/cs\/produkt\/griechischer-bergtee\/","title":{"rendered":"\u0158eck\u00fd horsk\u00fd \u010daj"},"content":{"rendered":"<p data-start=\"102\" data-end=\"314\">Tradi\u010dn\u00ed bylinn\u00fd \u010daj z horsk\u00fdch oblast\u00ed \u0158ecka. Z\u00edsk\u00e1v\u00e1 se z divoce rostouc\u00ed rostliny Sideritis, kter\u00e1 z\u00edsk\u00e1v\u00e1 sv\u016fj jemn\u00fd aromatick\u00fd profil na intenzivn\u00edm slunci a v p\u016fd\u011b bohat\u00e9 na miner\u00e1ly.<\/p>\n<p data-start=\"316\" data-end=\"493\">Po vyluhov\u00e1n\u00ed z\u00edskaj\u00ed kv\u011bty a listy jemnou, p\u0159irozenou sv\u011b\u017eest a p\u0159\u00edjemn\u011b jemnou bylinnou chu\u0165. Po stalet\u00ed jsou ned\u00edlnou sou\u010d\u00e1st\u00ed st\u0159edomo\u0159sk\u00e9 \u010dajov\u00e9 kultury.<\/p>\n<p data-start=\"495\" data-end=\"649\">Siderit obsahuje p\u0159\u00edrodn\u00ed rostlinn\u00e9 l\u00e1tky, jako jsou polyfenoly a antioxidanty, a je tradi\u010dn\u011b cen\u011bn pro tr\u00e1ven\u00ed, imunitn\u00ed syst\u00e9m a relaxaci.<\/p>\n<p data-start=\"651\" data-end=\"786\"><strong data-start=\"651\" data-end=\"667\">P\u0159\u00edprava:<\/strong> 1-2 stonky p\u0159elijte horkou vodou, nechte 5-8 minut louhovat a podle chuti p\u0159idejte med nebo citron.<\/p>\n<p data-start=\"788\" data-end=\"835\"><strong data-start=\"788\" data-end=\"799\">Obsah:<\/strong> 40 g - <strong data-start=\"807\" data-end=\"820\">P\u016fvod:<\/strong> \u0158ecko<\/p>","protected":false},"excerpt":{"rendered":"<p data-start=\"40\" data-end=\"181\">\u0158eck\u00fd horsk\u00fd \u010daj z divok\u00e9ho sideritu, jemn\u00e9 chuti a bohat\u00fd na p\u0159\u00edrodn\u00ed rostlinn\u00e9 l\u00e1tky.<\/p>\n<p data-start=\"183\" data-end=\"333\">","protected":false},"featured_media":9506,"template":"","meta":{"_seopress_robots_primary_cat":"none","_seopress_titles_title":"","_seopress_titles_desc":"","_seopress_robots_index":""},"product_brand":[],"product_cat":[122],"product_tag":[],"class_list":{"0":"post-9224","1":"product","2":"type-product","3":"status-publish","4":"has-post-thumbnail","6":"product_cat-superfood","8":"first","9":"instock","10":"taxable","11":"shipping-taxable","12":"purchasable","13":"product-type-simple"},"_links":{"self":[{"href":"https:\/\/www.aloebase.com\/cs\/wp-json\/wp\/v2\/product\/9224","targetHints":{"allow":["GET"]}}],"collection":[{"href":"https:\/\/www.aloebase.com\/cs\/wp-json\/wp\/v2\/product"}],"about":[{"href":"https:\/\/www.aloebase.com\/cs\/wp-json\/wp\/v2\/types\/product"}],"version-history":[{"count":2,"href":"https:\/\/www.aloebase.com\/cs\/wp-json\/wp\/v2\/product\/9224\/revisions"}],"predecessor-version":[{"id":9380,"href":"https:\/\/www.aloebase.com\/cs\/wp-json\/wp\/v2\/product\/9224\/revisions\/9380"}],"wp:featuredmedia":[{"embeddable":true,"href":"https:\/\/www.aloebase.com\/cs\/wp-json\/wp\/v2\/media\/9506"}],"wp:attachment":[{"href":"https:\/\/www.aloebase.com\/cs\/wp-json\/wp\/v2\/media?parent=9224"}],"wp:term":[{"taxonomy":"product_brand","embeddable":true,"href":"https:\/\/www.aloebase.com\/cs\/wp-json\/wp\/v2\/product_brand?post=9224"},{"taxonomy":"product_cat","embeddable":true,"href":"https:\/\/www.aloebase.com\/cs\/wp-json\/wp\/v2\/product_cat?post=9224"},{"taxonomy":"product_tag","embeddable":true,"href":"https:\/\/www.aloebase.com\/cs\/wp-json\/wp\/v2\/product_tag?post=9224"}],"curies":[{"name":"wp","href":"https:\/\/api.w.org\/{rel}","templated":true}]}}