{"id":9231,"date":"2026-03-19T11:32:19","date_gmt":"2026-03-19T10:32:19","guid":{"rendered":"https:\/\/www.aloebase.com\/?post_type=product&#038;p=9231"},"modified":"2026-05-04T13:39:57","modified_gmt":"2026-05-04T11:39:57","slug":"zitrose-cistus-incanus","status":"publish","type":"product","link":"https:\/\/www.aloebase.com\/cs\/produkt\/zitrose-cistus-incanus\/","title":{"rendered":"Citrusov\u00e1 r\u016f\u017ee - Cistus Incanus"},"content":{"rendered":"<p data-start=\"78\" data-end=\"281\">St\u0159edomo\u0159sk\u00fd bylinn\u00fd \u010daj s obzvl\u00e1\u0161t\u011b vysok\u00fdm obsahem polyfenol\u016f.<\/p>\n<p>Vy a vy nehled\u00e1te jen \u010daj - hled\u00e1te ritu\u00e1l pro skute\u010dnou rostlinnou regeneraci a dlouhov\u011bkost.<\/p>\n<p><strong>St\u0159edomo\u0159sk\u00fd bylinn\u00fd \u010daj z \u0161ed\u00e9 skalice - va\u0161e ka\u017edodenn\u00ed d\u00e1vka polyfenol\u016f z \u0159eck\u00e9 p\u0159\u00edrody<\/strong><\/p>\n<p>Tato v\u00fdjime\u010dn\u00e1 rostlina roste divoce na \u0159eck\u00fdch p\u016fd\u00e1ch bohat\u00fdch na miner\u00e1ly a slunce - ve stresov\u00fdch podm\u00ednk\u00e1ch, kter\u00e9 zp\u016fsobuj\u00ed, \u017ee produkuje obzvl\u00e1\u0161t\u011b vysok\u00e9 koncentrace sekund\u00e1rn\u00edch rostlinn\u00fdch l\u00e1tek. Pr\u00e1v\u011b tyto l\u00e1tky, zejm\u00e9na <strong>Polyfenoly, flavonoidy a terpeny<\/strong>, jsou z v\u011bdeck\u00e9ho hlediska kl\u00ed\u010dov\u00e9 pro antioxida\u010dn\u00ed procesy v t\u011ble, a t\u00edm i pro ochranu bun\u011bk, imunitn\u00ed syst\u00e9m a zdrav\u00e9 procesy st\u00e1rnut\u00ed.<\/p>\n<p><strong>Co to znamen\u00e1 pro v\u00e1s a pro v\u00e1s samotn\u00e9?<\/strong><br \/>\nS ka\u017ed\u00fdm \u0161\u00e1lkem za\u010dlen\u00edte do sv\u00e9ho ka\u017edodenn\u00edho \u017eivota nejen n\u00e1poj, ale i funk\u010dn\u00ed rostlinn\u00fd koncept - v duchu my\u0161lenky <em>Pure Health &amp; Experience Food<\/em>.<\/p>\n<p><strong>Va\u0161e zku\u0161enosti:<\/strong><\/p>\n<ul>\n<li>M\u00edrn\u011b aromatick\u00e1 chu\u0165 s jemnou p\u0159\u00edrodn\u00ed kyselost\u00ed<\/li>\n<li>N\u00e1padn\u011b \u010dist\u00fd, pr\u016fzra\u010dn\u00fd a origin\u00e1ln\u00ed - jako krajina, ze kter\u00e9 rostlina poch\u00e1z\u00ed.<\/li>\n<li>Ide\u00e1ln\u00ed jako ka\u017edodenn\u00ed ritu\u00e1l na podporu uv\u011bdom\u011bl\u00e9ho rostlinn\u00e9ho \u017eivotn\u00edho stylu.<\/li>\n<\/ul>\n<p><strong>V\u011bdecky my\u0161leno - p\u0159irozen\u011b \u017eito:<\/strong><br \/>\nVysok\u00e1 hustota polyfenol\u016f v rockrose je ve v\u00fdzkumu spojov\u00e1na s antioxida\u010dn\u00edmi vlastnostmi, kter\u00e9 mohou pomoci sn\u00ed\u017eit oxida\u010dn\u00ed stres - kl\u00ed\u010dov\u00fd faktor v modern\u00edm v\u00fdzkumu dlouhov\u011bkosti.<\/p>\n<p><strong>Aplikace (v\u00e1\u0161 ka\u017edodenn\u00ed ritu\u00e1l):<\/strong><br \/>\n1-2 \u010dajov\u00e9 l\u017ei\u010dky p\u0159elijte horkou vodou<br \/>\n\u2192 Nechte 5-10 minut louhovat<br \/>\n\u2192 Pijte v\u011bdom\u011b, pomalu se integrujte<\/p>\n<p><strong>Kvalita, kterou m\u016f\u017eete c\u00edtit:<\/strong><\/p>\n<ul>\n<li>Divoce rostouc\u00ed v \u0158ecku<\/li>\n<li>P\u0159\u00edrodn\u00ed, bez p\u0159\u00edsad<\/li>\n<li>P\u0159\u00edmo ze s\u00edly slunce a p\u016fdy.<\/li>\n<\/ul>\n<p><strong>Pro v\u00e1s. Pro v\u00e1s. Pro \u017eivot v rovnov\u00e1ze.<\/strong><\/p>","protected":false},"excerpt":{"rendered":"<p>St\u0159edomo\u0159sk\u00fd bylinn\u00fd \u010daj z divok\u00e9 skalni\u010dky \u0161ed\u00e9, p\u0159\u00edrodn\u00ed, aromatick\u00fd a bohat\u00fd na cenn\u00e9 rostlinn\u00e9 l\u00e1tky.<\/p>","protected":false},"featured_media":9503,"template":"","meta":{"_seopress_robots_primary_cat":"none","_seopress_titles_title":"","_seopress_titles_desc":"","_seopress_robots_index":""},"product_brand":[],"product_cat":[122],"product_tag":[],"class_list":{"0":"post-9231","1":"product","2":"type-product","3":"status-publish","4":"has-post-thumbnail","6":"product_cat-superfood","8":"first","9":"instock","10":"taxable","11":"shipping-taxable","12":"purchasable","13":"product-type-simple"},"_links":{"self":[{"href":"https:\/\/www.aloebase.com\/cs\/wp-json\/wp\/v2\/product\/9231","targetHints":{"allow":["GET"]}}],"collection":[{"href":"https:\/\/www.aloebase.com\/cs\/wp-json\/wp\/v2\/product"}],"about":[{"href":"https:\/\/www.aloebase.com\/cs\/wp-json\/wp\/v2\/types\/product"}],"version-history":[{"count":4,"href":"https:\/\/www.aloebase.com\/cs\/wp-json\/wp\/v2\/product\/9231\/revisions"}],"predecessor-version":[{"id":9235,"href":"https:\/\/www.aloebase.com\/cs\/wp-json\/wp\/v2\/product\/9231\/revisions\/9235"}],"wp:featuredmedia":[{"embeddable":true,"href":"https:\/\/www.aloebase.com\/cs\/wp-json\/wp\/v2\/media\/9503"}],"wp:attachment":[{"href":"https:\/\/www.aloebase.com\/cs\/wp-json\/wp\/v2\/media?parent=9231"}],"wp:term":[{"taxonomy":"product_brand","embeddable":true,"href":"https:\/\/www.aloebase.com\/cs\/wp-json\/wp\/v2\/product_brand?post=9231"},{"taxonomy":"product_cat","embeddable":true,"href":"https:\/\/www.aloebase.com\/cs\/wp-json\/wp\/v2\/product_cat?post=9231"},{"taxonomy":"product_tag","embeddable":true,"href":"https:\/\/www.aloebase.com\/cs\/wp-json\/wp\/v2\/product_tag?post=9231"}],"curies":[{"name":"wp","href":"https:\/\/api.w.org\/{rel}","templated":true}]}}