{"id":9234,"date":"2026-03-19T11:40:13","date_gmt":"2026-03-19T10:40:13","guid":{"rendered":"https:\/\/www.aloebase.com\/?post_type=product&#038;p=9234"},"modified":"2026-05-04T13:38:36","modified_gmt":"2026-05-04T11:38:36","slug":"aloe-vera-seife","status":"publish","type":"product","link":"https:\/\/www.aloebase.com\/cs\/produkt\/aloe-vera-seife\/","title":{"rendered":"M\u00fddlo s aloe vera"},"content":{"rendered":"<p data-start=\"89\" data-end=\"356\">Handgefertigte Naturseife im Kaltverfahren mit Aloe Vera und mediterranem Oliven\u00f6l. Schonend hergestellt, um die nat\u00fcrlichen Eigenschaften der Pflanzen\u00f6le zu bewahren, entsteht eine milde, pflegende Seife \u2013 reduziert auf das Wesentliche: rein, nat\u00fcrlich, authentisch.<\/p>\n<p data-start=\"358\" data-end=\"570\">Aloe Vera ist bekannt f\u00fcr ihre feuchtigkeitsspendenden und beruhigenden Eigenschaften. In Kombination mit hochwertigem Oliven\u00f6l sorgt sie f\u00fcr eine sanfte Reinigung und unterst\u00fctzt die nat\u00fcrliche Balance der Haut.<\/p>\n<p data-start=\"572\" data-end=\"771\">Geeignet f\u00fcr trockene, empfindliche und beanspruchte Haut sowie f\u00fcr die t\u00e4gliche Anwendung an Gesicht, H\u00e4nden und K\u00f6rper. Die feine Schaumbildung hinterl\u00e4sst ein geschmeidiges, gepflegtes Hautgef\u00fchl.<\/p>\n<p data-start=\"773\" data-end=\"844\"><strong data-start=\"773\" data-end=\"786\">Kvalita:<\/strong> kaltger\u00fchrt \u00b7 handgefertigt \u00b7 ohne synthetische Zus\u00e4tze<\/p>\n<p data-start=\"846\" data-end=\"895\"><strong data-start=\"846\" data-end=\"864\">Inhaltsstoffe:<\/strong> Oliven\u00f6l \u00b7 Aloe Vera Extrakt<\/p>","protected":false},"excerpt":{"rendered":"<p>Milde Seife mit Aloe Vera und Oliven\u00f6l, spendet Feuchtigkeit, beruhigt die Haut und sorgt f\u00fcr ein geschmeidiges Hautgef\u00fchl.<\/p>","protected":false},"featured_media":9502,"template":"","meta":{"_seopress_robots_primary_cat":"none","_seopress_titles_title":"","_seopress_titles_desc":"","_seopress_robots_index":""},"product_brand":[],"product_cat":[121,16],"product_tag":[],"class_list":{"0":"post-9234","1":"product","2":"type-product","3":"status-publish","4":"has-post-thumbnail","6":"product_cat-skin-and-beauty","7":"product_cat-unkategorisiert","9":"first","10":"instock","11":"taxable","12":"shipping-taxable","13":"purchasable","14":"product-type-simple"},"_links":{"self":[{"href":"https:\/\/www.aloebase.com\/cs\/wp-json\/wp\/v2\/product\/9234","targetHints":{"allow":["GET"]}}],"collection":[{"href":"https:\/\/www.aloebase.com\/cs\/wp-json\/wp\/v2\/product"}],"about":[{"href":"https:\/\/www.aloebase.com\/cs\/wp-json\/wp\/v2\/types\/product"}],"version-history":[{"count":2,"href":"https:\/\/www.aloebase.com\/cs\/wp-json\/wp\/v2\/product\/9234\/revisions"}],"predecessor-version":[{"id":9378,"href":"https:\/\/www.aloebase.com\/cs\/wp-json\/wp\/v2\/product\/9234\/revisions\/9378"}],"wp:featuredmedia":[{"embeddable":true,"href":"https:\/\/www.aloebase.com\/cs\/wp-json\/wp\/v2\/media\/9502"}],"wp:attachment":[{"href":"https:\/\/www.aloebase.com\/cs\/wp-json\/wp\/v2\/media?parent=9234"}],"wp:term":[{"taxonomy":"product_brand","embeddable":true,"href":"https:\/\/www.aloebase.com\/cs\/wp-json\/wp\/v2\/product_brand?post=9234"},{"taxonomy":"product_cat","embeddable":true,"href":"https:\/\/www.aloebase.com\/cs\/wp-json\/wp\/v2\/product_cat?post=9234"},{"taxonomy":"product_tag","embeddable":true,"href":"https:\/\/www.aloebase.com\/cs\/wp-json\/wp\/v2\/product_tag?post=9234"}],"curies":[{"name":"wp","href":"https:\/\/api.w.org\/{rel}","templated":true}]}}