{"id":9240,"date":"2026-03-19T11:42:46","date_gmt":"2026-03-19T10:42:46","guid":{"rendered":"https:\/\/www.aloebase.com\/?post_type=product&#038;p=9240"},"modified":"2026-05-04T13:37:20","modified_gmt":"2026-05-04T11:37:20","slug":"olivenoel-seife","status":"publish","type":"product","link":"https:\/\/www.aloebase.com\/cs\/produkt\/olivenoel-seife\/","title":{"rendered":"M\u00fddlo s olivov\u00fdm olejem"},"content":{"rendered":"<p data-start=\"89\" data-end=\"365\">Ru\u010dn\u011b vyr\u00e1b\u011bn\u00e9 p\u0159\u00edrodn\u00ed m\u00fddlo metodou za studena z \u010dist\u00e9ho extra panensk\u00e9ho olivov\u00e9ho oleje. V\u00fdsledkem je mimo\u0159\u00e1dn\u011b jemn\u00e9 m\u00fddlo \u0161etrn\u00e9 k poko\u017ece, kter\u00e9 je redukov\u00e1no na to nejpodstatn\u011bj\u0161\u00ed: \u010dist\u00e9, p\u0159\u00edrodn\u00ed a autentick\u00e9.<\/p>\n<p data-start=\"367\" data-end=\"625\">Olivov\u00fd olej je ji\u017e po stalet\u00ed ned\u00edlnou sou\u010d\u00e1st\u00ed st\u0159edomo\u0159sk\u00e9 p\u00e9\u010de o ple\u0165 a je zn\u00e1m\u00fd sv\u00fdmi vy\u017eivuj\u00edc\u00edmi a ochrann\u00fdmi vlastnostmi. Jemn\u011b \u010dist\u00ed poko\u017eku, podporuje jej\u00ed p\u0159irozenou rovnov\u00e1hu vlhkosti a zanech\u00e1v\u00e1 ji pru\u017enou.<\/p>\n<p data-start=\"627\" data-end=\"741\">Ide\u00e1ln\u00ed pro citlivou, suchou a jemnou poko\u017eku a pro ka\u017edodenn\u00ed pou\u017eit\u00ed na obli\u010dej, ruce a t\u011blo.<\/p>\n<p data-start=\"743\" data-end=\"801\"><strong data-start=\"743\" data-end=\"756\">Kvalita:<\/strong> m\u00edchan\u00e9 za studena - ru\u010dn\u00ed v\u00fdroba - bez p\u0159\u00edsad<\/p>\n<p data-start=\"803\" data-end=\"861\"><strong data-start=\"803\" data-end=\"820\">Slo\u017een\u00ed:<\/strong> Extra panensk\u00fd olivov\u00fd olej (lisovan\u00fd za studena)<\/p>","protected":false},"excerpt":{"rendered":"<p data-start=\"40\" data-end=\"201\">Ru\u010dn\u011b vyr\u00e1b\u011bn\u00e9 m\u00fddlo z olivov\u00e9ho oleje za studena, obzvl\u00e1\u0161t\u011b jemn\u00e9 a \u0161etrn\u00e9 k poko\u017ece, sn\u00ed\u017een\u00e9 na 100 % \u010dist\u00e9 p\u0159irozenosti.<\/p>","protected":false},"featured_media":9501,"template":"","meta":{"_seopress_robots_primary_cat":"none","_seopress_titles_title":"","_seopress_titles_desc":"","_seopress_robots_index":""},"product_brand":[],"product_cat":[121,16],"product_tag":[],"class_list":{"0":"post-9240","1":"product","2":"type-product","3":"status-publish","4":"has-post-thumbnail","6":"product_cat-skin-and-beauty","7":"product_cat-unkategorisiert","9":"first","10":"instock","11":"taxable","12":"shipping-taxable","13":"purchasable","14":"product-type-simple"},"_links":{"self":[{"href":"https:\/\/www.aloebase.com\/cs\/wp-json\/wp\/v2\/product\/9240","targetHints":{"allow":["GET"]}}],"collection":[{"href":"https:\/\/www.aloebase.com\/cs\/wp-json\/wp\/v2\/product"}],"about":[{"href":"https:\/\/www.aloebase.com\/cs\/wp-json\/wp\/v2\/types\/product"}],"version-history":[{"count":2,"href":"https:\/\/www.aloebase.com\/cs\/wp-json\/wp\/v2\/product\/9240\/revisions"}],"predecessor-version":[{"id":9377,"href":"https:\/\/www.aloebase.com\/cs\/wp-json\/wp\/v2\/product\/9240\/revisions\/9377"}],"wp:featuredmedia":[{"embeddable":true,"href":"https:\/\/www.aloebase.com\/cs\/wp-json\/wp\/v2\/media\/9501"}],"wp:attachment":[{"href":"https:\/\/www.aloebase.com\/cs\/wp-json\/wp\/v2\/media?parent=9240"}],"wp:term":[{"taxonomy":"product_brand","embeddable":true,"href":"https:\/\/www.aloebase.com\/cs\/wp-json\/wp\/v2\/product_brand?post=9240"},{"taxonomy":"product_cat","embeddable":true,"href":"https:\/\/www.aloebase.com\/cs\/wp-json\/wp\/v2\/product_cat?post=9240"},{"taxonomy":"product_tag","embeddable":true,"href":"https:\/\/www.aloebase.com\/cs\/wp-json\/wp\/v2\/product_tag?post=9240"}],"curies":[{"name":"wp","href":"https:\/\/api.w.org\/{rel}","templated":true}]}}