{"id":9250,"date":"2026-03-19T11:57:46","date_gmt":"2026-03-19T10:57:46","guid":{"rendered":"https:\/\/www.aloebase.com\/?post_type=product&#038;p=9250"},"modified":"2026-05-04T13:05:29","modified_gmt":"2026-05-04T11:05:29","slug":"aloe-vera-frisch-gel","status":"publish","type":"product","link":"https:\/\/www.aloebase.com\/cs\/produkt\/aloe-vera-frisch-gel\/","title":{"rendered":"\u010cerstv\u00fd gel z aloe vera"},"content":{"rendered":"<p>100 % frisches Aloe Vera Gel direkt aus dem Blatt \u2013 t\u00e4glich Frisch zubereitet. Gewonnen aus unseren\u00a0 Bio-Bl\u00e4ttern aus Griechenland. Unmittelbar verarbeitet, um die nat\u00fcrlichen Wirkstoffe in ihrer reinsten Form zu erhalten. Ein hochreines Naturprodukt f\u00fcr Hautpflege, Wellness und bewusste Ern\u00e4hrung. Wirkung &amp; Eigenschaften Spendet intensive Feuchtigkeit, beruhigt die Haut und unterst\u00fctzt die nat\u00fcrliche Regeneration.<\/p>\n<p>Ideal bei empfindlicher, trockener oder beanspruchter Haut. Anwendung F\u00fcr Gesicht, K\u00f6rper und Haare sowie f\u00fcr DIY-Kosmetik, Smoothies oder t\u00e4gliche Wellness-Routinen. Reinheit<\/p>\n<p>\u00b7 Ohne Konservierungsstoffe<\/p>\n<p>\u00b7 ohne Zus\u00e4tze<\/p>\n<p>\u00b7 100 % Aloe Vera Gel Frischeprodukt<\/p>\n<p>Haltbarkeit: ca. 6 Tage im K\u00fchlschrank<\/p>\n<p>Gek\u00fchlter Versand in Spezialverpackung<\/p>\n<p>Produktdetails 250 ml frisches Aloe Vera Gel<\/p>\n<p>Herkunft: Bio-Plantage, Griechenland<\/p>\n<p>Mindestbestellmenge: 2 Flaschen\u00a0 &#8211; Abholung ab Hof<\/p>","protected":false},"excerpt":{"rendered":"<p>100 % frisches Aloe Vera Gel aus eigener Bio-Plantage in Griechenland \u2013 direkt verarbeitet f\u00fcr maximale Reinheit, Frische und nat\u00fcrliche Wirkkraft.100 % frisches Aloe Vera Gel direkt aus dem Blatt \u2013 gewonnen auf unserer Bio-Plantage in Griechenland. Unmittelbar verarbeitet, um die nat\u00fcrlichen Wirkstoffe in ihrer reinsten Form zu erhalten. Ein hochreines Naturprodukt f\u00fcr Hautpflege, Wellness und bewusste Ern\u00e4hrung. Wirkung &amp; Eigenschaften Spendet intensive Feuchtigkeit, beruhigt die Haut und unterst\u00fctzt die nat\u00fcrliche Regeneration. Ideal bei empfindlicher, trockener oder beanspruchter Haut. Anwendung F\u00fcr Gesicht, K\u00f6rper und Haare sowie f\u00fcr DIY-Kosmetik, Smoothies oder t\u00e4gliche Wellness-Routinen. Reinheit Ohne Konservierungsstoffe \u00b7 ohne Zus\u00e4tze \u00b7 100 % Aloe Vera Gel Frischeprodukt Haltbarkeit: ca. 6 Tage im K\u00fchlschrank Gek\u00fchlter Versand in Spezialverpackung Produktdetails 250 ml frisches Aloe Vera Gel Herkunft: Bio-Plantage, Griechenland Mindestbestellmenge: 2 Flaschen Versand nur innerhalb \u00d6sterreichs oder Abholung<\/p>","protected":false},"featured_media":9491,"template":"","meta":{"_seopress_robots_primary_cat":"none","_seopress_titles_title":"","_seopress_titles_desc":"","_seopress_robots_index":""},"product_brand":[],"product_cat":[120,121],"product_tag":[],"class_list":{"0":"post-9250","1":"product","2":"type-product","3":"status-publish","4":"has-post-thumbnail","6":"product_cat-aloe-frischblatt","7":"product_cat-skin-and-beauty","8":"product_shipping_class-nur-abholung","10":"first","11":"instock","12":"taxable","13":"shipping-taxable","14":"purchasable","15":"product-type-simple"},"_links":{"self":[{"href":"https:\/\/www.aloebase.com\/cs\/wp-json\/wp\/v2\/product\/9250","targetHints":{"allow":["GET"]}}],"collection":[{"href":"https:\/\/www.aloebase.com\/cs\/wp-json\/wp\/v2\/product"}],"about":[{"href":"https:\/\/www.aloebase.com\/cs\/wp-json\/wp\/v2\/types\/product"}],"version-history":[{"count":6,"href":"https:\/\/www.aloebase.com\/cs\/wp-json\/wp\/v2\/product\/9250\/revisions"}],"predecessor-version":[{"id":9424,"href":"https:\/\/www.aloebase.com\/cs\/wp-json\/wp\/v2\/product\/9250\/revisions\/9424"}],"wp:featuredmedia":[{"embeddable":true,"href":"https:\/\/www.aloebase.com\/cs\/wp-json\/wp\/v2\/media\/9491"}],"wp:attachment":[{"href":"https:\/\/www.aloebase.com\/cs\/wp-json\/wp\/v2\/media?parent=9250"}],"wp:term":[{"taxonomy":"product_brand","embeddable":true,"href":"https:\/\/www.aloebase.com\/cs\/wp-json\/wp\/v2\/product_brand?post=9250"},{"taxonomy":"product_cat","embeddable":true,"href":"https:\/\/www.aloebase.com\/cs\/wp-json\/wp\/v2\/product_cat?post=9250"},{"taxonomy":"product_tag","embeddable":true,"href":"https:\/\/www.aloebase.com\/cs\/wp-json\/wp\/v2\/product_tag?post=9250"}],"curies":[{"name":"wp","href":"https:\/\/api.w.org\/{rel}","templated":true}]}}