{"id":6157,"date":"2021-12-22T13:46:44","date_gmt":"2021-12-22T12:46:44","guid":{"rendered":"https:\/\/www.aloebase.com\/agb\/"},"modified":"2024-04-30T10:08:04","modified_gmt":"2024-04-30T08:08:04","slug":"agb","status":"publish","type":"page","link":"https:\/\/www.aloebase.com\/en\/agb\/","title":{"rendered":"GTC"},"content":{"rendered":"<div data-elementor-type=\"wp-page\" data-elementor-id=\"6157\" class=\"elementor elementor-6157\" data-elementor-post-type=\"page\">\n\t\t\t\t\t\t<section class=\"elementor-section elementor-top-section elementor-element elementor-element-1a9efb89 elementor-section-boxed elementor-section-height-default elementor-section-height-default\" data-id=\"1a9efb89\" data-element_type=\"section\" data-e-type=\"section\">\n\t\t\t\t\t\t<div class=\"elementor-container elementor-column-gap-default\">\n\t\t\t\t\t<div class=\"elementor-column elementor-col-100 elementor-top-column elementor-element elementor-element-556368e5\" data-id=\"556368e5\" data-element_type=\"column\" data-e-type=\"column\">\n\t\t\t<div class=\"elementor-widget-wrap elementor-element-populated\">\n\t\t\t\t\t\t<div class=\"elementor-element elementor-element-4926bf48 elementor-widget elementor-widget-text-editor\" data-id=\"4926bf48\" data-element_type=\"widget\" data-e-type=\"widget\" data-widget_type=\"text-editor.default\">\n\t\t\t\t<div class=\"elementor-widget-container\">\n\t\t\t\t\t\t\t\t\t<p>ALOE BASE GmbH<br \/>Alserbachstrasse 5\/29, 1090 V\u00edde\u0148<br \/>E-mail: <a href=\"mailto:order@aloebase.com\">order@aloebase.co<\/a><\/p><p>+43 699 16051909<\/p><p>AT902011184513096200, Erste Bank der \u00f6sterreichischen Sparkassen AG<\/p><p><strong>(d\u00e1le jen \"dodavatel\" nebo ALOE BASE GmbH) se specializuje na obchod a poskytov\u00e1n\u00ed slu\u017eeb s aloe vera a na logistick\u00e9 zpracov\u00e1n\u00ed v oblasti elektronick\u00e9ho obchodu.<\/strong><\/p><p>V\u0161eobecn\u00e9 obchodn\u00ed podm\u00ednky (d\u00e1le jen \"VOP\") se t\u00fdkaj\u00ed obchodov\u00e1n\u00ed prost\u0159ednictv\u00edm internetov\u00e9ho obchodu na str\u00e1nce: www.aloebase.com.<\/p><p>Z\u00e1kazn\u00edci jsou obvykle spot\u0159ebiteli ve smyslu \u00a7 1 odst. 1 \u010d. 2 a \u00a7 1 odst. 3 KSchG, ale tak\u00e9 podnikateli ve smyslu \u00a7 1 odst. 1 \u010d. 1 KSchG.<\/p><p>V z\u00e1jmu lep\u0161\u00ed \u010ditelnosti se nerozli\u0161uje podle pohlav\u00ed. To se d\u011bje bez diskrimina\u010dn\u00edho z\u00e1m\u011bru. V\u0161em pohlav\u00edm je v\u011bnov\u00e1na stejn\u00e1 pozornost.<\/p><p><strong>Potvrzen\u00ed VOP<\/strong><\/p><p>P\u0159ijet\u00edm t\u011bchto VOP z\u00e1kazn\u00edk bere na v\u011bdom\u00ed a souhlas\u00ed s nimi.<\/p><p>Ve\u0161ker\u00e9 obchodn\u00ed vztahy mezi zhotovitelem a objednatelem se \u0159\u00edd\u00ed t\u011bmito VOP ve zn\u011bn\u00ed platn\u00e9m v dob\u011b uzav\u0159en\u00ed obchodu. Tyto VOP nahrazuj\u00ed ve\u0161ker\u00e9 v\u0161eobecn\u00e9 obchodn\u00ed podm\u00ednky z\u00e1kazn\u00edka.<\/p><p><strong>Obrann\u00e1 dolo\u017eka<\/strong><\/p><p>Zahrnut\u00ed v\u0161eobecn\u00fdch obchodn\u00edch podm\u00ednek nebo smluvn\u00edch podm\u00ednek z\u00e1kazn\u00edka, kter\u00e9 se odchyluj\u00ed od t\u011b\u011bchto VOP, bude odm\u00edtnuto, pokud je spole\u010dnost ALOE BASE GmbH v\u00fdslovn\u011b neuzn\u00e1.<\/p><p><strong>Uzav\u0159en\u00ed smlouvy<\/strong><\/p><p>Kliknut\u00edm na tla\u010d\u00edtko \"Objedn\u00e1vka podl\u00e9h\u00e1 platb\u011b\" z\u00e1kazn\u00edk pod\u00e1v\u00e1 z\u00e1vazn\u00fd n\u00e1vrh na uzav\u0159en\u00ed smlouvy se zhotovitelem. Zhotovitel nen\u00ed povinen tuto nab\u00eddku p\u0159ijmout. P\u0159ed kone\u010dn\u00fdm odesl\u00e1n\u00edm objedn\u00e1vky m\u00e1 z\u00e1kazn\u00edk mo\u017enost ji je\u0161t\u011b jednou zkontrolovat, zda neobsahuje chyby, a p\u0159\u00edpadn\u011b ji opravit.<br \/><br \/>Zhotovitel potvrd\u00ed z\u00e1kazn\u00edkovi p\u0159ijet\u00ed nab\u00eddky zasl\u00e1n\u00edm e-mailu na adresu uvedenou z\u00e1kazn\u00edkem (\"potvrzen\u00ed objedn\u00e1vky\"). Tento e-mail nep\u0159edstavuje p\u0159ijet\u00ed nab\u00eddky ze strany dodavatele. Zhotovitel m\u016f\u017ee p\u0159ijmout nab\u00eddku potvrzen\u00edm z\u00edsk\u00e1n\u00ed nab\u00eddky v dal\u0161\u00edm e-mailu (\"potvrzen\u00ed objedn\u00e1vky\") nebo zasl\u00e1n\u00edm objednan\u00e9ho zbo\u017e\u00ed. Z\u00e1kazn\u00edk je v\u00e1z\u00e1n sv\u00fdmi po\u017eadavky po dobu t\u0159\u00ed dn\u016f.<\/p><p>Aby mohli z\u00e1kazn\u00edci nakupovat slu\u017eby a zbo\u017e\u00ed od dodavatele elektronicky, mus\u00ed se v internetov\u00e9m obchod\u011b zaregistrovat. V pr\u016fb\u011bhu obchodn\u00edho vztahu mus\u00ed z\u00e1kazn\u00edk poskytovat pravdiv\u00e9 a \u00fapln\u00e9 informace a udr\u017eovat sv\u00e9 \u00fadaje st\u00e1le aktu\u00e1ln\u00ed. Se sv\u00fdmi \u00fadaji mus\u00ed zach\u00e1zet d\u016fv\u011brn\u011b a chr\u00e1nit je p\u0159ed p\u0159\u00edstupem neopr\u00e1vn\u011bn\u00fdch osob. Pokud m\u00e1 z\u00e1kazn\u00edk podez\u0159en\u00ed na zneu\u017eit\u00ed t\u0159et\u00edmi osobami, mus\u00ed o tom neprodlen\u011b informovat zhotovitele.<\/p><p>Z\u00e1kazn\u00edk se zdr\u017e\u00ed v\u0161ech opat\u0159en\u00ed, kter\u00e1 by mohla ohrozit nebo naru\u0161it technick\u00e9 zaji\u0161t\u011bn\u00ed internetov\u00e9ho obchodu (v\u010detn\u011b kybernetick\u00fdch \u00fatok\u016f). Takov\u00e9 jedn\u00e1n\u00ed bude st\u00edh\u00e1no.<\/p><p><strong>Ulo\u017een\u00ed textu smlouvy<\/strong><\/p><p>Text smlouvy, tj. informace poskytnut\u00e9 z\u00e1kazn\u00edkem ohledn\u011b procesu objedn\u00e1vky, je ulo\u017een u spole\u010dnosti ALOE BASE GmbH a z\u00e1kazn\u00edk si jej m\u016f\u017ee prohl\u00e9dnout pod odkazem \"M\u016fj \u00fa\u010det\" \u00e0 \"Moje objedn\u00e1vky\". Bez ohledu na to za\u0161le spole\u010dnost ALOE BASE GmbH potvrzen\u00ed objedn\u00e1vky a tyto VOP na e-mailovou adresu uvedenou z\u00e1kazn\u00edkem.<\/p><p><strong>Pr\u00e1vo na odstoupen\u00ed od smlouvy \/ zru\u0161en\u00ed<\/strong><\/p><p>U v\u0161ech \u010derstv\u00fdch produkt\u016f (Aloe Vera Fresh Leaf a Aloe Vera Fresh Leaf Bundle) neexistuje pr\u00e1vo na odstoupen\u00ed od smlouvy podle \u00a7 18 FAGG.<\/p><p>U ostatn\u00edho zbo\u017e\u00ed m\u00e1te pr\u00e1vo odstoupit od smlouvy do \u010dtrn\u00e1cti dn\u016f bez ud\u00e1n\u00ed d\u016fvodu.<\/p><p>Na e-knihu Aloe Base se vztahuje tak\u00e9 14denn\u00ed lh\u016fta pro odstoupen\u00ed od smlouvy. Z dan\u00fdch d\u016fvod\u016f mus\u00ed kupuj\u00edc\u00ed v pr\u016fb\u011bhu procesu stahov\u00e1n\u00ed potvrdit vzd\u00e1n\u00ed se pr\u00e1va na odstoupen\u00ed od smlouvy (\u00a7 18 odst. 1 bod 11 FAGG). Dal\u0161\u00ed informace naleznete na str\u00e1nce produktu eBook.<\/p><p>Lh\u016fta pro odstoupen\u00ed od smlouvy je \u010dtrn\u00e1ct dn\u00ed od data,<\/p><p>- p\u0159i kter\u00e9m jste vy nebo v\u00e1mi ur\u010den\u00e1 t\u0159et\u00ed strana, kter\u00e1 nen\u00ed dopravcem, p\u0159evzali nebo p\u0159evzala zbo\u017e\u00ed, pokud jste si objednali jedno nebo v\u00edce zbo\u017e\u00ed v r\u00e1mci jednotn\u00e9 objedn\u00e1vky a toto zbo\u017e\u00ed je nebo bude dod\u00e1no jednotn\u011b, nebo<\/p><p>- v den, kdy jste vy nebo v\u00e1mi ur\u010den\u00e1 t\u0159et\u00ed osoba, kter\u00e1 nen\u00ed dopravcem, p\u0159evzali posledn\u00ed zbo\u017e\u00ed nebo p\u0159evzala posledn\u00ed zbo\u017e\u00ed, pokud jste si objednali v\u00edce zbo\u017e\u00ed v r\u00e1mci jednotn\u00e9 objedn\u00e1vky a toto zbo\u017e\u00ed je dod\u00e1no samostatn\u011b, nebo<\/p><p>- kdy jste vy nebo v\u00e1mi ur\u010den\u00e1 t\u0159et\u00ed osoba, kter\u00e1 nen\u00ed dopravcem, p\u0159evzali posledn\u00ed d\u00edl\u010d\u00ed z\u00e1silku nebo posledn\u00ed kus, pokud jste si objednali zbo\u017e\u00ed, kter\u00e9 je dod\u00e1v\u00e1no v n\u011bkolika d\u00edl\u010d\u00edch z\u00e1silk\u00e1ch nebo kusech, nebo<\/p><p>- kdy jste vy nebo v\u00e1mi ur\u010den\u00e1 t\u0159et\u00ed osoba, kter\u00e1 nen\u00ed dopravcem, p\u0159evzali nebo p\u0159evzala prvn\u00ed zbo\u017e\u00ed, pokud jste uzav\u0159eli smlouvu o pravideln\u00e9m dod\u00e1v\u00e1n\u00ed zbo\u017e\u00ed v ur\u010dit\u00e9m \u010dasov\u00e9m obdob\u00ed.<\/p><p>Abyste mohli uplatnit sv\u00e9 pr\u00e1vo na odstoupen\u00ed od smlouvy, mus\u00edte n\u00e1s o sv\u00e9m rozhodnut\u00ed odstoupit od t\u00e9to smlouvy informovat (Aloe Base GmbH, Rudolf-Waisenhorn-Gasse 86\/2, 1230 V\u00edde\u0148, Rakousko, telefon: +43 699 16051909, e-mail: marika@aloebase.com) prost\u0159ednictv\u00edm jasn\u00e9ho prohl\u00e1\u0161en\u00ed (nap\u0159. dopisu zaslan\u00e9ho po\u0161tou, e-mailu). K tomuto \u00fa\u010delu m\u016f\u017eete pou\u017e\u00edt n\u00ed\u017ee uveden\u00fd vzorov\u00fd formul\u00e1\u0159 pro zru\u0161en\u00ed, ale nen\u00ed to povinn\u00e9.<\/p><p>Pro dodr\u017een\u00ed lh\u016fty pro odstoupen\u00ed od smlouvy sta\u010d\u00ed, kdy\u017e ozn\u00e1men\u00ed o uplatn\u011bn\u00ed pr\u00e1va na odstoupen\u00ed od smlouvy za\u0161lete p\u0159ed koncem lh\u016fty pro odstoupen\u00ed od smlouvy.<br \/><br \/><\/p><p><strong>D\u016fsledky odvol\u00e1n\u00ed<\/strong><\/p><p>Odstoup\u00edte-li od t\u00e9to smlouvy, mus\u00edme v\u00e1m vr\u00e1tit v\u0161echny platby, kter\u00e9 jsme od v\u00e1s obdr\u017eeli, v\u010detn\u011b n\u00e1klad\u016f na doru\u010den\u00ed (s v\u00fdjimkou dodate\u010dn\u00fdch n\u00e1klad\u016f vypl\u00fdvaj\u00edc\u00edch ze skute\u010dnosti, \u017ee jste si zvolili jin\u00fd typ doru\u010den\u00ed ne\u017e nejlevn\u011bj\u0161\u00ed standardn\u00ed doru\u010den\u00ed, kter\u00e9 nab\u00edz\u00edme), a to neprodlen\u011b, nejpozd\u011bji do \u010dtrn\u00e1cti dn\u016f ode dne, kdy jsme obdr\u017eeli ozn\u00e1men\u00ed o va\u0161em odstoupen\u00ed od t\u00e9to smlouvy. Pro tuto \u00fahradu pou\u017eijeme stejn\u00fd platebn\u00ed prost\u0159edek, kter\u00fd jste pou\u017eili pro p\u016fvodn\u00ed transakci, pokud se s v\u00e1mi v\u00fdslovn\u011b nedohodneme jinak; v \u017e\u00e1dn\u00e9m p\u0159\u00edpad\u011b v\u00e1m nebude tato \u00fahrada \u00fa\u010dtov\u00e1na.<\/p><p>Vr\u00e1cen\u00ed pen\u011bz m\u016f\u017eeme odm\u00edtnout, dokud zbo\u017e\u00ed neobdr\u017e\u00edme zp\u011bt nebo dokud nep\u0159edlo\u017e\u00edte doklad o vr\u00e1cen\u00ed zbo\u017e\u00ed, podle toho, co nastane d\u0159\u00edve.<\/p><p>Zbo\u017e\u00ed n\u00e1m mus\u00edte vr\u00e1tit nebo p\u0159edat neprodlen\u011b, nejpozd\u011bji v\u0161ak do \u010dtrn\u00e1cti dn\u016f ode dne, kdy n\u00e1m ozn\u00e1m\u00edte odstoupen\u00ed od t\u00e9to smlouvy. Lh\u016fta je dodr\u017eena, pokud zbo\u017e\u00ed ode\u0161lete p\u0159ed uplynut\u00edm \u010dtrn\u00e1ctidenn\u00ed lh\u016fty.<\/p><p>Ztr\u00e1tu hodnoty zbo\u017e\u00ed mus\u00edte uhradit pouze v p\u0159\u00edpad\u011b, \u017ee tato ztr\u00e1ta hodnoty vznikla v d\u016fsledku manipulace se zbo\u017e\u00edm, kter\u00e1 nen\u00ed nezbytn\u00e1 pro testov\u00e1n\u00ed kvality, vlastnost\u00ed a funk\u010dnosti zbo\u017e\u00ed.<\/p><p><strong>Vzorov\u00fd formul\u00e1\u0159 pro zru\u0161en\u00ed<\/strong><\/p><p>Pokud si p\u0159ejete smlouvu zru\u0161it, za\u0161lete n\u00e1m e-mail nebo dopis a uve\u010fte v n\u011bm n\u00e1sleduj\u00edc\u00ed body.<\/p><p>- To<\/p><p>Aloe Base GmbH, Rudolf-Waisenhorn-Gasse 86\/2, 1230 V\u00edde\u0148, Rakousko, tel.: +43 699 16051909, e-mail: marika@aloebase.com.<\/p><p>- T\u00edmto odvol\u00e1v\u00e1m\/odvol\u00e1v\u00e1me (*) smlouvu uzav\u0159enou mezi mnou\/n\u00e1mi (*) na n\u00e1kup n\u00e1sleduj\u00edc\u00edho zbo\u017e\u00ed (*)\/poskytnut\u00ed n\u00e1sleduj\u00edc\u00ed slu\u017eby (*).<\/p><p>- Objedn\u00e1no dne (*)\/p\u0159ijato dne (*)<\/p><p>- Jm\u00e9no spot\u0159ebitele (spot\u0159ebitel\u016f)<\/p><p>- Address spot\u0159ebitele (spot\u0159ebitel\u016f)<\/p><p>- Podpis spot\u0159ebitele (spot\u0159ebitel\u016f) (pouze v p\u0159\u00edpad\u011b ozn\u00e1men\u00ed na pap\u00ed\u0159e)<\/p><p>- Date<\/p><p>___________<br \/>(*) Nehod\u00edc\u00ed se \u0161krtn\u011bte.<\/p><p><strong>Vr\u00e1cen\u00ed z n\u00e1sleduj\u00edc\u00edch zem\u00ed je zdarma:<\/strong><\/p><p><strong>Rakousko<\/strong><\/p><p><strong>Vr\u00e1cen\u00ed zbo\u017e\u00ed z ostatn\u00edch zem\u00ed, kter\u00e9 nejsou uvedeny v\u00fd\u0161e, hrad\u00ed z\u00e1kazn\u00edk.<\/strong><br \/><br \/>D\u011bje se tak z obchodn\u00edch, pr\u00e1vn\u00edch a logistick\u00fdch d\u016fvod\u016f a bez diskrimina\u010dn\u00edho z\u00e1m\u011bru.<\/p><p><strong>Ukon\u010den\u00ed storno podm\u00ednek<\/strong><\/p><p><strong>Ceny<\/strong><\/p><p>V\u0161echny ceny produkt\u016f jsou celkov\u00e9, zahrnuj\u00ed <strong>z\u00e1konnou da\u0148 z p\u0159idan\u00e9 hodnoty<\/strong> (DPH).<\/p><p>V p\u0159\u00edpad\u011b pochybnost\u00ed se da\u0148 z prodeje zat\u00edm nezapo\u010d\u00edt\u00e1v\u00e1. V ka\u017ed\u00e9m p\u0159\u00edpad\u011b plat\u00ed \u010d\u00e1stky uveden\u00e9 v dob\u011b objedn\u00e1vky.<\/p><p>Platba se prov\u00e1d\u00ed bankovn\u00edm p\u0159evodem na \u00fa\u010det uveden\u00fd zhotovitelem. Zda se platba prov\u00e1d\u00ed m\u011bs\u00ed\u010dn\u011b (trval\u00fd z\u00e1vazek) nebo jednor\u00e1zov\u011b (c\u00edlov\u00fd z\u00e1vazek), z\u00e1vis\u00ed na dohod\u011b mezi zhotovitelem a objednatelem.<\/p><p><strong>N\u00e1klady na dopravu<\/strong><\/p><p>K uveden\u00fdm cen\u00e1m produkt\u016f se p\u0159ipo\u010d\u00edt\u00e1vaj\u00ed n\u00e1klady na dopravu. P\u0159i p\u0159ekro\u010den\u00ed ur\u010dit\u00e9 hodnoty objedn\u00e1vky se od nich upou\u0161t\u00ed. V\u00edce informac\u00ed o v\u00fd\u0161i n\u00e1klad\u016f na dopravu a prahov\u00e9 hodnot\u011b najdete v nab\u00eddk\u00e1ch. Zhotovitel op\u011btovn\u011b informuje z\u00e1kazn\u00edka o cen\u00e1ch, dan\u00edch a p\u0159epravn\u00edch n\u00e1kladech v p\u0159ehledu objedn\u00e1vky p\u0159ed jej\u00edm dokon\u010den\u00edm. P\u0159\u00edslu\u0161n\u00e1 da\u0148 z prodeje je zahrnuta v p\u0159epravn\u00edch n\u00e1kladech.<\/p><p>P\u0159i platb\u011b na dob\u00edrku je t\u0159eba uhradit tak\u00e9 poplatek za dob\u00edrku (poplatek za slu\u017ebu inkasa fakturovan\u00fdch n\u00e1klad\u016f a n\u00e1sledn\u00e9 p\u0159ed\u00e1n\u00ed pen\u011bz p\u0159\u00edmo prod\u00e1vaj\u00edc\u00edmu). Z\u00e1kazn\u00edkovi nebude \u00fa\u010dtov\u00e1n poplatek, ale mus\u00ed jej zaplatit p\u0159\u00edmo doru\u010dovateli.<\/p><p><strong>Dodac\u00ed podm\u00ednky<\/strong><\/p><p>Nen\u00ed-li dohodnuto jinak, dod\u00e1v\u00e1 se na adresu uvedenou z\u00e1kazn\u00edkem. Dod\u00e1v\u00e1me tak\u00e9 do balic\u00edch stanic a sb\u011brn\u00fdch stanic na\u0161ich partner\u016f.<\/p><p>Nebezpe\u010d\u00ed ztr\u00e1ty nebo po\u0161kozen\u00ed zbo\u017e\u00ed p\u0159ech\u00e1z\u00ed na spot\u0159ebitele (pouze) v okam\u017eiku, kdy spot\u0159ebitel nebo j\u00edm pov\u011b\u0159en\u00e1 t\u0159et\u00ed osoba (kter\u00e1 nen\u00ed dopravcem) p\u0159evezme zbo\u017e\u00ed.<\/p><p>Odhadovan\u00e1 doba dod\u00e1n\u00ed je uvedena p\u0159\u00edmo v n\u00e1kupn\u00edm ko\u0161\u00edku. V p\u0159\u00edpad\u011b platby p\u0159edem za\u010d\u00edn\u00e1 dodac\u00ed lh\u016fta b\u011b\u017eet jeden den po obdr\u017een\u00ed \u010d\u00e1stky na bankovn\u00ed \u00fa\u010det spole\u010dnosti ALOE BASE GmbH. V p\u0159\u00edpad\u011b platby na dob\u00edrku nebo n\u00e1kupu na \u00fa\u010det za\u010d\u00edn\u00e1 dodac\u00ed lh\u016fta b\u011b\u017eet jeden den po dni uzav\u0159en\u00ed smlouvy. V ostatn\u00edch p\u0159\u00edpadech za\u010d\u00edn\u00e1 dodac\u00ed lh\u016fta b\u011b\u017eet jeden den po p\u0159ijet\u00ed objedn\u00e1vky.<\/p><p>Spole\u010dnost ALOE BASE GmbH nenese \u017e\u00e1dnou odpov\u011bdnost v p\u0159\u00edpad\u011b p\u0159ek\u00e1\u017eek v dod\u00e1vk\u00e1ch na stran\u011b dodavatel\u016f nebo v\u00fdrobc\u016f. Pokud se dod\u00e1n\u00ed nebo dodr\u017een\u00ed dohodnut\u00e9 dodac\u00ed lh\u016fty stane nemo\u017en\u00fdm v d\u016fsledku okolnost\u00ed, za kter\u00e9 spole\u010dnost ALOE BASE GmbH neodpov\u00edd\u00e1, je spole\u010dnost ALOE BASE GmbH opr\u00e1vn\u011bna od smlouvy zcela nebo z\u010d\u00e1sti odstoupit. Spole\u010dnost ALOE BASE GmbH o tom z\u00e1kazn\u00edka neprodlen\u011b informuje. N\u00e1roky na n\u00e1hradu \u0161kody jsou v tomto p\u0159\u00edpad\u011b vylou\u010deny, pokud se neprok\u00e1\u017ee zavin\u011bn\u00ed spole\u010dnosti ALOE BASE GmbH. Z\u00e1kazn\u00edk bude p\u0159ed zah\u00e1jen\u00edm procesu objedn\u00e1vky informov\u00e1n o v\u0161ech existuj\u00edc\u00edch omezen\u00edch doru\u010den\u00ed.<\/p><p><strong>Splatnost a v\u00fdhrada vlastnictv\u00ed<\/strong><\/p><p>Pohled\u00e1vky dodavatele jsou splatn\u00e9 po vystaven\u00ed faktury, nejd\u0159\u00edve v\u0161ak po p\u0159evzet\u00ed zbo\u017e\u00ed. Pokud nebudou pohled\u00e1vky uhrazeny do \u010dtrn\u00e1cti dn\u016f, bude zhotovitel \u00fa\u010dtovat z\u00e1konn\u00fd \u00farok z prodlen\u00ed ve v\u00fd\u0161i 4 % ro\u010dn\u011b ode dne splatnosti. Pokud je z\u00e1kazn\u00edk podnikatelem, v\u00fd\u0161e \u00faroku z prodlen\u00ed se stanov\u00ed podle \u00a7 456 UGB.<\/p><p>Ve\u0161ker\u00e9 zbo\u017e\u00ed dodan\u00e9 zhotovitelem z\u016fst\u00e1v\u00e1 majetkem zhotovitele a\u017e do \u00fapln\u00e9ho zaplacen\u00ed. Prodej zbo\u017e\u00ed t\u0159et\u00ed stran\u011b z\u00e1kazn\u00edkem p\u0159ed jeho \u00fapln\u00fdm zaplacen\u00edm vy\u017eaduje p\u0159edchoz\u00ed souhlas dodavatele.<\/p><p>Pokud z\u00e1kazn\u00edk nep\u0159evezme zbo\u017e\u00ed v souladu s dohodou (prodlen\u00ed s p\u0159evzet\u00edm), je zhotovitel opr\u00e1vn\u011bn bu\u010f zbo\u017e\u00ed uskladnit, za co\u017e m\u016f\u017ee b\u00fdt \u00fa\u010dtov\u00e1n poplatek za uskladn\u011bn\u00ed ve v\u00fd\u0161i 0,1 % z hrub\u00e9 fakturovan\u00e9 \u010d\u00e1stky za kalend\u00e1\u0159n\u00ed rok nebo jeho \u010d\u00e1st, nebo zbo\u017e\u00ed ulo\u017eit u soudu na n\u00e1klady a riziko z\u00e1kazn\u00edka.<\/p><p><strong>Platebn\u00ed podm\u00ednky<\/strong><\/p><p>Spole\u010dnost ALOE BASE GmbH p\u0159ij\u00edm\u00e1 platebn\u00ed metody uveden\u00e9 v internetov\u00e9m obchod\u011b.<\/p><p><a><strong>Z\u00e1ruka<\/strong><\/a><\/p><p>Nen\u00ed-li stanoveno jinak, pou\u017eij\u00ed se obecn\u00e1 z\u00e1konn\u00e1 ustanoven\u00ed.<\/p><p>Pokud je zbo\u017e\u00ed dod\u00e1no se zjevn\u00fdm po\u0161kozen\u00edm p\u0159i p\u0159eprav\u011b, je z\u00e1kazn\u00edk povinen tyto vady neprodlen\u011b reklamovat u dodavatele a neprodlen\u011b kontaktovat dodavatele. Neuplatn\u011bn\u00ed reklamace nebo nekontaktov\u00e1n\u00ed n\u00e1s nem\u00e1 \u017e\u00e1dn\u00e9 d\u016fsledky pro z\u00e1konn\u00e9 z\u00e1ru\u010dn\u00ed n\u00e1roky spot\u0159ebitel\u016f a slou\u017e\u00ed pouze jako pomoc dodavateli p\u0159i uplatn\u011bn\u00ed jeho n\u00e1rok\u016f v\u016f\u010di spole\u010dnosti pov\u011b\u0159en\u00e9 dod\u00e1n\u00edm zbo\u017e\u00ed nebo poji\u0161\u0165ovn\u011b.<\/p><p>Pokud existuje z\u00e1ruka v\u00fdrobce, mus\u00ed z\u00e1kazn\u00edk uplatnit n\u00e1roky z n\u00ed vypl\u00fdvaj\u00edc\u00ed p\u0159\u00edmo u v\u00fdrobce. Je-li z\u00e1kazn\u00edk spot\u0159ebitelem, mus\u00ed b\u00fdt o t\u00e9to z\u00e1ruce informov\u00e1n p\u00edsemn\u011b nebo na jin\u00e9m trval\u00e9m nosi\u010di, kter\u00fd je mu k dispozici (nap\u0159. e-mailem).<br \/><strong>Odpov\u011bdnost spole\u010dnosti ALOE BASE GmbH v r\u00e1mci z\u00e1ruky v\u00fdrobce je vylou\u010dena. <\/strong>Z\u00e1ru\u010dn\u00ed povinnosti spole\u010dnosti ALOE BASE GmbH v\u0161ak nejsou omezeny z\u00e1rukou v\u00fdrobce.<\/p><p>Zhotovitel neposkytuje \u017e\u00e1dnou z\u00e1ruku, \u017ee fotografie zve\u0159ejn\u011bn\u00e9 v internetov\u00e9m obchod\u011b jsou toto\u017en\u00e9 se skute\u010dn\u011b dodan\u00fdm zbo\u017e\u00edm.<\/p><p><strong>Odm\u00edtnut\u00ed odpov\u011bdnosti<\/strong><\/p><p>N\u00e1roky z\u00e1kazn\u00edka na n\u00e1hradu \u0161kody v\u016f\u010di spole\u010dnosti ALOE BASE GmbH jsou vylou\u010deny, pokud spole\u010dnost ALOE BASE GmbH nebo jej\u00ed z\u00e1stupci nejednali \u00famysln\u011b nebo z hrub\u00e9 nedbalosti.<\/p><p>Odpov\u011bdnost je omezena na v\u00fd\u0161i \u0161kody, kterou lze obvykle p\u0159edv\u00eddat v dob\u011b uzav\u0159en\u00ed smlouvy.<\/p><p>Zhotovitel neodpov\u00edd\u00e1 za u\u0161l\u00fd zisk v\u016f\u010di spole\u010dnostem.<\/p><p>Zhotovitel neodpov\u00edd\u00e1 za to, \u017ee nem\u016f\u017ee splnit sv\u00e9 povinnosti vypl\u00fdvaj\u00edc\u00ed ze smluvn\u00edho vztahu v d\u016fsledku okolnost\u00ed, za kter\u00e9 neodpov\u00edd\u00e1 on s\u00e1m nebo jeho z\u00e1stupce. To se t\u00fdk\u00e1 mimo jin\u00e9 nedostupnosti energi\u00ed nebo telekomunika\u010dn\u00edch slu\u017eeb a vy\u0161\u0161\u00ed moci.<\/p><p><strong>Povinnosti kupuj\u00edc\u00edho<\/strong><\/p><p>Kupuj\u00edc\u00ed se zavazuje pou\u017e\u00edvat zbo\u017e\u00ed na vlastn\u00ed odpov\u011bdnost, zejm\u00e9na rostlinu aloe vera, \u010d\u00e1sti rostliny nebo p\u0159\u00edpravky z nich, p\u0159ed konzumac\u00ed si vy\u017e\u00e1dat v\u00fdslovnou l\u00e9ka\u0159skou radu a dodr\u017eovat varov\u00e1n\u00ed t\u00fdkaj\u00edc\u00ed se rizikov\u00fdch slo\u017eek, jako je aloin, a p\u0159ed pou\u017eit\u00edm zbo\u017e\u00ed tuto radu dodr\u017eovat. Kupuj\u00edc\u00ed je povinen dodr\u017eovat doporu\u010denou denn\u00ed d\u00e1vku p\u0159\u00edpravku p\u0159i po\u017eit\u00ed. Prod\u00e1vaj\u00edc\u00ed neodpov\u00edd\u00e1 za \u0161kody, kter\u00e9 kupuj\u00edc\u00edmu vzniknou nespr\u00e1vn\u00fdm pou\u017e\u00edv\u00e1n\u00edm zbo\u017e\u00ed.<\/p><p><strong>Ochrana \u00fadaj\u016f<\/strong><\/p><p>Ustanoven\u00ed o ochran\u011b osobn\u00edch \u00fadaj\u016f jsou uvedena na internetov\u00fdch str\u00e1nk\u00e1ch spole\u010dnosti Aloe Base GmbH.<\/p><p>Zhotovitel upozor\u0148uje na skute\u010dnost, \u017ee \u00fadaje z\u00e1kazn\u00edka mohou b\u00fdt zpracov\u00e1v\u00e1ny pro reklamn\u00ed \u00fa\u010dely na z\u00e1klad\u011b opr\u00e1vn\u011bn\u00fdch z\u00e1jm\u016f (\u010dl. 6 odst. 1 p\u00edsm. f) DSGVO). <strong>Z\u00e1kazn\u00edk m\u016f\u017ee kdykoli vzn\u00e9st n\u00e1mitku proti t\u00e9to form\u011bto zpracov\u00e1n\u00ed \u00fadaj\u016f (\u010dl. 21 odst. 2 GDPR).<\/strong><\/p><p><strong>Zm\u011bna v\u0161eobecn\u00fdch obchodn\u00edch podm\u00ednek \/ V\u00fdhrada pr\u00e1va na zm\u011bnu<\/strong><\/p><p>Jsme opr\u00e1vn\u011bni jednostrann\u011b zm\u011bnit tyto V\u0161eobecn\u00e9 obchodn\u00ed podm\u00ednky, pokud je to nezbytn\u00e9 k odstran\u011bn\u00ed p\u0159\u00edpadn\u00fdch n\u00e1sledn\u011b vznikl\u00fdch poruch rovnocennosti nebo k p\u0159izp\u016fsoben\u00ed se zm\u011bn\u00e1m pr\u00e1vn\u00edch nebo technick\u00fdch r\u00e1mcov\u00fdch podm\u00ednek. O ka\u017ed\u00e9 zm\u011bn\u011b budeme z\u00e1kazn\u00edka informovat s uveden\u00edm obsahu zm\u011bn\u011bn\u00fdch ustanoven\u00ed na jeho posledn\u00ed zn\u00e1mou e-mailovou adresu. Zm\u011bna se stane sou\u010d\u00e1st\u00ed smlouvy, pokud z\u00e1kazn\u00edk do \u0161esti t\u00fddn\u016f od obdr\u017een\u00ed ozn\u00e1men\u00ed o zm\u011bn\u011b nevznese p\u00edsemn\u011b nebo v textov\u00e9 podob\u011b n\u00e1mitku proti jej\u00edmu zahrnut\u00ed do smluvn\u00edho vztahu. Takov\u00e1 n\u00e1sledn\u00e1 zm\u011bna nem\u016f\u017ee b\u00fdt pro z\u00e1kazn\u00edka nev\u00fdhodn\u00e1.<\/p><p><strong>Zn\u011bn\u00ed smlouvy<\/strong><\/p><p>Jazykem pro uzav\u0159en\u00ed smlouvy je n\u011bm\u010dina.<\/p><p><strong>Rozhodn\u00e9 pr\u00e1vo a soudn\u00ed p\u0159\u00edslu\u0161nost<\/strong><\/p><p>Tento smluvn\u00ed vztah se \u0159\u00edd\u00ed a vykl\u00e1d\u00e1 v souladu s rakousk\u00fdm pr\u00e1vem. Tato volba pr\u00e1va v\u0161ak nesm\u00ed v\u00e9st k tomu, \u017ee spot\u0159ebitel bude zbaven ochrany, kterou mu poskytuj\u00ed z\u00e1vazn\u00e9 p\u0159edpisy zem\u011b jeho bydli\u0161t\u011b (viz \u010dl. 6 odst. 2 na\u0159\u00edzen\u00ed \u0158\u00edm I). Pou\u017eit\u00ed \u00damluvy OSN o smlouv\u00e1ch o mezin\u00e1rodn\u00ed koupi zbo\u017e\u00ed (\u00damluva OSN o prodeji) a referen\u010dn\u00edch norem je vylou\u010deno.<\/p><p>V\u00fdlu\u010dnou soudn\u00ed p\u0159\u00edslu\u0161nost\u00ed je V\u00edde\u0148. Pokud je z\u00e1kazn\u00edk spot\u0159ebitelem a m\u00e1 bydli\u0161t\u011b nebo obvykl\u00e9 bydli\u0161t\u011b v Rakousku nebo je v Rakousku zam\u011bstn\u00e1n, m\u016f\u017ee b\u00fdt odchyln\u011b od toho \u017ealov\u00e1n pouze u t\u011bch soud\u016f, v jejich\u017e obvodu se nach\u00e1z\u00ed jeho bydli\u0161t\u011b, obvykl\u00e9 bydli\u0161t\u011b nebo m\u00edsto zam\u011bstn\u00e1n\u00ed.<\/p><p><strong>Rozhod\u010d\u00ed komise a online \u0159e\u0161en\u00ed spor\u016f<\/strong><\/p><p>V p\u0159\u00edpad\u011b spor\u016f existuje mo\u017enost, \u017ee se z\u00fa\u010dastn\u00edme rozhod\u010d\u00edho \u0159\u00edzen\u00ed internetov\u00e9ho ombudsmana: <a href=\"https:\/\/ombudsmann.at\/\">https:\/\/ombudsmann.at\/<\/a>.<br \/><br \/>V p\u0159\u00edpad\u011b probl\u00e9m\u016f m\u016f\u017eete podat st\u00ed\u017enost prost\u0159ednictv\u00edm t\u00e9to platformy a nechat ji vy\u0159\u00eddit nez\u00e1visl\u00fdm org\u00e1nem pro \u0159e\u0161en\u00ed spor\u016f: <a href=\"https:\/\/ec.europa.eu\/consumers\/odr\">https:\/\/ec.europa.eu\/consumers\/odr<\/a>.<br \/><br \/>Na\u0161e e-mailov\u00e1 adresa: <a href=\"mailto:contact@aloebase.com\">contact@aloebase.com<\/a><\/p>\t\t\t\t\t\t\t\t<\/div>\n\t\t\t\t<\/div>\n\t\t\t\t\t<\/div>\n\t\t<\/div>\n\t\t\t\t\t<\/div>\n\t\t<\/section>\n\t\t\t\t<\/div>","protected":false},"excerpt":{"rendered":"<p>ALOE BASE GmbHAlserbachstra\u00dfe 5\/29, 1090 V\u00edde\u0148E-mail: order@aloebase.co +43 699 16051909 AT902011184513096200, Erste Bank der \u00f6sterreichischen Sparkassen AG (d\u00e1le jen &#8222;dodavatel&#8220; nebo ALOE BASE GmbH) se specializuje na obchod a poskytov\u00e1n\u00ed slu\u017eeb s aloe vera a na logistick\u00e9 zpracov\u00e1n\u00ed v oblasti elektronick\u00e9ho obchodu. V\u0161eobecn\u00e9 obchodn\u00ed podm\u00ednky (d\u00e1le jen &#8222;VOP&#8220;) se t\u00fdkaj\u00ed obchodov\u00e1n\u00ed prost\u0159ednictv\u00edm internetov\u00e9ho obchodu na [&hellip;]<\/p>\n","protected":false},"author":1,"featured_media":0,"parent":0,"menu_order":0,"comment_status":"closed","ping_status":"closed","template":"","meta":{"_seopress_robots_primary_cat":"","_seopress_titles_title":"","_seopress_titles_desc":"","_seopress_robots_index":"","footnotes":""},"class_list":["post-6157","page","type-page","status-publish","hentry"],"_links":{"self":[{"href":"https:\/\/www.aloebase.com\/en\/wp-json\/wp\/v2\/pages\/6157","targetHints":{"allow":["GET"]}}],"collection":[{"href":"https:\/\/www.aloebase.com\/en\/wp-json\/wp\/v2\/pages"}],"about":[{"href":"https:\/\/www.aloebase.com\/en\/wp-json\/wp\/v2\/types\/page"}],"author":[{"embeddable":true,"href":"https:\/\/www.aloebase.com\/en\/wp-json\/wp\/v2\/users\/1"}],"replies":[{"embeddable":true,"href":"https:\/\/www.aloebase.com\/en\/wp-json\/wp\/v2\/comments?post=6157"}],"version-history":[{"count":3,"href":"https:\/\/www.aloebase.com\/en\/wp-json\/wp\/v2\/pages\/6157\/revisions"}],"predecessor-version":[{"id":8607,"href":"https:\/\/www.aloebase.com\/en\/wp-json\/wp\/v2\/pages\/6157\/revisions\/8607"}],"wp:attachment":[{"href":"https:\/\/www.aloebase.com\/en\/wp-json\/wp\/v2\/media?parent=6157"}],"curies":[{"name":"wp","href":"https:\/\/api.w.org\/{rel}","templated":true}]}}