{"id":9177,"date":"2026-03-18T13:57:21","date_gmt":"2026-03-18T12:57:21","guid":{"rendered":"https:\/\/www.aloebase.com\/?post_type=product&#038;p=9177"},"modified":"2026-05-04T13:55:37","modified_gmt":"2026-05-04T11:55:37","slug":"extra-virgin-olive-oil","status":"publish","type":"product","link":"https:\/\/www.aloebase.com\/en\/product\/extra-virgin-olive-oil\/","title":{"rendered":"Extra Virgin Olive Oil"},"content":{"rendered":"<p data-start=\"79\" data-end=\"163\">Premium Bio-Oliven\u00f6l aus Griechenland<\/p>\n<p data-start=\"165\" data-end=\"435\">Fr\u00fch geerntete Koroneiki-Oliven aus dem Peloponnes, schonend kalt gepresst f\u00fcr intensiven Geschmack und h\u00f6chste Qualit\u00e4t. Mit 1050 mg\/kg Polyphenolen geh\u00f6rt dieses Oliven\u00f6l zur Kategorie der High Phenolic Olive Oils und ist besonders reich an nat\u00fcrlichen Antioxidantien.<\/p>\n<p data-start=\"437\" data-end=\"520\">Geschmack: Fruchtig, leicht zitronig, mit feinen Kr\u00e4uternoten und elegantem Abgang.<\/p>\n<p data-start=\"522\" data-end=\"629\">Qualit\u00e4t: Erste Kaltpressung, handgeerntet, Bio-Anbau aus Griechenland, hoher nat\u00fcrlicher Polyphenolgehalt.<\/p>\n<p data-start=\"631\" data-end=\"702\">Ideal f\u00fcr Salate, Gem\u00fcse, Fisch, Antipasti und eine bewusste Ern\u00e4hrung.<\/p>\n<p data-start=\"704\" data-end=\"851\" data-is-last-node=\"\" data-is-only-node=\"\">Polyphenole tragen zum Schutz der Zellen vor oxidativem Stress bei und machen dieses \u00d6l zu einem wertvollen Bestandteil der mediterranen Ern\u00e4hrung.<\/p>","protected":false},"excerpt":{"rendered":"<p>Premium Bio Oliven\u00f6l aus Koroneiki Oliven, fr\u00fch geerntet, kalt gepresst und reich an Polyphenolen f\u00fcr h\u00f6chste Qualit\u00e4t.<\/p>","protected":false},"featured_media":9514,"template":"","meta":{"_seopress_robots_primary_cat":"none","_seopress_titles_title":"","_seopress_titles_desc":"","_seopress_robots_index":""},"product_brand":[],"product_cat":[122],"product_tag":[],"class_list":{"0":"post-9177","1":"product","2":"type-product","3":"status-publish","4":"has-post-thumbnail","6":"product_cat-superfood","8":"first","9":"instock","10":"taxable","11":"shipping-taxable","12":"purchasable","13":"product-type-variable"},"_links":{"self":[{"href":"https:\/\/www.aloebase.com\/en\/wp-json\/wp\/v2\/product\/9177","targetHints":{"allow":["GET"]}}],"collection":[{"href":"https:\/\/www.aloebase.com\/en\/wp-json\/wp\/v2\/product"}],"about":[{"href":"https:\/\/www.aloebase.com\/en\/wp-json\/wp\/v2\/types\/product"}],"version-history":[{"count":3,"href":"https:\/\/www.aloebase.com\/en\/wp-json\/wp\/v2\/product\/9177\/revisions"}],"predecessor-version":[{"id":9388,"href":"https:\/\/www.aloebase.com\/en\/wp-json\/wp\/v2\/product\/9177\/revisions\/9388"}],"wp:featuredmedia":[{"embeddable":true,"href":"https:\/\/www.aloebase.com\/en\/wp-json\/wp\/v2\/media\/9514"}],"wp:attachment":[{"href":"https:\/\/www.aloebase.com\/en\/wp-json\/wp\/v2\/media?parent=9177"}],"wp:term":[{"taxonomy":"product_brand","embeddable":true,"href":"https:\/\/www.aloebase.com\/en\/wp-json\/wp\/v2\/product_brand?post=9177"},{"taxonomy":"product_cat","embeddable":true,"href":"https:\/\/www.aloebase.com\/en\/wp-json\/wp\/v2\/product_cat?post=9177"},{"taxonomy":"product_tag","embeddable":true,"href":"https:\/\/www.aloebase.com\/en\/wp-json\/wp\/v2\/product_tag?post=9177"}],"curies":[{"name":"wp","href":"https:\/\/api.w.org\/{rel}","templated":true}]}}