{"id":9195,"date":"2026-03-18T15:19:41","date_gmt":"2026-03-18T14:19:41","guid":{"rendered":"https:\/\/www.aloebase.com\/?post_type=product&#038;p=9195"},"modified":"2026-05-04T13:11:23","modified_gmt":"2026-05-04T11:11:23","slug":"aloe-frischblaetter-5kg","status":"publish","type":"product","link":"https:\/\/www.aloebase.com\/en\/product\/aloe-frischblaetter-5kg\/","title":{"rendered":"Aloe vera fresh leaves 5KG"},"content":{"rendered":"<p><strong>5 Kilogramm Aloe Vera Bl\u00e4tter<\/strong><\/p>\n<p data-start=\"93\" data-end=\"373\">Unser K\u00f6rper ist sehr wertvoll. Deshalb sollten wir m\u00f6glichst immer auf die beste Qualit\u00e4t beim Essen und bei Pflegeprodukten achten. Es ist eine Investition in uns selbst \u2013 und das sollten wir uns wert sein. Nach genau diesen Kriterien haben wir unsere Aloe-Vera-Zucht aufgebaut.<\/p>\n<p data-start=\"375\" data-end=\"596\">Unsere hochwertigen Aloe-Vera-Bl\u00e4tter werden w\u00f6chentlich direkt von unserer eigenen Bio-Aloe-Vera-Plantage in Griechenland nach \u00d6sterreich geliefert. So haben Sie die Gewissheit, immer topfrische Bl\u00e4tter kaufen zu k\u00f6nnen.<\/p>\n<p data-start=\"598\" data-end=\"754\">Ein sehr hoher Acemannan-Anteil zeichnet unsere Produkte aus.<\/p>\n<p data-start=\"756\" data-end=\"1171\">\u00dcber 160 Wirkstoffe sind in der Aloe Vera nachgewiesen. Zum einen wird sie als Nahrungserg\u00e4nzung zur Regeneration des menschlichen Organismus eingesetzt. Zum anderen regt der reine Aloe-Vera-Saft \u2013 pur oder in Kosmetikprodukten \u2013 die nat\u00fcrliche Zellerneuerung, den Stoffwechsel und die Kapillardurchblutung der Haut an. So wirkt die Pflanze sowohl von innen als auch von au\u00dfen pflegend, sch\u00fctzend und regenerierend.<\/p>\n<p data-start=\"1173\" data-end=\"1413\">Mit ihren beruhigenden, heilenden und feuchtigkeitsspendenden Eigenschaften und einer beeindruckenden Palette von Anwendungen ist das Aloe-Vera-Blatt weit mehr als nur eine Pflanze \u2013 es ist ein Symbol f\u00fcr nat\u00fcrliche Pflege und Wohlbefinden.<\/p>\n<p data-start=\"1415\" data-end=\"1443\"><strong data-start=\"1415\" data-end=\"1443\">Wirkungen der Aloe Vera:<\/strong><\/p>\n<ul data-start=\"1445\" data-end=\"1715\">\n<li data-section-id=\"h2xuzd\" data-start=\"1445\" data-end=\"1469\">\n<p data-start=\"1447\" data-end=\"1469\">Wound healing effect<\/p>\n<\/li>\n<li data-section-id=\"147g69c\" data-start=\"1470\" data-end=\"1488\">\n<p data-start=\"1472\" data-end=\"1488\">Radiation protection<\/p>\n<\/li>\n<li data-section-id=\"1dqymo8\" data-start=\"1489\" data-end=\"1520\">\n<p data-start=\"1491\" data-end=\"1520\">Anti-inflammatory effect<\/p>\n<\/li>\n<li data-section-id=\"nbvzb\" data-start=\"1521\" data-end=\"1546\">\n<p data-start=\"1523\" data-end=\"1546\">Antiseptic effect<\/p>\n<\/li>\n<li data-section-id=\"1wnq83a\" data-start=\"1547\" data-end=\"1615\">\n<p data-start=\"1549\" data-end=\"1615\">Positive influence on the immune system &amp; binding of free radicals<\/p>\n<\/li>\n<li data-section-id=\"xtqywo\" data-start=\"1616\" data-end=\"1640\">\n<p data-start=\"1618\" data-end=\"1640\">Antitumor effect<\/p>\n<\/li>\n<li data-section-id=\"1n1cce2\" data-start=\"1641\" data-end=\"1663\">\n<p data-start=\"1643\" data-end=\"1663\">Laxative effect<\/p>\n<\/li>\n<li data-section-id=\"1nohrjr\" data-start=\"1664\" data-end=\"1688\">\n<p data-start=\"1666\" data-end=\"1688\">Moisturizing effect<\/p>\n<\/li>\n<li data-section-id=\"w2wgb5\" data-start=\"1689\" data-end=\"1703\">\n<p data-start=\"1691\" data-end=\"1703\">Anti-aging<\/p>\n<\/li>\n<\/ul>","protected":false},"excerpt":{"rendered":"<p>5 kg frische Aloe Vera Bl\u00e4tter, naturbelassen, hochwertig und direkt aus Griechenland geliefert.<\/p>","protected":false},"featured_media":9492,"template":"","meta":{"_seopress_robots_primary_cat":"none","_seopress_titles_title":"","_seopress_titles_desc":"","_seopress_robots_index":""},"product_brand":[],"product_cat":[120],"product_tag":[116,71],"class_list":{"0":"post-9195","1":"product","2":"type-product","3":"status-publish","4":"has-post-thumbnail","6":"product_cat-aloe-frischblatt","7":"product_tag-aloe-vera","8":"product_tag-aloe-vera-blatt","10":"first","11":"instock","12":"taxable","13":"shipping-taxable","14":"purchasable","15":"product-type-simple"},"_links":{"self":[{"href":"https:\/\/www.aloebase.com\/en\/wp-json\/wp\/v2\/product\/9195","targetHints":{"allow":["GET"]}}],"collection":[{"href":"https:\/\/www.aloebase.com\/en\/wp-json\/wp\/v2\/product"}],"about":[{"href":"https:\/\/www.aloebase.com\/en\/wp-json\/wp\/v2\/types\/product"}],"version-history":[{"count":3,"href":"https:\/\/www.aloebase.com\/en\/wp-json\/wp\/v2\/product\/9195\/revisions"}],"predecessor-version":[{"id":9385,"href":"https:\/\/www.aloebase.com\/en\/wp-json\/wp\/v2\/product\/9195\/revisions\/9385"}],"wp:featuredmedia":[{"embeddable":true,"href":"https:\/\/www.aloebase.com\/en\/wp-json\/wp\/v2\/media\/9492"}],"wp:attachment":[{"href":"https:\/\/www.aloebase.com\/en\/wp-json\/wp\/v2\/media?parent=9195"}],"wp:term":[{"taxonomy":"product_brand","embeddable":true,"href":"https:\/\/www.aloebase.com\/en\/wp-json\/wp\/v2\/product_brand?post=9195"},{"taxonomy":"product_cat","embeddable":true,"href":"https:\/\/www.aloebase.com\/en\/wp-json\/wp\/v2\/product_cat?post=9195"},{"taxonomy":"product_tag","embeddable":true,"href":"https:\/\/www.aloebase.com\/en\/wp-json\/wp\/v2\/product_tag?post=9195"}],"curies":[{"name":"wp","href":"https:\/\/api.w.org\/{rel}","templated":true}]}}