{"id":9245,"date":"2026-03-19T11:49:17","date_gmt":"2026-03-19T10:49:17","guid":{"rendered":"https:\/\/www.aloebase.com\/?post_type=product&#038;p=9245"},"modified":"2026-05-04T13:34:01","modified_gmt":"2026-05-04T11:34:01","slug":"aloe-vera-glow-mask","status":"publish","type":"product","link":"https:\/\/www.aloebase.com\/en\/product\/aloe-vera-glow-mask\/","title":{"rendered":"Aloe Vera Glow Mask"},"content":{"rendered":"<div class=\"flex flex-col text-sm pb-25\">\n<section class=\"text-token-text-primary w-full focus:outline-none [--shadow-height:45px] has-data-writing-block:pointer-events-none has-data-writing-block:-mt-(--shadow-height) has-data-writing-block:pt-(--shadow-height) [&amp;:has([data-writing-block])&gt;*]:pointer-events-auto scroll-mt-[calc(var(--header-height)+min(200px,max(70px,20svh)))]\" dir=\"auto\" data-turn-id=\"request-69ba9f83-86ec-838b-99ef-8077f715f972-24\" data-testid=\"conversation-turn-78\" data-scroll-anchor=\"true\" data-turn=\"assistant\">\n<div class=\"text-base my-auto mx-auto pb-10 [--thread-content-margin:var(--thread-content-margin-xs,calc(var(--spacing)*4))] @w-sm\/main:[--thread-content-margin:var(--thread-content-margin-sm,calc(var(--spacing)*6))] @w-lg\/main:[--thread-content-margin:var(--thread-content-margin-lg,calc(var(--spacing)*16))] px-(--thread-content-margin)\">\n<div class=\"[--thread-content-max-width:40rem] @w-lg\/main:[--thread-content-max-width:48rem] mx-auto max-w-(--thread-content-max-width) flex-1 group\/turn-messages focus-visible:outline-hidden relative flex w-full min-w-0 flex-col agent-turn\">\n<div class=\"flex max-w-full flex-col gap-4 grow\">\n<div class=\"min-h-8 text-message relative flex w-full flex-col items-end gap-2 text-start break-words whitespace-normal outline-none keyboard-focused:focus-ring [.text-message+&amp;]:mt-1\" dir=\"auto\" tabindex=\"0\" data-message-author-role=\"assistant\" data-message-id=\"da6699b6-6d7d-4923-93b2-161714995707\" data-message-model-slug=\"gpt-5-3\" data-turn-start-message=\"true\">\n<div class=\"flex w-full flex-col gap-1 empty:hidden\">\n<div class=\"markdown prose dark:prose-invert w-full wrap-break-word light markdown-new-styling\">\n<p data-start=\"87\" data-end=\"345\">Die Mediterranean Aloe Glow Mask ist ein <strong>frisch zubereitetes<\/strong> Beauty-Ritual aus Aloe Vera Gel, Bio-Topfen und Bio-Honig. Die Kombination versorgt die Haut intensiv mit Feuchtigkeit, unterst\u00fctzt die Regeneration und sorgt f\u00fcr ein glattes, strahlendes Hautbild.<\/p>\n<p data-start=\"347\" data-end=\"593\">Aloe Vera spendet Feuchtigkeit und beruhigt, Honig pflegt und bindet Feuchtigkeit, w\u00e4hrend Bio-Topfen abgestorbene Hautzellen sanft l\u00f6st und die Hautstruktur verfeinert. Das Ergebnis ist sichtbar frische, revitalisierte Haut mit nat\u00fcrlichem Glow.<\/p>\n<p data-start=\"595\" data-end=\"744\"><strong data-start=\"595\" data-end=\"608\">Anwendung<\/strong><br data-start=\"608\" data-end=\"611\" \/>Gro\u00dfz\u00fcgig auf Gesicht, Hals und Dekollet\u00e9 auftragen, ca. 30 Minuten einwirken lassen und anschlie\u00dfend mit lauwarmem Wasser abwaschen.<\/p>\n<p data-start=\"746\" data-end=\"835\"><strong data-start=\"746\" data-end=\"759\">Ideal f\u00fcr<\/strong><br data-start=\"759\" data-end=\"762\" \/>trockene, m\u00fcde oder gestresste Haut sowie nat\u00fcrliche Spa-Rituale zuhause.<\/p>\n<p data-start=\"837\" data-end=\"893\"><strong data-start=\"837\" data-end=\"854\">Inhaltsstoffe<\/strong><br data-start=\"854\" data-end=\"857\" \/>Aloe Vera Gel, Bio-Topfen, Bio-Honig<\/p>\n<p data-start=\"916\" data-end=\"963\" data-is-last-node=\"\" data-is-only-node=\"\"><strong data-start=\"916\" data-end=\"927\">Hinweis<\/strong><br data-start=\"927\" data-end=\"930\" \/>Nur Abholung in Wien 1230<\/p>\n<p data-start=\"916\" data-end=\"963\" data-is-last-node=\"\" data-is-only-node=\"\">R. Waisenhorngasse 86\/2, Jeden Dienstag 17:00 &#8211; 19:00<\/p>\n<p data-start=\"916\" data-end=\"963\" data-is-last-node=\"\" data-is-only-node=\"\">oder\u00a0 Teesdorf m\u00f6glich.<\/p>\n<p data-start=\"43\" data-end=\"167\">Wr. Neust\u00e4dter Str. 43<br data-start=\"147\" data-end=\"150\" \/>A-2524 Teesdorf<\/p>\n<p data-start=\"169\" data-end=\"231\" data-is-last-node=\"\" data-is-only-node=\"\">Jeden Samstag von 08:00 bis 12:00 Uhr<br data-start=\"206\" data-end=\"209\" \/>oder nach Vereinbarung<\/p>\n<\/div>\n<\/div>\n<\/div>\n<\/div>\n<div class=\"z-0 flex min-h-[46px] justify-start\"><\/div>\n<div class=\"mt-3 w-full empty:hidden\">\n<div class=\"text-center\"><\/div>\n<\/div>\n<\/div>\n<\/div>\n<\/section>\n<\/div>\n<div class=\"pointer-events-none h-px w-px absolute bottom-0\" aria-hidden=\"true\" data-edge=\"true\"><\/div>\n","protected":false},"excerpt":{"rendered":"<p>Freshly prepared aloe glow mask made from aloe vera, organic peat and honey - for intensive moisture, gentle regeneration and radiantly smooth skin.<\/p>","protected":false},"featured_media":9248,"template":"","meta":{"_seopress_robots_primary_cat":"none","_seopress_titles_title":"","_seopress_titles_desc":"","_seopress_robots_index":""},"product_brand":[],"product_cat":[121,16],"product_tag":[],"class_list":{"0":"post-9245","1":"product","2":"type-product","3":"status-publish","4":"has-post-thumbnail","6":"product_cat-skin-and-beauty","7":"product_cat-unkategorisiert","8":"product_shipping_class-nur-abholung","10":"first","11":"instock","12":"taxable","13":"shipping-taxable","14":"purchasable","15":"product-type-simple"},"_links":{"self":[{"href":"https:\/\/www.aloebase.com\/en\/wp-json\/wp\/v2\/product\/9245","targetHints":{"allow":["GET"]}}],"collection":[{"href":"https:\/\/www.aloebase.com\/en\/wp-json\/wp\/v2\/product"}],"about":[{"href":"https:\/\/www.aloebase.com\/en\/wp-json\/wp\/v2\/types\/product"}],"version-history":[{"count":4,"href":"https:\/\/www.aloebase.com\/en\/wp-json\/wp\/v2\/product\/9245\/revisions"}],"predecessor-version":[{"id":9426,"href":"https:\/\/www.aloebase.com\/en\/wp-json\/wp\/v2\/product\/9245\/revisions\/9426"}],"wp:featuredmedia":[{"embeddable":true,"href":"https:\/\/www.aloebase.com\/en\/wp-json\/wp\/v2\/media\/9248"}],"wp:attachment":[{"href":"https:\/\/www.aloebase.com\/en\/wp-json\/wp\/v2\/media?parent=9245"}],"wp:term":[{"taxonomy":"product_brand","embeddable":true,"href":"https:\/\/www.aloebase.com\/en\/wp-json\/wp\/v2\/product_brand?post=9245"},{"taxonomy":"product_cat","embeddable":true,"href":"https:\/\/www.aloebase.com\/en\/wp-json\/wp\/v2\/product_cat?post=9245"},{"taxonomy":"product_tag","embeddable":true,"href":"https:\/\/www.aloebase.com\/en\/wp-json\/wp\/v2\/product_tag?post=9245"}],"curies":[{"name":"wp","href":"https:\/\/api.w.org\/{rel}","templated":true}]}}