{"id":9263,"date":"2026-03-19T12:18:40","date_gmt":"2026-03-19T11:18:40","guid":{"rendered":"https:\/\/www.aloebase.com\/?post_type=product&#038;p=9263"},"modified":"2026-05-04T13:36:08","modified_gmt":"2026-05-04T11:36:08","slug":"aloe-vera-haarmaske","status":"publish","type":"product","link":"https:\/\/www.aloebase.com\/en\/product\/aloe-vera-haarmaske\/","title":{"rendered":"Aloe vera hair mask"},"content":{"rendered":"<p data-start=\"147\" data-end=\"196\">Nat\u00fcrliche Pflege f\u00fcr kr\u00e4ftiges, gl\u00e4nzendes Haar.<\/p>\n<p data-start=\"198\" data-end=\"388\">Diese Haarpackung kombiniert frisches, reines Aloe Vera Gel mit Bio Oliven\u00f6l und Bio Eigelb. Die n\u00e4hrstoffreiche Mischung versorgt Haare und Kopfhaut intensiv mit Vitaminen und Feuchtigkeit.<\/p>\n<p data-start=\"390\" data-end=\"455\">Das Ergebnis: sichtbar ges\u00fcnderes, st\u00e4rkeres und gl\u00e4nzendes Haar.<\/p>\n<p data-start=\"457\" data-end=\"657\"><strong data-start=\"457\" data-end=\"470\">Application<\/strong><br data-start=\"470\" data-end=\"473\" \/>Vor der Anwendung Haare waschen.<br data-start=\"505\" data-end=\"508\" \/>Die Mischung gleichm\u00e4\u00dfig in Haare und Kopfhaut einmassieren.<br data-start=\"568\" data-end=\"571\" \/>30 Minuten einwirken lassen.<br data-start=\"599\" data-end=\"602\" \/>Anschlie\u00dfend mit lauwarmem Wasser gr\u00fcndlich auswaschen.<\/p>","protected":false},"excerpt":{"rendered":"<p>Nat\u00fcrliche Pflege f\u00fcr kr\u00e4ftiges, gl\u00e4nzendes Haar.<\/p>","protected":false},"featured_media":9500,"template":"","meta":{"_seopress_robots_primary_cat":"none","_seopress_titles_title":"","_seopress_titles_desc":"","_seopress_robots_index":""},"product_brand":[],"product_cat":[121],"product_tag":[],"class_list":{"0":"post-9263","1":"product","2":"type-product","3":"status-publish","4":"has-post-thumbnail","6":"product_cat-skin-and-beauty","7":"product_shipping_class-nur-abholung","9":"first","10":"instock","11":"taxable","12":"shipping-taxable","13":"purchasable","14":"product-type-simple"},"_links":{"self":[{"href":"https:\/\/www.aloebase.com\/en\/wp-json\/wp\/v2\/product\/9263","targetHints":{"allow":["GET"]}}],"collection":[{"href":"https:\/\/www.aloebase.com\/en\/wp-json\/wp\/v2\/product"}],"about":[{"href":"https:\/\/www.aloebase.com\/en\/wp-json\/wp\/v2\/types\/product"}],"version-history":[{"count":2,"href":"https:\/\/www.aloebase.com\/en\/wp-json\/wp\/v2\/product\/9263\/revisions"}],"predecessor-version":[{"id":9373,"href":"https:\/\/www.aloebase.com\/en\/wp-json\/wp\/v2\/product\/9263\/revisions\/9373"}],"wp:featuredmedia":[{"embeddable":true,"href":"https:\/\/www.aloebase.com\/en\/wp-json\/wp\/v2\/media\/9500"}],"wp:attachment":[{"href":"https:\/\/www.aloebase.com\/en\/wp-json\/wp\/v2\/media?parent=9263"}],"wp:term":[{"taxonomy":"product_brand","embeddable":true,"href":"https:\/\/www.aloebase.com\/en\/wp-json\/wp\/v2\/product_brand?post=9263"},{"taxonomy":"product_cat","embeddable":true,"href":"https:\/\/www.aloebase.com\/en\/wp-json\/wp\/v2\/product_cat?post=9263"},{"taxonomy":"product_tag","embeddable":true,"href":"https:\/\/www.aloebase.com\/en\/wp-json\/wp\/v2\/product_tag?post=9263"}],"curies":[{"name":"wp","href":"https:\/\/api.w.org\/{rel}","templated":true}]}}